{"id":29003,"date":"2022-08-09T18:28:11","date_gmt":"2022-08-09T16:28:11","guid":{"rendered":"https:\/\/afgassurancescomores.com\/?page_id=29003"},"modified":"2025-12-15T13:51:47","modified_gmt":"2025-12-15T10:51:47","slug":"assurance-auto-et-moto","status":"publish","type":"page","link":"https:\/\/afgassurancescomores.com\/en\/assurance-auto-et-moto\/","title":{"rendered":"Assurance Auto et Moto"},"content":{"rendered":"\t\t<div data-elementor-type=\"wp-page\" data-elementor-id=\"29003\" class=\"elementor elementor-29003\" data-elementor-post-type=\"page\">\n\t\t\t\t\t\t<section class=\"elementor-section elementor-top-section elementor-element elementor-element-1d0847f elementor-section-height-min-height elementor-section-items-stretch elementor-section-boxed elementor-section-height-default\" data-id=\"1d0847f\" data-element_type=\"section\" data-e-type=\"section\" data-settings=\"{&quot;background_background&quot;:&quot;classic&quot;}\">\n\t\t\t\t\t\t\t<div class=\"elementor-background-overlay\"><\/div>\n\t\t\t\t\t\t\t<div class=\"elementor-container elementor-column-gap-default\">\n\t\t\t\t\t<div class=\"elementor-column elementor-col-100 elementor-top-column elementor-element elementor-element-5f81047\" data-id=\"5f81047\" data-element_type=\"column\" data-e-type=\"column\">\n\t\t\t<div class=\"elementor-widget-wrap elementor-element-populated\">\n\t\t\t\t\t\t<div class=\"elementor-element elementor-element-c60a3e9 elementor-widget elementor-widget-heading\" data-id=\"c60a3e9\" data-element_type=\"widget\" data-e-type=\"widget\" data-widget_type=\"heading.default\">\n\t\t\t\t<div class=\"elementor-widget-container\">\n\t\t\t\t\t<h1 class=\"elementor-heading-title elementor-size-xxl\">Assurance Auto<\/h1>\t\t\t\t<\/div>\n\t\t\t\t<\/div>\n\t\t\t\t\t<\/div>\n\t\t<\/div>\n\t\t\t\t\t<\/div>\n\t\t<\/section>\n\t\t\t\t<section class=\"elementor-section elementor-top-section elementor-element elementor-element-9936c97 elementor-section-boxed elementor-section-height-default elementor-section-height-default\" data-id=\"9936c97\" data-element_type=\"section\" data-e-type=\"section\">\n\t\t\t\t\t\t<div class=\"elementor-container elementor-column-gap-default\">\n\t\t\t\t\t<div class=\"elementor-column elementor-col-100 elementor-top-column elementor-element elementor-element-970c1d3\" data-id=\"970c1d3\" data-element_type=\"column\" data-e-type=\"column\">\n\t\t\t<div class=\"elementor-widget-wrap elementor-element-populated\">\n\t\t\t\t\t\t<div class=\"elementor-element elementor-element-2a9b944 elementor-widget elementor-widget-spacer\" data-id=\"2a9b944\" data-element_type=\"widget\" data-e-type=\"widget\" data-widget_type=\"spacer.default\">\n\t\t\t\t<div class=\"elementor-widget-container\">\n\t\t\t\t\t\t\t<div class=\"elementor-spacer\">\n\t\t\t<div class=\"elementor-spacer-inner\"><\/div>\n\t\t<\/div>\n\t\t\t\t\t\t<\/div>\n\t\t\t\t<\/div>\n\t\t\t\t<div class=\"elementor-element elementor-element-21141f3 elementor-widget elementor-widget-heading\" data-id=\"21141f3\" data-element_type=\"widget\" data-e-type=\"widget\" data-widget_type=\"heading.default\">\n\t\t\t\t<div class=\"elementor-widget-container\">\n\t\t\t\t\t<h2 class=\"elementor-heading-title elementor-size-default\">Conduire en toute s\u00e9curit\u00e9<\/h2>\t\t\t\t<\/div>\n\t\t\t\t<\/div>\n\t\t\t\t<div class=\"elementor-element elementor-element-83d6ed1 elementor-widget elementor-widget-text-editor\" data-id=\"83d6ed1\" data-element_type=\"widget\" data-e-type=\"widget\" data-widget_type=\"text-editor.default\">\n\t\t\t\t<div class=\"elementor-widget-container\">\n\t\t\t\t\t\t\t\t\t<p style=\"text-align: justify;\">L&#8217; Assurance Auto de <span style=\"color: #225a90;\"><strong>AFG ASSURANCES COMORES<\/strong><\/span> vous prot\u00e8ge en cas d&#8217;accident routier, que vous soyez \u00e0 l&#8217;origine ou victime du sinistre. En fonction des garanties choisies, nous assurons la responsabilit\u00e9 civile en cas de dommage au tiers, les frais de r\u00e9paration de votre v\u00e9hicule en cas de dommage sur celui-ci et la prise en charge des frais m\u00e9dicaux en cas de dommage corporel pour les membres de la famille passagers.<\/p>\t\t\t\t\t\t\t\t<\/div>\n\t\t\t\t<\/div>\n\t\t\t\t\t<\/div>\n\t\t<\/div>\n\t\t\t\t\t<\/div>\n\t\t<\/section>\n\t\t\t\t<section class=\"elementor-section elementor-top-section elementor-element elementor-element-4df5dc9 elementor-section-boxed elementor-section-height-default elementor-section-height-default\" data-id=\"4df5dc9\" data-element_type=\"section\" data-e-type=\"section\">\n\t\t\t\t\t\t<div class=\"elementor-container elementor-column-gap-default\">\n\t\t\t\t\t<div class=\"elementor-column elementor-col-100 elementor-top-column elementor-element elementor-element-7ef02ef\" data-id=\"7ef02ef\" data-element_type=\"column\" data-e-type=\"column\">\n\t\t\t<div class=\"elementor-widget-wrap elementor-element-populated\">\n\t\t\t\t\t\t<div class=\"elementor-element elementor-element-027d9f7 elementor-widget elementor-widget-spacer\" data-id=\"027d9f7\" data-element_type=\"widget\" data-e-type=\"widget\" data-widget_type=\"spacer.default\">\n\t\t\t\t<div class=\"elementor-widget-container\">\n\t\t\t\t\t\t\t<div class=\"elementor-spacer\">\n\t\t\t<div class=\"elementor-spacer-inner\"><\/div>\n\t\t<\/div>\n\t\t\t\t\t\t<\/div>\n\t\t\t\t<\/div>\n\t\t\t\t\t<\/div>\n\t\t<\/div>\n\t\t\t\t\t<\/div>\n\t\t<\/section>\n\t\t\t\t<section class=\"elementor-section elementor-top-section elementor-element elementor-element-ffb7590 elementor-section-boxed elementor-section-height-default elementor-section-height-default\" data-id=\"ffb7590\" data-element_type=\"section\" data-e-type=\"section\">\n\t\t\t\t\t\t<div class=\"elementor-container elementor-column-gap-extended\">\n\t\t\t\t\t<div class=\"elementor-column elementor-col-33 elementor-top-column elementor-element elementor-element-04bd8d4\" data-id=\"04bd8d4\" data-element_type=\"column\" data-e-type=\"column\">\n\t\t\t<div class=\"elementor-widget-wrap elementor-element-populated\">\n\t\t\t\t\t\t<div class=\"elementor-element elementor-element-56ae35e elementor-widget elementor-widget-image\" data-id=\"56ae35e\" data-element_type=\"widget\" data-e-type=\"widget\" data-widget_type=\"image.default\">\n\t\t\t\t<div class=\"elementor-widget-container\">\n\t\t\t\t\t\t\t\t\t\t\t\t\t\t\t<img fetchpriority=\"high\" decoding=\"async\" width=\"879\" height=\"1024\" src=\"https:\/\/afgassurancescomores.com\/wp-content\/uploads\/2025\/12\/freepik__adjust__87023-879x1024.jpeg\" class=\"attachment-large size-large wp-image-32000\" alt=\"\" srcset=\"https:\/\/afgassurancescomores.com\/wp-content\/uploads\/2025\/12\/freepik__adjust__87023-879x1024.jpeg 879w, https:\/\/afgassurancescomores.com\/wp-content\/uploads\/2025\/12\/freepik__adjust__87023-258x300.jpeg 258w, https:\/\/afgassurancescomores.com\/wp-content\/uploads\/2025\/12\/freepik__adjust__87023-768x895.jpeg 768w, https:\/\/afgassurancescomores.com\/wp-content\/uploads\/2025\/12\/freepik__adjust__87023-1318x1536.jpeg 1318w, https:\/\/afgassurancescomores.com\/wp-content\/uploads\/2025\/12\/freepik__adjust__87023.jpeg 1333w\" sizes=\"(max-width: 879px) 100vw, 879px\" \/>\t\t\t\t\t\t\t\t\t\t\t\t\t\t\t<\/div>\n\t\t\t\t<\/div>\n\t\t\t\t\t<\/div>\n\t\t<\/div>\n\t\t\t\t<div class=\"elementor-column elementor-col-66 elementor-top-column elementor-element elementor-element-4415b5b\" data-id=\"4415b5b\" data-element_type=\"column\" data-e-type=\"column\">\n\t\t\t<div class=\"elementor-widget-wrap elementor-element-populated\">\n\t\t\t\t\t\t<div class=\"elementor-element elementor-element-4c90012 elementor-widget elementor-widget-text-editor\" data-id=\"4c90012\" data-element_type=\"widget\" data-e-type=\"widget\" data-widget_type=\"text-editor.default\">\n\t\t\t\t<div class=\"elementor-widget-container\">\n\t\t\t\t\t\t\t\t\t<h4><span style=\"color: #225a90;\"><strong>\u00c0 qui est destin\u00e9e cette offre d\u2019assurance ?<\/strong><\/span><\/h4><p>Tous les particuliers possesseurs d&#8217;un v\u00e9hicule et du permis de conduire adapt\u00e9 au v\u00e9hicule.<\/p><h4><strong><span style=\"color: #225a90;\">Quels sont les \u00e9v\u00e9nements couverts par cette offre d\u2019assurance ?<\/span><\/strong><\/h4><ul><li>Elle vous prot\u00e8ge en cas de dommages caus\u00e9s aux tiers dans le cadre de la \u00ab garantie obligatoire \u00bb<\/li><li>Elle vous prot\u00e8ge en cas de dommages caus\u00e9s au v\u00e9hicule assur\u00e9 dans le cadre d&#8217;une \u00ab garantie facultative \u00bb<\/li><\/ul><h4><strong><span style=\"color: #225a90;\">Quelle est l\u2019indemnisation en cas d\u2019engagement de la garantie ?<\/span><\/strong><\/h4><ul><li>Protection des personnes transport\u00e9es<\/li><li>Prise en charge des soins en cas de dommages corporels aux tiers<\/li><li>Prise en charge des dommages mat\u00e9riels<\/li><\/ul>\t\t\t\t\t\t\t\t<\/div>\n\t\t\t\t<\/div>\n\t\t\t\t<div class=\"elementor-element elementor-element-6bc7e7c elementor-position-inline-start elementor-view-stacked elementor-shape-square elementor-mobile-position-block-start elementor-widget elementor-widget-icon-box\" data-id=\"6bc7e7c\" data-element_type=\"widget\" data-e-type=\"widget\" data-widget_type=\"icon-box.default\">\n\t\t\t\t<div class=\"elementor-widget-container\">\n\t\t\t\t\t\t\t<div class=\"elementor-icon-box-wrapper\">\n\n\t\t\t\t\t\t<div class=\"elementor-icon-box-icon\">\n\t\t\t\t<a href=\"https:\/\/afgassurancescomores.com\/devis-auto-et-moto\/\" class=\"elementor-icon\" tabindex=\"-1\" aria-label=\"DEMANDER UN DEVIS\">\n\t\t\t\t<i aria-hidden=\"true\" class=\"fas fa-arrow-right\"><\/i>\t\t\t\t<\/a>\n\t\t\t<\/div>\n\t\t\t\n\t\t\t\t\t\t<div class=\"elementor-icon-box-content\">\n\n\t\t\t\t\t\t\t\t\t<div class=\"elementor-icon-box-title\">\n\t\t\t\t\t\t<a href=\"https:\/\/afgassurancescomores.com\/devis-auto-et-moto\/\" >\n\t\t\t\t\t\t\tDEMANDER UN DEVIS\t\t\t\t\t\t<\/a>\n\t\t\t\t\t<\/div>\n\t\t\t\t\n\t\t\t\t\n\t\t\t<\/div>\n\t\t\t\n\t\t<\/div>\n\t\t\t\t\t\t<\/div>\n\t\t\t\t<\/div>\n\t\t\t\t<div class=\"elementor-element elementor-element-15bc769 elementor-position-inline-start elementor-view-stacked elementor-shape-square elementor-mobile-position-block-start elementor-widget elementor-widget-icon-box\" data-id=\"15bc769\" data-element_type=\"widget\" data-e-type=\"widget\" data-widget_type=\"icon-box.default\">\n\t\t\t\t<div class=\"elementor-widget-container\">\n\t\t\t\t\t\t\t<div class=\"elementor-icon-box-wrapper\">\n\n\t\t\t\t\t\t<div class=\"elementor-icon-box-icon\">\n\t\t\t\t<a href=\"https:\/\/afgassurancescomores.com\/declarer-un-sinistre-auto\/\" class=\"elementor-icon\" tabindex=\"-1\" aria-label=\"D\u00c9CLARER UN SINISTRE\">\n\t\t\t\t<i aria-hidden=\"true\" class=\"fas fa-arrow-right\"><\/i>\t\t\t\t<\/a>\n\t\t\t<\/div>\n\t\t\t\n\t\t\t\t\t\t<div class=\"elementor-icon-box-content\">\n\n\t\t\t\t\t\t\t\t\t<div class=\"elementor-icon-box-title\">\n\t\t\t\t\t\t<a href=\"https:\/\/afgassurancescomores.com\/declarer-un-sinistre-auto\/\" >\n\t\t\t\t\t\t\tD\u00c9CLARER UN SINISTRE\t\t\t\t\t\t<\/a>\n\t\t\t\t\t<\/div>\n\t\t\t\t\n\t\t\t\t\n\t\t\t<\/div>\n\t\t\t\n\t\t<\/div>\n\t\t\t\t\t\t<\/div>\n\t\t\t\t<\/div>\n\t\t\t\t\t<\/div>\n\t\t<\/div>\n\t\t\t\t\t<\/div>\n\t\t<\/section>\n\t\t\t\t<section class=\"elementor-section elementor-top-section elementor-element elementor-element-4459322 elementor-section-boxed elementor-section-height-default elementor-section-height-default\" data-id=\"4459322\" data-element_type=\"section\" data-e-type=\"section\">\n\t\t\t\t\t\t<div class=\"elementor-container elementor-column-gap-default\">\n\t\t\t\t\t<div class=\"elementor-column elementor-col-100 elementor-top-column elementor-element elementor-element-09fa88e\" data-id=\"09fa88e\" data-element_type=\"column\" data-e-type=\"column\">\n\t\t\t<div class=\"elementor-widget-wrap elementor-element-populated\">\n\t\t\t\t\t\t<div class=\"elementor-element elementor-element-a0481fd elementor-widget elementor-widget-spacer\" data-id=\"a0481fd\" data-element_type=\"widget\" data-e-type=\"widget\" data-widget_type=\"spacer.default\">\n\t\t\t\t<div class=\"elementor-widget-container\">\n\t\t\t\t\t\t\t<div class=\"elementor-spacer\">\n\t\t\t<div class=\"elementor-spacer-inner\"><\/div>\n\t\t<\/div>\n\t\t\t\t\t\t<\/div>\n\t\t\t\t<\/div>\n\t\t\t\t\t<\/div>\n\t\t<\/div>\n\t\t\t\t\t<\/div>\n\t\t<\/section>\n\t\t\t\t<\/div>\n\t\t","protected":false},"excerpt":{"rendered":"<p>Assurance Auto Conduire en toute s\u00e9curit\u00e9 L&#8217; Assurance Auto de AFG ASSURANCES COMORES vous prot\u00e8ge en cas d&#8217;accident routier, que vous soyez \u00e0 l&#8217;origine ou victime du sinistre. En fonction des garanties choisies, nous assurons la responsabilit\u00e9 civile en cas de dommage au tiers, les frais de r\u00e9paration de votre v\u00e9hicule en cas de dommage [&hellip;]<\/p>\n","protected":false},"author":1,"featured_media":0,"parent":0,"menu_order":0,"comment_status":"closed","ping_status":"closed","template":"elementor_header_footer","meta":{"_acf_changed":false,"footnotes":""},"class_list":["post-29003","page","type-page","status-publish","hentry"],"acf":[],"_links":{"self":[{"href":"https:\/\/afgassurancescomores.com\/en\/wp-json\/wp\/v2\/pages\/29003","targetHints":{"allow":["GET"]}}],"collection":[{"href":"https:\/\/afgassurancescomores.com\/en\/wp-json\/wp\/v2\/pages"}],"about":[{"href":"https:\/\/afgassurancescomores.com\/en\/wp-json\/wp\/v2\/types\/page"}],"author":[{"embeddable":true,"href":"https:\/\/afgassurancescomores.com\/en\/wp-json\/wp\/v2\/users\/1"}],"replies":[{"embeddable":true,"href":"https:\/\/afgassurancescomores.com\/en\/wp-json\/wp\/v2\/comments?post=29003"}],"version-history":[{"count":88,"href":"https:\/\/afgassurancescomores.com\/en\/wp-json\/wp\/v2\/pages\/29003\/revisions"}],"predecessor-version":[{"id":32028,"href":"https:\/\/afgassurancescomores.com\/en\/wp-json\/wp\/v2\/pages\/29003\/revisions\/32028"}],"wp:attachment":[{"href":"https:\/\/afgassurancescomores.com\/en\/wp-json\/wp\/v2\/media?parent=29003"}],"curies":[{"name":"wp","href":"https:\/\/api.w.org\/{rel}","templated":true}]}}