{"id":29019,"date":"2022-08-09T20:35:59","date_gmt":"2022-08-09T18:35:59","guid":{"rendered":"https:\/\/afgassurancescomores.com\/?page_id=29019"},"modified":"2024-06-11T04:01:34","modified_gmt":"2024-06-11T01:01:34","slug":"nos-valeurs","status":"publish","type":"page","link":"https:\/\/afgassurancescomores.com\/en\/nos-valeurs\/","title":{"rendered":"Nos valeurs"},"content":{"rendered":"\t\t<div data-elementor-type=\"wp-page\" data-elementor-id=\"29019\" class=\"elementor elementor-29019\" data-elementor-post-type=\"page\">\n\t\t\t\t\t\t<section class=\"elementor-section elementor-top-section elementor-element elementor-element-ec54c27 elementor-section-height-min-height elementor-section-boxed elementor-section-height-default elementor-section-items-middle\" data-id=\"ec54c27\" data-element_type=\"section\" data-e-type=\"section\" data-settings=\"{&quot;background_background&quot;:&quot;classic&quot;}\">\n\t\t\t\t\t\t<div class=\"elementor-container elementor-column-gap-default\">\n\t\t\t\t\t<div class=\"elementor-column elementor-col-100 elementor-top-column elementor-element elementor-element-40d218a\" data-id=\"40d218a\" data-element_type=\"column\" data-e-type=\"column\">\n\t\t\t<div class=\"elementor-widget-wrap elementor-element-populated\">\n\t\t\t\t\t\t<div class=\"elementor-element elementor-element-ce62cac elementor-widget elementor-widget-heading\" data-id=\"ce62cac\" data-element_type=\"widget\" data-e-type=\"widget\" data-widget_type=\"heading.default\">\n\t\t\t\t<div class=\"elementor-widget-container\">\n\t\t\t\t\t<h1 class=\"elementor-heading-title elementor-size-xxl\">Nos valeurs<\/h1>\t\t\t\t<\/div>\n\t\t\t\t<\/div>\n\t\t\t\t\t<\/div>\n\t\t<\/div>\n\t\t\t\t\t<\/div>\n\t\t<\/section>\n\t\t\t\t<section class=\"elementor-section elementor-top-section elementor-element elementor-element-a9c3dcb elementor-section-boxed elementor-section-height-default elementor-section-height-default\" data-id=\"a9c3dcb\" data-element_type=\"section\" data-e-type=\"section\">\n\t\t\t\t\t\t<div class=\"elementor-container elementor-column-gap-default\">\n\t\t\t\t\t<div class=\"elementor-column elementor-col-100 elementor-top-column elementor-element elementor-element-7e54326\" data-id=\"7e54326\" data-element_type=\"column\" data-e-type=\"column\">\n\t\t\t<div class=\"elementor-widget-wrap elementor-element-populated\">\n\t\t\t\t\t\t\t<\/div>\n\t\t<\/div>\n\t\t\t\t\t<\/div>\n\t\t<\/section>\n\t\t\t\t<section class=\"elementor-section elementor-top-section elementor-element elementor-element-7c87b5a elementor-section-boxed elementor-section-height-default elementor-section-height-default\" data-id=\"7c87b5a\" data-element_type=\"section\" data-e-type=\"section\">\n\t\t\t\t\t\t<div class=\"elementor-container elementor-column-gap-default\">\n\t\t\t\t\t<div class=\"elementor-column elementor-col-50 elementor-top-column elementor-element elementor-element-c9887fe\" data-id=\"c9887fe\" data-element_type=\"column\" data-e-type=\"column\">\n\t\t\t<div class=\"elementor-widget-wrap elementor-element-populated\">\n\t\t\t\t\t\t<div class=\"elementor-element elementor-element-902f8a9 elementor-widget elementor-widget-image\" data-id=\"902f8a9\" data-element_type=\"widget\" data-e-type=\"widget\" data-widget_type=\"image.default\">\n\t\t\t\t<div class=\"elementor-widget-container\">\n\t\t\t\t\t\t\t\t\t\t\t\t\t\t\t<img fetchpriority=\"high\" decoding=\"async\" width=\"1024\" height=\"762\" src=\"https:\/\/afgassurancescomores.com\/wp-content\/uploads\/2024\/06\/LOGO-AFG-Assurances-e1715617777962-1536x1143-1.png\" class=\"attachment-large size-large wp-image-31837\" alt=\"\" \/>\t\t\t\t\t\t\t\t\t\t\t\t\t\t\t<\/div>\n\t\t\t\t<\/div>\n\t\t\t\t\t<\/div>\n\t\t<\/div>\n\t\t\t\t<div class=\"elementor-column elementor-col-50 elementor-top-column elementor-element elementor-element-0e8e157\" data-id=\"0e8e157\" data-element_type=\"column\" data-e-type=\"column\">\n\t\t\t<div class=\"elementor-widget-wrap elementor-element-populated\">\n\t\t\t\t\t\t<div class=\"elementor-element elementor-element-e3c70fd elementor-widget elementor-widget-heading\" data-id=\"e3c70fd\" data-element_type=\"widget\" data-e-type=\"widget\" data-widget_type=\"heading.default\">\n\t\t\t\t<div class=\"elementor-widget-container\">\n\t\t\t\t\t<h4 class=\"elementor-heading-title elementor-size-default\">Valeur 1<\/h4>\t\t\t\t<\/div>\n\t\t\t\t<\/div>\n\t\t\t\t<div class=\"elementor-element elementor-element-812ec20 elementor-widget elementor-widget-text-editor\" data-id=\"812ec20\" data-element_type=\"widget\" data-e-type=\"widget\" data-widget_type=\"text-editor.default\">\n\t\t\t\t<div class=\"elementor-widget-container\">\n\t\t\t\t\t\t\t\t\t<p>Notre but est d\u2019impulser une nouvelle vision de l\u2019assurances \u00e0 travers des produits innovants adapt\u00e9s aux besoins \u00e9volutifs de nos clients, des canaux de distribution qui nous rapprochent de nos assur\u00e9s, des proc\u00e9dures de r\u00e8glement des sinistres ax\u00e9es sur la c\u00e9l\u00e9rit\u00e9 et la prise en compte des pr\u00e9judices r\u00e9els subis par nos assur\u00e9s ou par des tiers.<\/p>\t\t\t\t\t\t\t\t<\/div>\n\t\t\t\t<\/div>\n\t\t\t\t\t<\/div>\n\t\t<\/div>\n\t\t\t\t\t<\/div>\n\t\t<\/section>\n\t\t\t\t<section class=\"elementor-section elementor-top-section elementor-element elementor-element-357885e elementor-section-boxed elementor-section-height-default elementor-section-height-default\" data-id=\"357885e\" data-element_type=\"section\" data-e-type=\"section\">\n\t\t\t\t\t\t<div class=\"elementor-container elementor-column-gap-default\">\n\t\t\t\t\t<div class=\"elementor-column elementor-col-50 elementor-top-column elementor-element elementor-element-d3630dd\" data-id=\"d3630dd\" data-element_type=\"column\" data-e-type=\"column\">\n\t\t\t<div class=\"elementor-widget-wrap elementor-element-populated\">\n\t\t\t\t\t\t<div class=\"elementor-element elementor-element-5acc8e8 elementor-widget elementor-widget-heading\" data-id=\"5acc8e8\" data-element_type=\"widget\" data-e-type=\"widget\" data-widget_type=\"heading.default\">\n\t\t\t\t<div class=\"elementor-widget-container\">\n\t\t\t\t\t<h4 class=\"elementor-heading-title elementor-size-default\">Valeur 2<\/h4>\t\t\t\t<\/div>\n\t\t\t\t<\/div>\n\t\t\t\t<div class=\"elementor-element elementor-element-04541c5 elementor-widget elementor-widget-text-editor\" data-id=\"04541c5\" data-element_type=\"widget\" data-e-type=\"widget\" data-widget_type=\"text-editor.default\">\n\t\t\t\t<div class=\"elementor-widget-container\">\n\t\t\t\t\t\t\t\t\t<p>Notre but est d\u2019impulser une nouvelle vision de l\u2019assurances \u00e0 travers des produits innovants adapt\u00e9s aux besoins \u00e9volutifs de nos clients, des canaux de distribution qui nous rapprochent de nos assur\u00e9s, des proc\u00e9dures de r\u00e8glement des sinistres ax\u00e9es sur la c\u00e9l\u00e9rit\u00e9 et la prise en compte des pr\u00e9judices r\u00e9els subis par nos assur\u00e9s ou par des tiers.<\/p>\t\t\t\t\t\t\t\t<\/div>\n\t\t\t\t<\/div>\n\t\t\t\t\t<\/div>\n\t\t<\/div>\n\t\t\t\t<div class=\"elementor-column elementor-col-50 elementor-top-column elementor-element elementor-element-050cd5c\" data-id=\"050cd5c\" data-element_type=\"column\" data-e-type=\"column\">\n\t\t\t<div class=\"elementor-widget-wrap elementor-element-populated\">\n\t\t\t\t\t\t<div class=\"elementor-element elementor-element-ff7f371 elementor-widget elementor-widget-image\" data-id=\"ff7f371\" data-element_type=\"widget\" data-e-type=\"widget\" data-widget_type=\"image.default\">\n\t\t\t\t<div class=\"elementor-widget-container\">\n\t\t\t\t\t\t\t\t\t\t\t\t\t\t\t<img decoding=\"async\" width=\"1024\" height=\"683\" src=\"https:\/\/afgassurancescomores.com\/wp-content\/uploads\/2022\/08\/Untitled-2-21-1024x683.webp\" class=\"attachment-large size-large wp-image-28984\" alt=\"\" srcset=\"https:\/\/afgassurancescomores.com\/wp-content\/uploads\/2022\/08\/Untitled-2-21-1024x683.webp 1024w, https:\/\/afgassurancescomores.com\/wp-content\/uploads\/2022\/08\/Untitled-2-21-300x200.webp 300w, https:\/\/afgassurancescomores.com\/wp-content\/uploads\/2022\/08\/Untitled-2-21-768x512.webp 768w, https:\/\/afgassurancescomores.com\/wp-content\/uploads\/2022\/08\/Untitled-2-21.webp 1200w\" sizes=\"(max-width: 1024px) 100vw, 1024px\" \/>\t\t\t\t\t\t\t\t\t\t\t\t\t\t\t<\/div>\n\t\t\t\t<\/div>\n\t\t\t\t\t<\/div>\n\t\t<\/div>\n\t\t\t\t\t<\/div>\n\t\t<\/section>\n\t\t\t\t<section class=\"elementor-section elementor-top-section elementor-element elementor-element-1635cf8 elementor-section-boxed elementor-section-height-default elementor-section-height-default\" data-id=\"1635cf8\" data-element_type=\"section\" data-e-type=\"section\">\n\t\t\t\t\t\t<div class=\"elementor-container elementor-column-gap-default\">\n\t\t\t\t\t<div class=\"elementor-column elementor-col-50 elementor-top-column elementor-element elementor-element-c2c14fa\" data-id=\"c2c14fa\" data-element_type=\"column\" data-e-type=\"column\">\n\t\t\t<div class=\"elementor-widget-wrap elementor-element-populated\">\n\t\t\t\t\t\t<div class=\"elementor-element elementor-element-0a41df2 elementor-widget elementor-widget-image\" data-id=\"0a41df2\" data-element_type=\"widget\" data-e-type=\"widget\" data-widget_type=\"image.default\">\n\t\t\t\t<div class=\"elementor-widget-container\">\n\t\t\t\t\t\t\t\t\t\t\t\t\t\t\t<img decoding=\"async\" width=\"1024\" height=\"682\" src=\"https:\/\/afgassurancescomores.com\/wp-content\/uploads\/2022\/08\/car-3-1536x1023-1-1024x682.jpg\" class=\"attachment-large size-large wp-image-28983\" alt=\"\" srcset=\"https:\/\/afgassurancescomores.com\/wp-content\/uploads\/2022\/08\/car-3-1536x1023-1-1024x682.jpg 1024w, https:\/\/afgassurancescomores.com\/wp-content\/uploads\/2022\/08\/car-3-1536x1023-1-300x200.jpg 300w, https:\/\/afgassurancescomores.com\/wp-content\/uploads\/2022\/08\/car-3-1536x1023-1-768x512.jpg 768w, https:\/\/afgassurancescomores.com\/wp-content\/uploads\/2022\/08\/car-3-1536x1023-1.jpg 1536w\" sizes=\"(max-width: 1024px) 100vw, 1024px\" \/>\t\t\t\t\t\t\t\t\t\t\t\t\t\t\t<\/div>\n\t\t\t\t<\/div>\n\t\t\t\t\t<\/div>\n\t\t<\/div>\n\t\t\t\t<div class=\"elementor-column elementor-col-50 elementor-top-column elementor-element elementor-element-448d792\" data-id=\"448d792\" data-element_type=\"column\" data-e-type=\"column\">\n\t\t\t<div class=\"elementor-widget-wrap elementor-element-populated\">\n\t\t\t\t\t\t<div class=\"elementor-element elementor-element-5992079 elementor-widget elementor-widget-heading\" data-id=\"5992079\" data-element_type=\"widget\" data-e-type=\"widget\" data-widget_type=\"heading.default\">\n\t\t\t\t<div class=\"elementor-widget-container\">\n\t\t\t\t\t<h4 class=\"elementor-heading-title elementor-size-default\">Valeur 3<\/h4>\t\t\t\t<\/div>\n\t\t\t\t<\/div>\n\t\t\t\t<div class=\"elementor-element elementor-element-3617a7f elementor-widget elementor-widget-text-editor\" data-id=\"3617a7f\" data-element_type=\"widget\" data-e-type=\"widget\" data-widget_type=\"text-editor.default\">\n\t\t\t\t<div class=\"elementor-widget-container\">\n\t\t\t\t\t\t\t\t\t<p>Notre but est d\u2019impulser une nouvelle vision de l\u2019assurances \u00e0 travers des produits innovants adapt\u00e9s aux besoins \u00e9volutifs de nos clients, des canaux de distribution qui nous rapprochent de nos assur\u00e9s, des proc\u00e9dures de r\u00e8glement des sinistres ax\u00e9es sur la c\u00e9l\u00e9rit\u00e9 et la prise en compte des pr\u00e9judices r\u00e9els subis par nos assur\u00e9s ou par des tiers.<\/p>\t\t\t\t\t\t\t\t<\/div>\n\t\t\t\t<\/div>\n\t\t\t\t\t<\/div>\n\t\t<\/div>\n\t\t\t\t\t<\/div>\n\t\t<\/section>\n\t\t\t\t<\/div>\n\t\t","protected":false},"excerpt":{"rendered":"<p>Nos valeurs Valeur 1 Notre but est d\u2019impulser une nouvelle vision de l\u2019assurances \u00e0 travers des produits innovants adapt\u00e9s aux besoins \u00e9volutifs de nos clients, des canaux de distribution qui nous rapprochent de nos assur\u00e9s, des proc\u00e9dures de r\u00e8glement des sinistres ax\u00e9es sur la c\u00e9l\u00e9rit\u00e9 et la prise en compte des pr\u00e9judices r\u00e9els subis par [&hellip;]<\/p>\n","protected":false},"author":1,"featured_media":0,"parent":0,"menu_order":0,"comment_status":"closed","ping_status":"closed","template":"elementor_header_footer","meta":{"_acf_changed":false,"footnotes":""},"class_list":["post-29019","page","type-page","status-publish","hentry"],"acf":[],"_links":{"self":[{"href":"https:\/\/afgassurancescomores.com\/en\/wp-json\/wp\/v2\/pages\/29019","targetHints":{"allow":["GET"]}}],"collection":[{"href":"https:\/\/afgassurancescomores.com\/en\/wp-json\/wp\/v2\/pages"}],"about":[{"href":"https:\/\/afgassurancescomores.com\/en\/wp-json\/wp\/v2\/types\/page"}],"author":[{"embeddable":true,"href":"https:\/\/afgassurancescomores.com\/en\/wp-json\/wp\/v2\/users\/1"}],"replies":[{"embeddable":true,"href":"https:\/\/afgassurancescomores.com\/en\/wp-json\/wp\/v2\/comments?post=29019"}],"version-history":[{"count":46,"href":"https:\/\/afgassurancescomores.com\/en\/wp-json\/wp\/v2\/pages\/29019\/revisions"}],"predecessor-version":[{"id":31840,"href":"https:\/\/afgassurancescomores.com\/en\/wp-json\/wp\/v2\/pages\/29019\/revisions\/31840"}],"wp:attachment":[{"href":"https:\/\/afgassurancescomores.com\/en\/wp-json\/wp\/v2\/media?parent=29019"}],"curies":[{"name":"wp","href":"https:\/\/api.w.org\/{rel}","templated":true}]}}