{"id":29020,"date":"2022-08-09T20:35:59","date_gmt":"2022-08-09T18:35:59","guid":{"rendered":"https:\/\/afgassurancescomores.com\/?page_id=29020"},"modified":"2025-08-12T12:12:57","modified_gmt":"2025-08-12T09:12:57","slug":"le-groupe-afg","status":"publish","type":"page","link":"https:\/\/afgassurancescomores.com\/en\/le-groupe-afg\/","title":{"rendered":"Le groupe AFG"},"content":{"rendered":"\t\t<div data-elementor-type=\"wp-page\" data-elementor-id=\"29020\" class=\"elementor elementor-29020\" data-elementor-post-type=\"page\">\n\t\t\t\t\t\t<section class=\"elementor-section elementor-top-section elementor-element elementor-element-4cd9f35 elementor-section-height-min-height elementor-section-boxed elementor-section-height-default elementor-section-items-middle\" data-id=\"4cd9f35\" data-element_type=\"section\" data-e-type=\"section\" data-settings=\"{&quot;background_background&quot;:&quot;classic&quot;}\">\n\t\t\t\t\t\t\t<div class=\"elementor-background-overlay\"><\/div>\n\t\t\t\t\t\t\t<div class=\"elementor-container elementor-column-gap-default\">\n\t\t\t\t\t<div class=\"elementor-column elementor-col-100 elementor-top-column elementor-element elementor-element-fd6b0e6\" data-id=\"fd6b0e6\" data-element_type=\"column\" data-e-type=\"column\">\n\t\t\t<div class=\"elementor-widget-wrap elementor-element-populated\">\n\t\t\t\t\t\t<div class=\"elementor-element elementor-element-9bf5fae elementor-widget elementor-widget-heading\" data-id=\"9bf5fae\" data-element_type=\"widget\" data-e-type=\"widget\" data-widget_type=\"heading.default\">\n\t\t\t\t<div class=\"elementor-widget-container\">\n\t\t\t\t\t<h1 class=\"elementor-heading-title elementor-size-xxl\">Le Groupe AFG<\/h1>\t\t\t\t<\/div>\n\t\t\t\t<\/div>\n\t\t\t\t\t<\/div>\n\t\t<\/div>\n\t\t\t\t\t<\/div>\n\t\t<\/section>\n\t\t\t\t<section class=\"elementor-section elementor-top-section elementor-element elementor-element-bc73b76 elementor-section-boxed elementor-section-height-default elementor-section-height-default\" data-id=\"bc73b76\" data-element_type=\"section\" data-e-type=\"section\">\n\t\t\t\t\t\t<div class=\"elementor-container elementor-column-gap-default\">\n\t\t\t\t\t<div class=\"elementor-column elementor-col-100 elementor-top-column elementor-element elementor-element-64f4b59\" data-id=\"64f4b59\" data-element_type=\"column\" data-e-type=\"column\">\n\t\t\t<div class=\"elementor-widget-wrap elementor-element-populated\">\n\t\t\t\t\t\t<div class=\"elementor-element elementor-element-10ffb99 elementor-widget elementor-widget-spacer\" data-id=\"10ffb99\" data-element_type=\"widget\" data-e-type=\"widget\" data-widget_type=\"spacer.default\">\n\t\t\t\t<div class=\"elementor-widget-container\">\n\t\t\t\t\t\t\t<div class=\"elementor-spacer\">\n\t\t\t<div class=\"elementor-spacer-inner\"><\/div>\n\t\t<\/div>\n\t\t\t\t\t\t<\/div>\n\t\t\t\t<\/div>\n\t\t\t\t\t<\/div>\n\t\t<\/div>\n\t\t\t\t\t<\/div>\n\t\t<\/section>\n\t\t\t\t<section class=\"elementor-section elementor-top-section elementor-element elementor-element-b7416e0 elementor-section-boxed elementor-section-height-default elementor-section-height-default\" data-id=\"b7416e0\" data-element_type=\"section\" data-e-type=\"section\">\n\t\t\t\t\t\t<div class=\"elementor-container elementor-column-gap-default\">\n\t\t\t\t\t<div class=\"elementor-column elementor-col-50 elementor-top-column elementor-element elementor-element-8199499\" data-id=\"8199499\" data-element_type=\"column\" data-e-type=\"column\">\n\t\t\t<div class=\"elementor-widget-wrap elementor-element-populated\">\n\t\t\t\t\t\t<div class=\"elementor-element elementor-element-2f3e355 elementor-widget elementor-widget-heading\" data-id=\"2f3e355\" data-element_type=\"widget\" data-e-type=\"widget\" data-widget_type=\"heading.default\">\n\t\t\t\t<div class=\"elementor-widget-container\">\n\t\t\t\t\t<h3 class=\"elementor-heading-title elementor-size-default\">Le groupe AFG<\/h3>\t\t\t\t<\/div>\n\t\t\t\t<\/div>\n\t\t\t\t<div class=\"elementor-element elementor-element-270089a elementor-widget elementor-widget-text-editor\" data-id=\"270089a\" data-element_type=\"widget\" data-e-type=\"widget\" data-widget_type=\"text-editor.default\">\n\t\t\t\t<div class=\"elementor-widget-container\">\n\t\t\t\t\t\t\t\t\t<p style=\"text-align: justify;\">Fond\u00e9 en 2006 par l\u2019homme d\u2019affaire ivoirien <span style=\"color: #089a44;\"><b>KON\u00c9 DOSSONGUI<\/b><\/span>, Atlantic Financial Group (AFG) est la holding financi\u00e8re (banque et assurance) de Atlantic Group, qui outre ces secteurs d\u2019activit\u00e9 \u00e9volue dans l\u2019agriculture (plantations d\u2019h\u00e9v\u00e9a, de palmier \u00e0 huile, d\u2019agrumes etc.), l\u2019agro-industrie (transformation de cacao), l\u2019industrie (cimenterie et minoterie), l\u2019h\u00f4tellerie, ainsi que les T\u00e9l\u00e9coms.<\/p>\t\t\t\t\t\t\t\t<\/div>\n\t\t\t\t<\/div>\n\t\t\t\t<div class=\"elementor-element elementor-element-61cc27f elementor-widget elementor-widget-heading\" data-id=\"61cc27f\" data-element_type=\"widget\" data-e-type=\"widget\" data-widget_type=\"heading.default\">\n\t\t\t\t<div class=\"elementor-widget-container\">\n\t\t\t\t\t<h4 class=\"elementor-heading-title elementor-size-default\">Activit\u00e9 bancaire\n\n\n\n\n<\/h4>\t\t\t\t<\/div>\n\t\t\t\t<\/div>\n\t\t\t\t<div class=\"elementor-element elementor-element-77d274e elementor-widget elementor-widget-text-editor\" data-id=\"77d274e\" data-element_type=\"widget\" data-e-type=\"widget\" data-widget_type=\"text-editor.default\">\n\t\t\t\t<div class=\"elementor-widget-container\">\n\t\t\t\t\t\t\t\t\t<p style=\"text-align: justify;\">Le groupe AFG est actif dans le secteur bancaire francophone et compte aujourd\u2019hui Sept (07) filiales bancaires et deux filiales (02) banques d\u2019affaires (AFG Capital CEMAC &amp; Ile Maurice).<\/p>\t\t\t\t\t\t\t\t<\/div>\n\t\t\t\t<\/div>\n\t\t\t\t<div class=\"elementor-element elementor-element-4e4d1a8 elementor-widget elementor-widget-heading\" data-id=\"4e4d1a8\" data-element_type=\"widget\" data-e-type=\"widget\" data-widget_type=\"heading.default\">\n\t\t\t\t<div class=\"elementor-widget-container\">\n\t\t\t\t\t<h4 class=\"elementor-heading-title elementor-size-default\">Assurance<\/h4>\t\t\t\t<\/div>\n\t\t\t\t<\/div>\n\t\t\t\t<div class=\"elementor-element elementor-element-4f8d390 elementor-widget elementor-widget-text-editor\" data-id=\"4f8d390\" data-element_type=\"widget\" data-e-type=\"widget\" data-widget_type=\"text-editor.default\">\n\t\t\t\t<div class=\"elementor-widget-container\">\n\t\t\t\t\t\t\t\t\t<p>Le Groupe d\u00e9tient \u00e9galement sept (07) filiales d\u2019Assurance que sont :<\/p><ul><li>&#8211; AFG Assurances B\u00e9nin Vie<\/li><li>&#8211; AFG Assurances B\u00e9nin IARDT<\/li><li>&#8211; AFG Assurances Cameroun<\/li><li>&#8211; AFG Assurances Comores<\/li><li>&#8211; AFG Assurances C\u00f4te d&#8217;Ivoire<\/li><li>&#8211; AFG Assurances Madagascar<\/li><li>&#8211; AFG Assurances Mali<\/li><\/ul>\t\t\t\t\t\t\t\t<\/div>\n\t\t\t\t<\/div>\n\t\t\t\t<div class=\"elementor-element elementor-element-ba183cf elementor-widget elementor-widget-spacer\" data-id=\"ba183cf\" data-element_type=\"widget\" data-e-type=\"widget\" data-widget_type=\"spacer.default\">\n\t\t\t\t<div class=\"elementor-widget-container\">\n\t\t\t\t\t\t\t<div class=\"elementor-spacer\">\n\t\t\t<div class=\"elementor-spacer-inner\"><\/div>\n\t\t<\/div>\n\t\t\t\t\t\t<\/div>\n\t\t\t\t<\/div>\n\t\t\t\t<div class=\"elementor-element elementor-element-9622030 elementor-widget elementor-widget-heading\" data-id=\"9622030\" data-element_type=\"widget\" data-e-type=\"widget\" data-widget_type=\"heading.default\">\n\t\t\t\t<div class=\"elementor-widget-container\">\n\t\t\t\t\t<h4 class=\"elementor-heading-title elementor-size-default\">Microfinance<\/h4>\t\t\t\t<\/div>\n\t\t\t\t<\/div>\n\t\t\t\t<div class=\"elementor-element elementor-element-465ab5d elementor-widget elementor-widget-text-editor\" data-id=\"465ab5d\" data-element_type=\"widget\" data-e-type=\"widget\" data-widget_type=\"text-editor.default\">\n\t\t\t\t<div class=\"elementor-widget-container\">\n\t\t\t\t\t\t\t\t\t<p>Le Groupe d\u00e9tient \u00e9galement cinq (05) filiales de microfinance que sont :<\/p><ul><li>&#8211; Access Bank Liberia<\/li><li>&#8211; Acc\u00e8s Banque Madagascar<\/li><li>&#8211; AB Microfinance Bank Nigeria<\/li><li>&#8211; Access Bank Rwanda<\/li><li>&#8211; Access Bank Zambia<\/li><\/ul>\t\t\t\t\t\t\t\t<\/div>\n\t\t\t\t<\/div>\n\t\t\t\t\t<\/div>\n\t\t<\/div>\n\t\t\t\t<div class=\"elementor-column elementor-col-50 elementor-top-column elementor-element elementor-element-9674674\" data-id=\"9674674\" data-element_type=\"column\" data-e-type=\"column\">\n\t\t\t<div class=\"elementor-widget-wrap elementor-element-populated\">\n\t\t\t\t\t\t<div class=\"elementor-element elementor-element-0f9f257 elementor-widget elementor-widget-image\" data-id=\"0f9f257\" data-element_type=\"widget\" data-e-type=\"widget\" data-widget_type=\"image.default\">\n\t\t\t\t<div class=\"elementor-widget-container\">\n\t\t\t\t\t\t\t\t\t\t\t\t\t\t\t<img fetchpriority=\"high\" decoding=\"async\" width=\"1024\" height=\"683\" src=\"https:\/\/afgassurancescomores.com\/wp-content\/uploads\/2022\/11\/afgassur-dossongui-atlantic-cocoa-1024x683.jpg\" class=\"attachment-large size-large wp-image-31032\" alt=\"\" srcset=\"https:\/\/afgassurancescomores.com\/wp-content\/uploads\/2022\/11\/afgassur-dossongui-atlantic-cocoa-1024x683.jpg 1024w, https:\/\/afgassurancescomores.com\/wp-content\/uploads\/2022\/11\/afgassur-dossongui-atlantic-cocoa-300x200.jpg 300w, https:\/\/afgassurancescomores.com\/wp-content\/uploads\/2022\/11\/afgassur-dossongui-atlantic-cocoa-768x512.jpg 768w, https:\/\/afgassurancescomores.com\/wp-content\/uploads\/2022\/11\/afgassur-dossongui-atlantic-cocoa-1536x1024.jpg 1536w, https:\/\/afgassurancescomores.com\/wp-content\/uploads\/2022\/11\/afgassur-dossongui-atlantic-cocoa-2048x1365.jpg 2048w\" sizes=\"(max-width: 1024px) 100vw, 1024px\" \/>\t\t\t\t\t\t\t\t\t\t\t\t\t\t\t<\/div>\n\t\t\t\t<\/div>\n\t\t\t\t\t<\/div>\n\t\t<\/div>\n\t\t\t\t\t<\/div>\n\t\t<\/section>\n\t\t\t\t<\/div>\n\t\t","protected":false},"excerpt":{"rendered":"<p>Le Groupe AFG Le groupe AFG Fond\u00e9 en 2006 par l\u2019homme d\u2019affaire ivoirien KON\u00c9 DOSSONGUI, Atlantic Financial Group (AFG) est la holding financi\u00e8re (banque et assurance) de Atlantic Group, qui outre ces secteurs d\u2019activit\u00e9 \u00e9volue dans l\u2019agriculture (plantations d\u2019h\u00e9v\u00e9a, de palmier \u00e0 huile, d\u2019agrumes etc.), l\u2019agro-industrie (transformation de cacao), l\u2019industrie (cimenterie et minoterie), l\u2019h\u00f4tellerie, ainsi [&hellip;]<\/p>\n","protected":false},"author":1,"featured_media":0,"parent":0,"menu_order":0,"comment_status":"closed","ping_status":"closed","template":"elementor_header_footer","meta":{"_acf_changed":false,"footnotes":""},"class_list":["post-29020","page","type-page","status-publish","hentry"],"acf":[],"_links":{"self":[{"href":"https:\/\/afgassurancescomores.com\/en\/wp-json\/wp\/v2\/pages\/29020","targetHints":{"allow":["GET"]}}],"collection":[{"href":"https:\/\/afgassurancescomores.com\/en\/wp-json\/wp\/v2\/pages"}],"about":[{"href":"https:\/\/afgassurancescomores.com\/en\/wp-json\/wp\/v2\/types\/page"}],"author":[{"embeddable":true,"href":"https:\/\/afgassurancescomores.com\/en\/wp-json\/wp\/v2\/users\/1"}],"replies":[{"embeddable":true,"href":"https:\/\/afgassurancescomores.com\/en\/wp-json\/wp\/v2\/comments?post=29020"}],"version-history":[{"count":49,"href":"https:\/\/afgassurancescomores.com\/en\/wp-json\/wp\/v2\/pages\/29020\/revisions"}],"predecessor-version":[{"id":31852,"href":"https:\/\/afgassurancescomores.com\/en\/wp-json\/wp\/v2\/pages\/29020\/revisions\/31852"}],"wp:attachment":[{"href":"https:\/\/afgassurancescomores.com\/en\/wp-json\/wp\/v2\/media?parent=29020"}],"curies":[{"name":"wp","href":"https:\/\/api.w.org\/{rel}","templated":true}]}}