{"id":29054,"date":"2022-08-10T01:12:27","date_gmt":"2022-08-09T23:12:27","guid":{"rendered":"https:\/\/afgassurancescomores.com\/?page_id=29054"},"modified":"2025-12-15T20:26:03","modified_gmt":"2025-12-15T17:26:03","slug":"la-compagnie","status":"publish","type":"page","link":"https:\/\/afgassurancescomores.com\/en\/la-compagnie\/","title":{"rendered":"La compagnie"},"content":{"rendered":"\t\t<div data-elementor-type=\"wp-page\" data-elementor-id=\"29054\" class=\"elementor elementor-29054\" data-elementor-post-type=\"page\">\n\t\t\t\t\t\t<section class=\"elementor-section elementor-top-section elementor-element elementor-element-1c632e1 elementor-section-height-min-height elementor-section-boxed elementor-section-height-default elementor-section-items-middle\" data-id=\"1c632e1\" data-element_type=\"section\" data-e-type=\"section\" data-settings=\"{&quot;background_background&quot;:&quot;classic&quot;}\">\n\t\t\t\t\t\t\t<div class=\"elementor-background-overlay\"><\/div>\n\t\t\t\t\t\t\t<div class=\"elementor-container elementor-column-gap-default\">\n\t\t\t\t\t<div class=\"elementor-column elementor-col-100 elementor-top-column elementor-element elementor-element-455fcff\" data-id=\"455fcff\" data-element_type=\"column\" data-e-type=\"column\">\n\t\t\t<div class=\"elementor-widget-wrap elementor-element-populated\">\n\t\t\t\t\t\t<div class=\"elementor-element elementor-element-183ecfc elementor-widget elementor-widget-heading\" data-id=\"183ecfc\" data-element_type=\"widget\" data-e-type=\"widget\" data-widget_type=\"heading.default\">\n\t\t\t\t<div class=\"elementor-widget-container\">\n\t\t\t\t\t<h1 class=\"elementor-heading-title elementor-size-xxl\">La compagnie<\/h1>\t\t\t\t<\/div>\n\t\t\t\t<\/div>\n\t\t\t\t\t<\/div>\n\t\t<\/div>\n\t\t\t\t\t<\/div>\n\t\t<\/section>\n\t\t\t\t<section class=\"elementor-section elementor-top-section elementor-element elementor-element-f38213b elementor-section-boxed elementor-section-height-default elementor-section-height-default\" data-id=\"f38213b\" data-element_type=\"section\" data-e-type=\"section\">\n\t\t\t\t\t\t<div class=\"elementor-container elementor-column-gap-default\">\n\t\t\t\t\t<div class=\"elementor-column elementor-col-100 elementor-top-column elementor-element elementor-element-88e11b1\" data-id=\"88e11b1\" data-element_type=\"column\" data-e-type=\"column\">\n\t\t\t<div class=\"elementor-widget-wrap elementor-element-populated\">\n\t\t\t\t\t\t<div class=\"elementor-element elementor-element-09abe98 elementor-widget elementor-widget-spacer\" data-id=\"09abe98\" data-element_type=\"widget\" data-e-type=\"widget\" data-widget_type=\"spacer.default\">\n\t\t\t\t<div class=\"elementor-widget-container\">\n\t\t\t\t\t\t\t<div class=\"elementor-spacer\">\n\t\t\t<div class=\"elementor-spacer-inner\"><\/div>\n\t\t<\/div>\n\t\t\t\t\t\t<\/div>\n\t\t\t\t<\/div>\n\t\t\t\t\t<\/div>\n\t\t<\/div>\n\t\t\t\t\t<\/div>\n\t\t<\/section>\n\t\t\t\t<section class=\"elementor-section elementor-top-section elementor-element elementor-element-9e27a38 elementor-section-boxed elementor-section-height-default elementor-section-height-default\" data-id=\"9e27a38\" data-element_type=\"section\" data-e-type=\"section\">\n\t\t\t\t\t\t<div class=\"elementor-container elementor-column-gap-extended\">\n\t\t\t\t\t<div class=\"elementor-column elementor-col-50 elementor-top-column elementor-element elementor-element-2d2437e\" data-id=\"2d2437e\" data-element_type=\"column\" data-e-type=\"column\">\n\t\t\t<div class=\"elementor-widget-wrap elementor-element-populated\">\n\t\t\t\t\t\t<div class=\"elementor-element elementor-element-724321d elementor-widget elementor-widget-text-editor\" data-id=\"724321d\" data-element_type=\"widget\" data-e-type=\"widget\" data-widget_type=\"text-editor.default\">\n\t\t\t\t<div class=\"elementor-widget-container\">\n\t\t\t\t\t\t\t\t\t<p style=\"text-align: justify;\">Agr\u00e9\u00e9e depuis le 25 Novembre 2020 par le Minist\u00e8re des Finances, <span style=\"color: #225a90;\"><b>AFG Assurances COMORES<\/b><\/span> a d\u00e9marr\u00e9 officiellement ses activit\u00e9s le 1er janvier 2021 sur un march\u00e9.<\/p><p style=\"text-align: justify;\">Gr\u00e2ce \u00e0 l\u2019exp\u00e9rience et la d\u00e9termination de nos \u00e9quipes,\u00a0<span style=\"font-weight: bold; color: #225a90;\">AFG Assurances COMORES<\/span>\u00a0se positionne comme le leader du march\u00e9 des assurances comorien.<\/p><p style=\"text-align: justify;\"><span style=\"font-style: inherit; font-weight: inherit; font-family: var( --e-global-typography-text-font-family ), Sans-serif; background-color: var(--ast-global-color-5);\">Notre but est d\u2019impulser une nouvelle vision de l\u2019assurances \u00e0 travers des produits innovants adapt\u00e9s aux besoins \u00e9volutifs de nos clients, des canaux de distribution qui nous rapprochent de nos assur\u00e9s, des proc\u00e9dures de r\u00e8glement des sinistres ax\u00e9es sur la c\u00e9l\u00e9rit\u00e9 et la prise en compte des pr\u00e9judices r\u00e9els subis par nos assur\u00e9s ou par des tiers.<\/span><\/p><p style=\"text-align: justify;\">Plus que de simples clients, chez\u00a0<span style=\"font-weight: bold; color: #225a90;\">AFG Assurances COMORES<\/span>, nous souhaitons faire de nos assur\u00e9s de v\u00e9ritables partenaires. Nous voulons comprendre vos besoins pour vous proposer des solutions assurantielles adapt\u00e9es.<\/p>\t\t\t\t\t\t\t\t<\/div>\n\t\t\t\t<\/div>\n\t\t\t\t\t<\/div>\n\t\t<\/div>\n\t\t\t\t<div class=\"elementor-column elementor-col-50 elementor-top-column elementor-element elementor-element-4fd1e9f\" data-id=\"4fd1e9f\" data-element_type=\"column\" data-e-type=\"column\" data-settings=\"{&quot;background_background&quot;:&quot;classic&quot;}\">\n\t\t\t<div class=\"elementor-widget-wrap elementor-element-populated\">\n\t\t\t\t\t\t<div class=\"elementor-element elementor-element-3db498a elementor-widget elementor-widget-image\" data-id=\"3db498a\" data-element_type=\"widget\" data-e-type=\"widget\" data-widget_type=\"image.default\">\n\t\t\t\t<div class=\"elementor-widget-container\">\n\t\t\t\t\t\t\t\t\t\t\t\t\t\t\t<img fetchpriority=\"high\" decoding=\"async\" width=\"1024\" height=\"762\" src=\"https:\/\/afgassurancescomores.com\/wp-content\/uploads\/2024\/06\/LOGO-AFG-Assurances-e1715617777962-1536x1143-1.png\" class=\"attachment-large size-large wp-image-31837\" alt=\"\" \/>\t\t\t\t\t\t\t\t\t\t\t\t\t\t\t<\/div>\n\t\t\t\t<\/div>\n\t\t\t\t\t<\/div>\n\t\t<\/div>\n\t\t\t\t\t<\/div>\n\t\t<\/section>\n\t\t\t\t<section class=\"elementor-section elementor-top-section elementor-element elementor-element-13f1edc elementor-section-boxed elementor-section-height-default elementor-section-height-default\" data-id=\"13f1edc\" data-element_type=\"section\" data-e-type=\"section\">\n\t\t\t\t\t\t<div class=\"elementor-container elementor-column-gap-default\">\n\t\t\t\t\t<div class=\"elementor-column elementor-col-100 elementor-top-column elementor-element elementor-element-1e6939e\" data-id=\"1e6939e\" data-element_type=\"column\" data-e-type=\"column\">\n\t\t\t<div class=\"elementor-widget-wrap elementor-element-populated\">\n\t\t\t\t\t\t<div class=\"elementor-element elementor-element-d68651b elementor-widget elementor-widget-spacer\" data-id=\"d68651b\" data-element_type=\"widget\" data-e-type=\"widget\" data-widget_type=\"spacer.default\">\n\t\t\t\t<div class=\"elementor-widget-container\">\n\t\t\t\t\t\t\t<div class=\"elementor-spacer\">\n\t\t\t<div class=\"elementor-spacer-inner\"><\/div>\n\t\t<\/div>\n\t\t\t\t\t\t<\/div>\n\t\t\t\t<\/div>\n\t\t\t\t\t<\/div>\n\t\t<\/div>\n\t\t\t\t\t<\/div>\n\t\t<\/section>\n\t\t\t\t<\/div>\n\t\t","protected":false},"excerpt":{"rendered":"<p>La compagnie Agr\u00e9\u00e9e depuis le 25 Novembre 2020 par le Minist\u00e8re des Finances, AFG Assurances COMORES a d\u00e9marr\u00e9 officiellement ses activit\u00e9s le 1er janvier 2021 sur un march\u00e9. Gr\u00e2ce \u00e0 l\u2019exp\u00e9rience et la d\u00e9termination de nos \u00e9quipes,\u00a0AFG Assurances COMORES\u00a0se positionne comme le leader du march\u00e9 des assurances comorien. Notre but est d\u2019impulser une nouvelle vision [&hellip;]<\/p>\n","protected":false},"author":1,"featured_media":0,"parent":0,"menu_order":0,"comment_status":"closed","ping_status":"closed","template":"elementor_header_footer","meta":{"_acf_changed":false,"footnotes":""},"class_list":["post-29054","page","type-page","status-publish","hentry"],"acf":[],"_links":{"self":[{"href":"https:\/\/afgassurancescomores.com\/en\/wp-json\/wp\/v2\/pages\/29054","targetHints":{"allow":["GET"]}}],"collection":[{"href":"https:\/\/afgassurancescomores.com\/en\/wp-json\/wp\/v2\/pages"}],"about":[{"href":"https:\/\/afgassurancescomores.com\/en\/wp-json\/wp\/v2\/types\/page"}],"author":[{"embeddable":true,"href":"https:\/\/afgassurancescomores.com\/en\/wp-json\/wp\/v2\/users\/1"}],"replies":[{"embeddable":true,"href":"https:\/\/afgassurancescomores.com\/en\/wp-json\/wp\/v2\/comments?post=29054"}],"version-history":[{"count":100,"href":"https:\/\/afgassurancescomores.com\/en\/wp-json\/wp\/v2\/pages\/29054\/revisions"}],"predecessor-version":[{"id":32222,"href":"https:\/\/afgassurancescomores.com\/en\/wp-json\/wp\/v2\/pages\/29054\/revisions\/32222"}],"wp:attachment":[{"href":"https:\/\/afgassurancescomores.com\/en\/wp-json\/wp\/v2\/media?parent=29054"}],"curies":[{"name":"wp","href":"https:\/\/api.w.org\/{rel}","templated":true}]}}