{"id":29270,"date":"2022-08-25T05:46:47","date_gmt":"2022-08-25T03:46:47","guid":{"rendered":"https:\/\/afgassurancescomores.com\/?page_id=29270"},"modified":"2024-06-11T03:13:29","modified_gmt":"2024-06-11T00:13:29","slug":"devis-auto-et-moto","status":"publish","type":"page","link":"https:\/\/afgassurancescomores.com\/en\/devis-auto-et-moto\/","title":{"rendered":"Devis Auto et Moto"},"content":{"rendered":"\t\t<div data-elementor-type=\"wp-page\" data-elementor-id=\"29270\" class=\"elementor elementor-29270\" data-elementor-post-type=\"page\">\n\t\t\t\t\t\t<section class=\"elementor-section elementor-top-section elementor-element elementor-element-880f92d elementor-section-height-min-height elementor-section-boxed elementor-section-height-default elementor-section-items-middle\" data-id=\"880f92d\" data-element_type=\"section\" data-e-type=\"section\" data-settings=\"{&quot;background_background&quot;:&quot;classic&quot;}\">\n\t\t\t\t\t\t<div class=\"elementor-container elementor-column-gap-default\">\n\t\t\t\t\t<div class=\"elementor-column elementor-col-100 elementor-top-column elementor-element elementor-element-2e821aa\" data-id=\"2e821aa\" data-element_type=\"column\" data-e-type=\"column\">\n\t\t\t<div class=\"elementor-widget-wrap elementor-element-populated\">\n\t\t\t\t\t\t<div class=\"elementor-element elementor-element-3b16f18 elementor-widget elementor-widget-heading\" data-id=\"3b16f18\" data-element_type=\"widget\" data-e-type=\"widget\" data-widget_type=\"heading.default\">\n\t\t\t\t<div class=\"elementor-widget-container\">\n\t\t\t\t\t<h1 class=\"elementor-heading-title elementor-size-xxl\">Devis Auto\/Moto<\/h1>\t\t\t\t<\/div>\n\t\t\t\t<\/div>\n\t\t\t\t\t<\/div>\n\t\t<\/div>\n\t\t\t\t\t<\/div>\n\t\t<\/section>\n\t\t\t\t<section class=\"elementor-section elementor-top-section elementor-element elementor-element-79ce55d elementor-section-boxed elementor-section-height-default elementor-section-height-default\" data-id=\"79ce55d\" data-element_type=\"section\" data-e-type=\"section\">\n\t\t\t\t\t\t<div class=\"elementor-container elementor-column-gap-default\">\n\t\t\t\t\t<div class=\"elementor-column elementor-col-100 elementor-top-column elementor-element elementor-element-aba6120\" data-id=\"aba6120\" data-element_type=\"column\" data-e-type=\"column\">\n\t\t\t<div class=\"elementor-widget-wrap elementor-element-populated\">\n\t\t\t\t\t\t<div class=\"elementor-element elementor-element-e678d02 elementor-widget elementor-widget-spacer\" data-id=\"e678d02\" data-element_type=\"widget\" data-e-type=\"widget\" data-widget_type=\"spacer.default\">\n\t\t\t\t<div class=\"elementor-widget-container\">\n\t\t\t\t\t\t\t<div class=\"elementor-spacer\">\n\t\t\t<div class=\"elementor-spacer-inner\"><\/div>\n\t\t<\/div>\n\t\t\t\t\t\t<\/div>\n\t\t\t\t<\/div>\n\t\t\t\t\t<\/div>\n\t\t<\/div>\n\t\t\t\t\t<\/div>\n\t\t<\/section>\n\t\t\t\t<section class=\"elementor-section elementor-top-section elementor-element elementor-element-6ea921f elementor-section-boxed elementor-section-height-default elementor-section-height-default\" data-id=\"6ea921f\" data-element_type=\"section\" data-e-type=\"section\">\n\t\t\t\t\t\t<div class=\"elementor-container elementor-column-gap-default\">\n\t\t\t\t\t<div class=\"elementor-column elementor-col-100 elementor-top-column elementor-element elementor-element-ce07f99\" data-id=\"ce07f99\" data-element_type=\"column\" data-e-type=\"column\">\n\t\t\t<div class=\"elementor-widget-wrap elementor-element-populated\">\n\t\t\t\t\t\t<div class=\"elementor-element elementor-element-02a5772 elementor-widget elementor-widget-wpforms\" data-id=\"02a5772\" data-element_type=\"widget\" data-e-type=\"widget\" data-widget_type=\"wpforms.default\">\n\t\t\t\t<div class=\"elementor-widget-container\">\n\t\t\t\t\t<div class=\"wpforms-container wpforms-container-full\" id=\"wpforms-29261\"><form id=\"wpforms-form-29261\" class=\"wpforms-validate wpforms-form wpforms-ajax-form\" data-formid=\"29261\" method=\"post\" enctype=\"multipart\/form-data\" action=\"\/en\/wp-json\/wp\/v2\/pages\/29270\" data-token=\"b203f548b9920954c39e5e89d1da3f8f\"><noscript class=\"wpforms-error-noscript\">Please enable JavaScript in your browser to complete this form.<\/noscript><div class=\"wpforms-page-indicator connector\" data-indicator=\"connector\" data-indicator-color=\"#089a44\" data-scroll=\"1\"><div class=\"wpforms-page-indicator-page active wpforms-page-indicator-page-1\" style=\"width:25%;\"><span class=\"wpforms-page-indicator-page-number\" style=\"background-color:#089a44\">1<span class=\"wpforms-page-indicator-page-triangle\" style=\"border-top-color:#089a44\"><\/span><\/span><span class=\"wpforms-page-indicator-page-title\">Le v\u00e9hicule<span><\/div><div class=\"wpforms-page-indicator-page  wpforms-page-indicator-page-2\" style=\"width:25%;\"><span class=\"wpforms-page-indicator-page-number\">2<span class=\"wpforms-page-indicator-page-triangle\"><\/span><\/span><span class=\"wpforms-page-indicator-page-title\">L&#039;assur\u00e9<span><\/div><div class=\"wpforms-page-indicator-page  wpforms-page-indicator-page-3\" style=\"width:25%;\"><span class=\"wpforms-page-indicator-page-number\">3<span class=\"wpforms-page-indicator-page-triangle\"><\/span><\/span><span class=\"wpforms-page-indicator-page-title\">Les garanties<span><\/div><div class=\"wpforms-page-indicator-page  wpforms-page-indicator-page-4\" style=\"width:25%;\"><span class=\"wpforms-page-indicator-page-number\">4<span class=\"wpforms-page-indicator-page-triangle\"><\/span><\/span><span class=\"wpforms-page-indicator-page-title\">Le r\u00e9capitulatif<span><\/div><\/div><div class=\"wpforms-field-container\"><div class=\"wpforms-page wpforms-page-1 \"><div id=\"wpforms-29261-field_16-container\" class=\"wpforms-field wpforms-field-pagebreak\" data-field-id=\"16\"><\/div><div id=\"wpforms-29261-field_6-container\" class=\"wpforms-field wpforms-field-text\" data-field-id=\"6\"><label class=\"wpforms-field-label\" for=\"wpforms-29261-field_6\">Marque\/Mod\u00e8le <span class=\"wpforms-required-label\">*<\/span><\/label><input type=\"text\" id=\"wpforms-29261-field_6\" class=\"wpforms-field-medium wpforms-field-required\" name=\"wpforms[fields][6]\" required><\/div><div id=\"wpforms-29261-field_41-container\" class=\"wpforms-field wpforms-field-select wpforms-field-select-style-classic\" data-field-id=\"41\"><label class=\"wpforms-field-label\" for=\"wpforms-29261-field_41\">Cat\u00e9gorie du v\u00e9hicule <span class=\"wpforms-required-label\">*<\/span><\/label><select id=\"wpforms-29261-field_41\" class=\"wpforms-field-medium wpforms-field-required\" name=\"wpforms[fields][41]\" required=\"required\"><option value=\"Voiture\" >Voiture<\/option><option value=\"Moto\" >Moto<\/option><option value=\"Camion\" >Camion<\/option><option value=\"Bus\" >Bus<\/option><option value=\"Engin de travaux\" >Engin de travaux<\/option><option value=\"Autres\" >Autres<\/option><\/select><\/div><div id=\"wpforms-29261-field_9-container\" class=\"wpforms-field wpforms-field-radio\" data-field-id=\"9\"><label class=\"wpforms-field-label\" for=\"wpforms-29261-field_9\">Usage <span class=\"wpforms-required-label\">*<\/span><\/label><ul id=\"wpforms-29261-field_9\" class=\"wpforms-field-required\"><li class=\"choice-1 depth-1\"><input type=\"radio\" id=\"wpforms-29261-field_9_1\" name=\"wpforms[fields][9]\" value=\"Usage priv\u00e9 et professionnel occasionnel (incluant trajets domicile-travail)\" required ><label class=\"wpforms-field-label-inline\" for=\"wpforms-29261-field_9_1\">Usage priv\u00e9 et professionnel occasionnel (incluant trajets domicile-travail)<\/label><\/li><li class=\"choice-2 depth-1\"><input type=\"radio\" id=\"wpforms-29261-field_9_2\" name=\"wpforms[fields][9]\" value=\"Usage professionnel r\u00e9gulier\" required ><label class=\"wpforms-field-label-inline\" for=\"wpforms-29261-field_9_2\">Usage professionnel r\u00e9gulier<\/label><\/li><\/ul><\/div><div id=\"wpforms-29261-field_32-container\" class=\"wpforms-field wpforms-field-date-time\" data-field-id=\"32\"><label class=\"wpforms-field-label\" for=\"wpforms-29261-field_32\">Date 1\u00e8re circulation <span class=\"wpforms-required-label\">*<\/span><\/label><div class=\"wpforms-datepicker-wrap\"><input type=\"text\" id=\"wpforms-29261-field_32\" class=\"wpforms-field-date-time-date wpforms-datepicker wpforms-field-required wpforms-field-medium\" data-date-format=\"d\/m\/Y\" data-disable-past-dates=\"0\" data-input=\"true\" name=\"wpforms[fields][32][date]\" required><a title=\"Clear Date\" data-clear class=\"wpforms-datepicker-clear\" style=\"display:none;\"><\/a><\/div><\/div><div id=\"wpforms-29261-field_43-container\" class=\"wpforms-field wpforms-field-number wpf-num-limit\" data-field-id=\"43\"><label class=\"wpforms-field-label\" for=\"wpforms-29261-field_43\">Nombre de place <span class=\"wpforms-required-label\">*<\/span><\/label><input type=\"number\" pattern=\"\\d*\" id=\"wpforms-29261-field_43\" class=\"wpforms-field-medium wpforms-field-required\" name=\"wpforms[fields][43]\" required><\/div><div id=\"wpforms-29261-field_34-container\" class=\"wpforms-field wpforms-field-radio wpforms-list-inline\" data-field-id=\"34\"><label class=\"wpforms-field-label\" for=\"wpforms-29261-field_34\">Energie <span class=\"wpforms-required-label\">*<\/span><\/label><ul id=\"wpforms-29261-field_34\" class=\"wpforms-field-required\"><li class=\"choice-1 depth-1\"><input type=\"radio\" id=\"wpforms-29261-field_34_1\" name=\"wpforms[fields][34]\" value=\"Essence\" required ><label class=\"wpforms-field-label-inline\" for=\"wpforms-29261-field_34_1\">Essence<\/label><\/li><li class=\"choice-2 depth-1\"><input type=\"radio\" id=\"wpforms-29261-field_34_2\" name=\"wpforms[fields][34]\" value=\"Diesel\" required ><label class=\"wpforms-field-label-inline\" for=\"wpforms-29261-field_34_2\">Diesel<\/label><\/li><\/ul><\/div><div id=\"wpforms-29261-field_44-container\" class=\"wpforms-field wpforms-field-number wpf-num-limit\" data-field-id=\"44\"><label class=\"wpforms-field-label\" for=\"wpforms-29261-field_44\">Puissance en chevaux <span class=\"wpforms-required-label\">*<\/span><\/label><input type=\"number\" pattern=\"\\d*\" id=\"wpforms-29261-field_44\" class=\"wpforms-field-medium wpforms-field-required\" name=\"wpforms[fields][44]\" required><\/div><div id=\"wpforms-29261-field_15-container\" class=\"wpforms-field wpforms-field-pagebreak\" data-field-id=\"15\"><div class=\"wpforms-clear wpforms-pagebreak-split\"><button class=\"wpforms-page-button wpforms-page-next\" data-action=\"next\" data-page=\"1\" data-formid=\"29261\" disabled>Continuer<\/button><\/div><\/div><\/div><div class=\"wpforms-page wpforms-page-2  \" style=\"display:none;\"><div id=\"wpforms-29261-field_18-container\" class=\"wpforms-field wpforms-field-text\" data-field-id=\"18\"><label class=\"wpforms-field-label\" for=\"wpforms-29261-field_18\">Nom ou Raison sociale <span class=\"wpforms-required-label\">*<\/span><\/label><input type=\"text\" id=\"wpforms-29261-field_18\" class=\"wpforms-field-medium wpforms-field-required\" name=\"wpforms[fields][18]\" required><\/div><div id=\"wpforms-29261-field_20-container\" class=\"wpforms-field wpforms-field-email\" data-field-id=\"20\"><label class=\"wpforms-field-label\" for=\"wpforms-29261-field_20\">E-mail <span class=\"wpforms-required-label\">*<\/span><\/label><input type=\"email\" id=\"wpforms-29261-field_20\" class=\"wpforms-field-medium wpforms-field-required\" name=\"wpforms[fields][20]\" required><\/div><div id=\"wpforms-29261-field_21-container\" class=\"wpforms-field wpforms-field-phone\" data-field-id=\"21\"><label class=\"wpforms-field-label\" for=\"wpforms-29261-field_21\">T\u00e9l\u00e9phone <span class=\"wpforms-required-label\">*<\/span><\/label><input type=\"tel\" id=\"wpforms-29261-field_21\" class=\"wpforms-field-small wpforms-field-required wpforms-smart-phone-field\" data-rule-smart-phone-field=\"true\" name=\"wpforms[fields][21]\" required><\/div><div id=\"wpforms-29261-field_23-container\" class=\"wpforms-field wpforms-field-text\" data-field-id=\"23\"><label class=\"wpforms-field-label\" for=\"wpforms-29261-field_23\">Adresse<\/label><input type=\"text\" id=\"wpforms-29261-field_23\" class=\"wpforms-field-medium\" name=\"wpforms[fields][23]\" ><\/div><div id=\"wpforms-29261-field_24-container\" class=\"wpforms-field wpforms-field-text\" data-field-id=\"24\"><label class=\"wpforms-field-label\" for=\"wpforms-29261-field_24\">Profession<\/label><input type=\"text\" id=\"wpforms-29261-field_24\" class=\"wpforms-field-medium\" name=\"wpforms[fields][24]\" ><\/div><div id=\"wpforms-29261-field_36-container\" class=\"wpforms-field wpforms-field-date-time\" data-field-id=\"36\"><label class=\"wpforms-field-label\" for=\"wpforms-29261-field_36\">Date d&#039;obtention du permis <span class=\"wpforms-required-label\">*<\/span><\/label><div class=\"wpforms-datepicker-wrap\"><input type=\"text\" id=\"wpforms-29261-field_36\" class=\"wpforms-field-date-time-date wpforms-datepicker wpforms-field-required wpforms-field-small\" data-date-format=\"d\/m\/Y\" data-disable-past-dates=\"0\" data-input=\"true\" name=\"wpforms[fields][36][date]\" required><a title=\"Clear Date\" data-clear class=\"wpforms-datepicker-clear\" style=\"display:none;\"><\/a><\/div><\/div><div id=\"wpforms-29261-field_26-container\" class=\"wpforms-field wpforms-field-pagebreak\" data-field-id=\"26\"><div class=\"wpforms-clear wpforms-pagebreak-split\"><button class=\"wpforms-page-button wpforms-page-prev\" data-action=\"prev\" data-page=\"2\" data-formid=\"29261\" disabled>Pr\u00e9c\u00e9dent<\/button><button class=\"wpforms-page-button wpforms-page-next\" data-action=\"next\" data-page=\"2\" data-formid=\"29261\" disabled>Continuer<\/button><\/div><\/div><\/div><div class=\"wpforms-page wpforms-page-3  \" style=\"display:none;\"><div id=\"wpforms-29261-field_27-container\" class=\"wpforms-field wpforms-field-radio\" data-field-id=\"27\"><label class=\"wpforms-field-label\" for=\"wpforms-29261-field_27\">Les garanties <span class=\"wpforms-required-label\">*<\/span><\/label><ul id=\"wpforms-29261-field_27\" class=\"wpforms-field-required\"><li class=\"choice-1 depth-1\"><input type=\"radio\" id=\"wpforms-29261-field_27_1\" name=\"wpforms[fields][27]\" value=\"Responsabilit\u00e9 Civile\" required ><label class=\"wpforms-field-label-inline\" for=\"wpforms-29261-field_27_1\">Responsabilit\u00e9 Civile<\/label><\/li><li class=\"choice-2 depth-1\"><input type=\"radio\" id=\"wpforms-29261-field_27_2\" name=\"wpforms[fields][27]\" value=\"Responsabilit\u00e9 Civile + Protection du Conducteur\" required ><label class=\"wpforms-field-label-inline\" for=\"wpforms-29261-field_27_2\">Responsabilit\u00e9 Civile + Protection du Conducteur<\/label><\/li><li class=\"choice-4 depth-1\"><input type=\"radio\" id=\"wpforms-29261-field_27_4\" name=\"wpforms[fields][27]\" value=\"Tous Risques\" required ><label class=\"wpforms-field-label-inline\" for=\"wpforms-29261-field_27_4\">Tous Risques<\/label><\/li><\/ul><\/div><div id=\"wpforms-29261-field_28-container\" class=\"wpforms-field wpforms-field-radio wpforms-list-inline\" data-field-id=\"28\"><label class=\"wpforms-field-label\" for=\"wpforms-29261-field_28\">Dur\u00e9e du contrat <span class=\"wpforms-required-label\">*<\/span><\/label><ul id=\"wpforms-29261-field_28\" class=\"wpforms-field-required\"><li class=\"choice-1 depth-1\"><input type=\"radio\" id=\"wpforms-29261-field_28_1\" name=\"wpforms[fields][28]\" value=\"1 mois\" required ><label class=\"wpforms-field-label-inline\" for=\"wpforms-29261-field_28_1\">1 mois<\/label><\/li><li class=\"choice-2 depth-1\"><input type=\"radio\" id=\"wpforms-29261-field_28_2\" name=\"wpforms[fields][28]\" value=\"3 mois\" required ><label class=\"wpforms-field-label-inline\" for=\"wpforms-29261-field_28_2\">3 mois<\/label><\/li><li class=\"choice-3 depth-1\"><input type=\"radio\" id=\"wpforms-29261-field_28_3\" name=\"wpforms[fields][28]\" value=\"6 mois\" required ><label class=\"wpforms-field-label-inline\" for=\"wpforms-29261-field_28_3\">6 mois<\/label><\/li><li class=\"choice-4 depth-1\"><input type=\"radio\" id=\"wpforms-29261-field_28_4\" name=\"wpforms[fields][28]\" value=\"1 an\" required ><label class=\"wpforms-field-label-inline\" for=\"wpforms-29261-field_28_4\">1 an<\/label><\/li><\/ul><\/div><div id=\"wpforms-29261-field_29-container\" class=\"wpforms-field wpforms-field-pagebreak\" data-field-id=\"29\"><div class=\"wpforms-clear wpforms-pagebreak-split\"><button class=\"wpforms-page-button wpforms-page-prev\" data-action=\"prev\" data-page=\"3\" data-formid=\"29261\" disabled>Pr\u00e9c\u00e9dent<\/button><button class=\"wpforms-page-button wpforms-page-next\" data-action=\"next\" data-page=\"3\" data-formid=\"29261\" disabled>Continuer<\/button><\/div><\/div><\/div><div class=\"wpforms-page wpforms-page-4 last \" style=\"display:none;\"><div id=\"wpforms-29261-field_30-container\" class=\"wpforms-field wpforms-field-entry-preview\" data-field-id=\"30\"><div class=\"wpforms-entry-preview-updating-message\">Updating preview\u2026<\/div><div class=\"wpforms-entry-preview-notice\" style=\"display: none;\"><strong>Voici le r\u00e9capitulatif de votre demande. Elle n'a pas encore \u00e9t\u00e9 soumise !<\/strong><br \/>\r\nPrenez le temps de v\u00e9rifier toutes les informations. Vous pouvez si n\u00e9cessaire revenir en arri\u00e8re pour les modifier.<\/div><div class=\"wpforms-entry-preview-wrapper\" style=\"display: none;\"><\/div><\/div><div id=\"wpforms-29261-field_17-container\" class=\"wpforms-field wpforms-field-pagebreak\" data-field-id=\"17\"><div class=\"wpforms-clear wpforms-pagebreak-split\"><button class=\"wpforms-page-button wpforms-page-prev\" data-action=\"prev\" data-page=\"4\" data-formid=\"29261\" disabled>Pr\u00e9c\u00e9dent<\/button><\/div><\/div><\/div><\/div><div class=\"wpforms-recaptcha-container wpforms-is-recaptcha\" style=\"display:none;\"><div class=\"g-recaptcha\" data-sitekey=\"6LfYVBglAAAAAKUaZobt5f_ATrUQ1m-dqEAWhUXx\"><\/div><input type=\"text\" name=\"g-recaptcha-hidden\" class=\"wpforms-recaptcha-hidden\" style=\"position:absolute!important;clip:rect(0,0,0,0)!important;height:1px!important;width:1px!important;border:0!important;overflow:hidden!important;padding:0!important;margin:0!important;\" required><\/div><div class=\"wpforms-submit-container\" style=\"display:none;\"><input type=\"hidden\" name=\"wpforms[id]\" value=\"29261\"><input type=\"hidden\" name=\"wpforms[author]\" value=\"1\"><button type=\"submit\" name=\"wpforms[submit]\" id=\"wpforms-submit-29261\" class=\"wpforms-submit\" data-alt-text=\"Envoi...\" data-submit-text=\"Envoyer\" aria-live=\"assertive\" value=\"wpforms-submit\">Envoyer<\/button><img decoding=\"async\" src=\"https:\/\/afgassurancescomores.com\/wp-content\/plugins\/wpforms\/assets\/images\/submit-spin.svg\" class=\"wpforms-submit-spinner\" style=\"display: none;\" width=\"26\" height=\"26\" alt=\"\"><\/div><\/form><\/div>  <!-- .wpforms-container -->\t\t\t\t<\/div>\n\t\t\t\t<\/div>\n\t\t\t\t\t<\/div>\n\t\t<\/div>\n\t\t\t\t\t<\/div>\n\t\t<\/section>\n\t\t\t\t<\/div>\n\t\t","protected":false},"excerpt":{"rendered":"<p>Devis Auto\/Moto<\/p>\n","protected":false},"author":1,"featured_media":0,"parent":0,"menu_order":0,"comment_status":"closed","ping_status":"closed","template":"elementor_header_footer","meta":{"_acf_changed":false,"footnotes":""},"class_list":["post-29270","page","type-page","status-publish","hentry"],"acf":[],"_links":{"self":[{"href":"https:\/\/afgassurancescomores.com\/en\/wp-json\/wp\/v2\/pages\/29270","targetHints":{"allow":["GET"]}}],"collection":[{"href":"https:\/\/afgassurancescomores.com\/en\/wp-json\/wp\/v2\/pages"}],"about":[{"href":"https:\/\/afgassurancescomores.com\/en\/wp-json\/wp\/v2\/types\/page"}],"author":[{"embeddable":true,"href":"https:\/\/afgassurancescomores.com\/en\/wp-json\/wp\/v2\/users\/1"}],"replies":[{"embeddable":true,"href":"https:\/\/afgassurancescomores.com\/en\/wp-json\/wp\/v2\/comments?post=29270"}],"version-history":[{"count":46,"href":"https:\/\/afgassurancescomores.com\/en\/wp-json\/wp\/v2\/pages\/29270\/revisions"}],"predecessor-version":[{"id":31794,"href":"https:\/\/afgassurancescomores.com\/en\/wp-json\/wp\/v2\/pages\/29270\/revisions\/31794"}],"wp:attachment":[{"href":"https:\/\/afgassurancescomores.com\/en\/wp-json\/wp\/v2\/media?parent=29270"}],"curies":[{"name":"wp","href":"https:\/\/api.w.org\/{rel}","templated":true}]}}