{"id":29278,"date":"2022-08-25T05:54:58","date_gmt":"2022-08-25T03:54:58","guid":{"rendered":"https:\/\/afgassurancescomores.com\/?page_id=29278"},"modified":"2024-06-11T03:16:42","modified_gmt":"2024-06-11T00:16:42","slug":"devis-multirisque-habitation","status":"publish","type":"page","link":"https:\/\/afgassurancescomores.com\/en\/devis-multirisque-habitation\/","title":{"rendered":"Devis Multirisque Habitation"},"content":{"rendered":"\t\t<div data-elementor-type=\"wp-page\" data-elementor-id=\"29278\" class=\"elementor elementor-29278\" data-elementor-post-type=\"page\">\n\t\t\t\t\t\t<section class=\"elementor-section elementor-top-section elementor-element elementor-element-1921476 elementor-section-height-min-height elementor-section-boxed elementor-section-height-default elementor-section-items-middle\" data-id=\"1921476\" data-element_type=\"section\" data-e-type=\"section\" data-settings=\"{&quot;background_background&quot;:&quot;classic&quot;}\">\n\t\t\t\t\t\t\t<div class=\"elementor-background-overlay\"><\/div>\n\t\t\t\t\t\t\t<div class=\"elementor-container elementor-column-gap-default\">\n\t\t\t\t\t<div class=\"elementor-column elementor-col-100 elementor-top-column elementor-element elementor-element-33d9c22\" data-id=\"33d9c22\" data-element_type=\"column\" data-e-type=\"column\">\n\t\t\t<div class=\"elementor-widget-wrap elementor-element-populated\">\n\t\t\t\t\t\t<div class=\"elementor-element elementor-element-79de445 elementor-widget elementor-widget-heading\" data-id=\"79de445\" data-element_type=\"widget\" data-e-type=\"widget\" data-widget_type=\"heading.default\">\n\t\t\t\t<div class=\"elementor-widget-container\">\n\t\t\t\t\t<h1 class=\"elementor-heading-title elementor-size-xxl\">Devis Multirisque Habitation<\/h1>\t\t\t\t<\/div>\n\t\t\t\t<\/div>\n\t\t\t\t\t<\/div>\n\t\t<\/div>\n\t\t\t\t\t<\/div>\n\t\t<\/section>\n\t\t\t\t<section class=\"elementor-section elementor-top-section elementor-element elementor-element-b82c876 elementor-section-boxed elementor-section-height-default elementor-section-height-default\" data-id=\"b82c876\" data-element_type=\"section\" data-e-type=\"section\">\n\t\t\t\t\t\t<div class=\"elementor-container elementor-column-gap-default\">\n\t\t\t\t\t<div class=\"elementor-column elementor-col-100 elementor-top-column elementor-element elementor-element-69f6f47\" data-id=\"69f6f47\" data-element_type=\"column\" data-e-type=\"column\">\n\t\t\t<div class=\"elementor-widget-wrap elementor-element-populated\">\n\t\t\t\t\t\t<div class=\"elementor-element elementor-element-1044c21 elementor-widget elementor-widget-spacer\" data-id=\"1044c21\" data-element_type=\"widget\" data-e-type=\"widget\" data-widget_type=\"spacer.default\">\n\t\t\t\t<div class=\"elementor-widget-container\">\n\t\t\t\t\t\t\t<div class=\"elementor-spacer\">\n\t\t\t<div class=\"elementor-spacer-inner\"><\/div>\n\t\t<\/div>\n\t\t\t\t\t\t<\/div>\n\t\t\t\t<\/div>\n\t\t\t\t\t<\/div>\n\t\t<\/div>\n\t\t\t\t\t<\/div>\n\t\t<\/section>\n\t\t\t\t<section class=\"elementor-section elementor-top-section elementor-element elementor-element-045a87a elementor-section-boxed elementor-section-height-default elementor-section-height-default\" data-id=\"045a87a\" data-element_type=\"section\" data-e-type=\"section\">\n\t\t\t\t\t\t<div class=\"elementor-container elementor-column-gap-default\">\n\t\t\t\t\t<div class=\"elementor-column elementor-col-100 elementor-top-column elementor-element elementor-element-ee89510\" data-id=\"ee89510\" data-element_type=\"column\" data-e-type=\"column\">\n\t\t\t<div class=\"elementor-widget-wrap elementor-element-populated\">\n\t\t\t\t\t\t<div class=\"elementor-element elementor-element-4cc554d elementor-widget elementor-widget-wpforms\" data-id=\"4cc554d\" data-element_type=\"widget\" data-e-type=\"widget\" data-widget_type=\"wpforms.default\">\n\t\t\t\t<div class=\"elementor-widget-container\">\n\t\t\t\t\t<div class=\"wpforms-container wpforms-container-full\" id=\"wpforms-29266\"><form id=\"wpforms-form-29266\" class=\"wpforms-validate wpforms-form wpforms-ajax-form\" data-formid=\"29266\" method=\"post\" enctype=\"multipart\/form-data\" action=\"\/en\/wp-json\/wp\/v2\/pages\/29278\" data-token=\"45495cfc32bb1ea6fd9e45cebf8e9465\"><noscript class=\"wpforms-error-noscript\">Please enable JavaScript in your browser to complete this form.<\/noscript><div class=\"wpforms-page-indicator connector\" data-indicator=\"connector\" data-indicator-color=\"#089a44\" data-scroll=\"1\"><div class=\"wpforms-page-indicator-page active wpforms-page-indicator-page-1\" style=\"width:16.666666666667%;\"><span class=\"wpforms-page-indicator-page-number\" style=\"background-color:#089a44\">1<span class=\"wpforms-page-indicator-page-triangle\" style=\"border-top-color:#089a44\"><\/span><\/span><span class=\"wpforms-page-indicator-page-title\">La situation<span><\/div><div class=\"wpforms-page-indicator-page  wpforms-page-indicator-page-2\" style=\"width:16.666666666667%;\"><span class=\"wpforms-page-indicator-page-number\">2<span class=\"wpforms-page-indicator-page-triangle\"><\/span><\/span><span class=\"wpforms-page-indicator-page-title\">Le logement<span><\/div><div class=\"wpforms-page-indicator-page  wpforms-page-indicator-page-3\" style=\"width:16.666666666667%;\"><span class=\"wpforms-page-indicator-page-number\">3<span class=\"wpforms-page-indicator-page-triangle\"><\/span><\/span><span class=\"wpforms-page-indicator-page-title\">Les valeurs<span><\/div><div class=\"wpforms-page-indicator-page  wpforms-page-indicator-page-4\" style=\"width:16.666666666667%;\"><span class=\"wpforms-page-indicator-page-number\">4<span class=\"wpforms-page-indicator-page-triangle\"><\/span><\/span><span class=\"wpforms-page-indicator-page-title\">L&#039;assur\u00e9<span><\/div><div class=\"wpforms-page-indicator-page  wpforms-page-indicator-page-5\" style=\"width:16.666666666667%;\"><span class=\"wpforms-page-indicator-page-number\">5<span class=\"wpforms-page-indicator-page-triangle\"><\/span><\/span><span class=\"wpforms-page-indicator-page-title\">Les garanties<span><\/div><div class=\"wpforms-page-indicator-page  wpforms-page-indicator-page-6\" style=\"width:16.666666666667%;\"><span class=\"wpforms-page-indicator-page-number\">6<span class=\"wpforms-page-indicator-page-triangle\"><\/span><\/span><span class=\"wpforms-page-indicator-page-title\">Le r\u00e9capitulatif<span><\/div><\/div><div class=\"wpforms-field-container\"><div class=\"wpforms-page wpforms-page-1 \"><div id=\"wpforms-29266-field_8-container\" class=\"wpforms-field wpforms-field-pagebreak\" data-field-id=\"8\"><\/div><div id=\"wpforms-29266-field_36-container\" class=\"wpforms-field wpforms-field-radio wpforms-list-inline\" data-field-id=\"36\"><label class=\"wpforms-field-label\" for=\"wpforms-29266-field_36\">De quel type de logement s&#039;agit-il ? <span class=\"wpforms-required-label\">*<\/span><\/label><ul id=\"wpforms-29266-field_36\" class=\"wpforms-field-required\"><li class=\"choice-1 depth-1\"><input type=\"radio\" id=\"wpforms-29266-field_36_1\" name=\"wpforms[fields][36]\" value=\"D&#039;une maison\" required ><label class=\"wpforms-field-label-inline\" for=\"wpforms-29266-field_36_1\">D'une maison<\/label><\/li><li class=\"choice-2 depth-1\"><input type=\"radio\" id=\"wpforms-29266-field_36_2\" name=\"wpforms[fields][36]\" value=\"D&#039;un appartement\" required ><label class=\"wpforms-field-label-inline\" for=\"wpforms-29266-field_36_2\">D'un appartement<\/label><\/li><\/ul><\/div><div id=\"wpforms-29266-field_37-container\" class=\"wpforms-field wpforms-field-radio wpforms-list-inline\" data-field-id=\"37\"><label class=\"wpforms-field-label\" for=\"wpforms-29266-field_37\">Vous en \u00eates propri\u00e9taire ? <span class=\"wpforms-required-label\">*<\/span><\/label><ul id=\"wpforms-29266-field_37\" class=\"wpforms-field-required\"><li class=\"choice-1 depth-1\"><input type=\"radio\" id=\"wpforms-29266-field_37_1\" name=\"wpforms[fields][37]\" value=\"Propri\u00e9taire\" required ><label class=\"wpforms-field-label-inline\" for=\"wpforms-29266-field_37_1\">Propri\u00e9taire<\/label><\/li><li class=\"choice-2 depth-1\"><input type=\"radio\" id=\"wpforms-29266-field_37_2\" name=\"wpforms[fields][37]\" value=\"Locataire\" required ><label class=\"wpforms-field-label-inline\" for=\"wpforms-29266-field_37_2\">Locataire<\/label><\/li><\/ul><\/div><div id=\"wpforms-29266-field_38-container\" class=\"wpforms-field wpforms-field-radio\" data-field-id=\"38\"><label class=\"wpforms-field-label\" for=\"wpforms-29266-field_38\">Quel est l&#039;usage de ce logement ? <span class=\"wpforms-required-label\">*<\/span><\/label><ul id=\"wpforms-29266-field_38\" class=\"wpforms-field-required\"><li class=\"choice-1 depth-1\"><input type=\"radio\" id=\"wpforms-29266-field_38_1\" name=\"wpforms[fields][38]\" value=\"Votre r\u00e9sidence principale\" required ><label class=\"wpforms-field-label-inline\" for=\"wpforms-29266-field_38_1\">Votre r\u00e9sidence principale<\/label><\/li><li class=\"choice-2 depth-1\"><input type=\"radio\" id=\"wpforms-29266-field_38_2\" name=\"wpforms[fields][38]\" value=\"Une r\u00e9sidence secondaire\" required ><label class=\"wpforms-field-label-inline\" for=\"wpforms-29266-field_38_2\">Une r\u00e9sidence secondaire<\/label><\/li><li class=\"choice-3 depth-1\"><input type=\"radio\" id=\"wpforms-29266-field_38_3\" name=\"wpforms[fields][38]\" value=\"Un logement destin\u00e9 \u00e0 la location \" required ><label class=\"wpforms-field-label-inline\" for=\"wpforms-29266-field_38_3\">Un logement destin\u00e9 \u00e0 la location <\/label><\/li><\/ul><\/div><div id=\"wpforms-29266-field_7-container\" class=\"wpforms-field wpforms-field-pagebreak\" data-field-id=\"7\"><div class=\"wpforms-clear wpforms-pagebreak-split\"><button class=\"wpforms-page-button wpforms-page-next\" data-action=\"next\" data-page=\"1\" data-formid=\"29266\" disabled>Continuer<\/button><\/div><\/div><\/div><div class=\"wpforms-page wpforms-page-2  \" style=\"display:none;\"><div id=\"wpforms-29266-field_13-container\" class=\"wpforms-field wpforms-field-divider\" data-field-id=\"13\"><h3 id=\"wpforms-29266-field_13\" name=\"wpforms[fields][13]\">De combien de pi\u00e8ces est compos\u00e9 ce logement?<\/h3><\/div><div id=\"wpforms-29266-field_51-container\" class=\"wpforms-field wpforms-field-text wpf-num-limit\" data-field-id=\"51\"><label class=\"wpforms-field-label\" for=\"wpforms-29266-field_51\">Salon \/ S\u00e9jour \/ Salle \u00e0 manger <span class=\"wpforms-required-label\">*<\/span><\/label><input type=\"text\" id=\"wpforms-29266-field_51\" class=\"wpforms-field-small wpforms-field-required\" name=\"wpforms[fields][51]\" value=\"0\" required><\/div><div id=\"wpforms-29266-field_54-container\" class=\"wpforms-field wpforms-field-number wpf-num-limit\" data-field-id=\"54\"><label class=\"wpforms-field-label\" for=\"wpforms-29266-field_54\">Chambre <span class=\"wpforms-required-label\">*<\/span><\/label><input type=\"number\" pattern=\"\\d*\" id=\"wpforms-29266-field_54\" class=\"wpforms-field-small wpforms-field-required\" name=\"wpforms[fields][54]\" value=\"0\" required><\/div><div id=\"wpforms-29266-field_55-container\" class=\"wpforms-field wpforms-field-number wpf-num-limit\" data-field-id=\"55\"><label class=\"wpforms-field-label\" for=\"wpforms-29266-field_55\">Biblioth\u00e8que \/ Salle de jeux \/ Bureau <span class=\"wpforms-required-label\">*<\/span><\/label><input type=\"number\" pattern=\"\\d*\" id=\"wpforms-29266-field_55\" class=\"wpforms-field-small wpforms-field-required\" name=\"wpforms[fields][55]\" value=\"0\" required><\/div><div id=\"wpforms-29266-field_43-container\" class=\"wpforms-field wpforms-field-number wpf-num-limit\" data-field-id=\"43\"><label class=\"wpforms-field-label\" for=\"wpforms-29266-field_43\">V\u00e9randa <span class=\"wpforms-required-label\">*<\/span><\/label><input type=\"number\" pattern=\"\\d*\" id=\"wpforms-29266-field_43\" class=\"wpforms-field-small wpforms-field-required\" name=\"wpforms[fields][43]\" value=\"0\" required><\/div><div id=\"wpforms-29266-field_44-container\" class=\"wpforms-field wpforms-field-number wpf-num-limit\" data-field-id=\"44\"><label class=\"wpforms-field-label\" for=\"wpforms-29266-field_44\">Mezzanine d&#039;une hauteur sup\u00e9rieur \u00e0 1m80 <span class=\"wpforms-required-label\">*<\/span><\/label><input type=\"number\" pattern=\"\\d*\" id=\"wpforms-29266-field_44\" class=\"wpforms-field-small wpforms-field-required\" name=\"wpforms[fields][44]\" value=\"0\" required><\/div><div id=\"wpforms-29266-field_19-container\" class=\"wpforms-field wpforms-field-pagebreak\" data-field-id=\"19\"><div class=\"wpforms-clear wpforms-pagebreak-split\"><button class=\"wpforms-page-button wpforms-page-prev\" data-action=\"prev\" data-page=\"2\" data-formid=\"29266\" disabled>Pr\u00e9c\u00e9dent<\/button><button class=\"wpforms-page-button wpforms-page-next\" data-action=\"next\" data-page=\"2\" data-formid=\"29266\" disabled>Continuer<\/button><\/div><\/div><\/div><div class=\"wpforms-page wpforms-page-3  \" style=\"display:none;\"><div id=\"wpforms-29266-field_20-container\" class=\"wpforms-field wpforms-field-divider\" data-field-id=\"20\"><h3 id=\"wpforms-29266-field_20\" name=\"wpforms[fields][20]\">Les valeurs<\/h3><\/div><div id=\"wpforms-29266-field_46-container\" class=\"wpforms-field wpforms-field-number wpf-num-limit\" data-field-id=\"46\"><label class=\"wpforms-field-label\" for=\"wpforms-29266-field_46\">Si vous \u00eates Propri\u00e9taire, quelle est la valeur du logement en KMF ? (0 si vous \u00eates locataires) <span class=\"wpforms-required-label\">*<\/span><\/label><input type=\"number\" pattern=\"\\d*\" id=\"wpforms-29266-field_46\" class=\"wpforms-field-small wpforms-field-required\" name=\"wpforms[fields][46]\" value=\"0\" required><\/div><div id=\"wpforms-29266-field_50-container\" class=\"wpforms-field wpforms-field-number wpf-num-limit\" data-field-id=\"50\"><label class=\"wpforms-field-label\" for=\"wpforms-29266-field_50\">Si vous \u00eates Locataire, quel est le loyer mensuel en KMF? (0 si vous \u00eates propri\u00e9taire) <span class=\"wpforms-required-label\">*<\/span><\/label><input type=\"number\" pattern=\"\\d*\" id=\"wpforms-29266-field_50\" class=\"wpforms-field-small wpforms-field-required\" name=\"wpforms[fields][50]\" value=\"0\" required><\/div><div id=\"wpforms-29266-field_48-container\" class=\"wpforms-field wpforms-field-number wpf-num-limit\" data-field-id=\"48\"><label class=\"wpforms-field-label\" for=\"wpforms-29266-field_48\">Quelle est la valeur de vos biens usuels en KMF ? <span class=\"wpforms-required-label\">*<\/span><\/label><input type=\"number\" pattern=\"\\d*\" id=\"wpforms-29266-field_48\" class=\"wpforms-field-small wpforms-field-required\" name=\"wpforms[fields][48]\" value=\"0\" required><\/div><div id=\"wpforms-29266-field_49-container\" class=\"wpforms-field wpforms-field-number wpf-num-limit\" data-field-id=\"49\"><label class=\"wpforms-field-label\" for=\"wpforms-29266-field_49\">Quelle est la valeur de vos objets pr\u00e9cieux en KMF ? <span class=\"wpforms-required-label\">*<\/span><\/label><input type=\"number\" pattern=\"\\d*\" id=\"wpforms-29266-field_49\" class=\"wpforms-field-small wpforms-field-required\" name=\"wpforms[fields][49]\" value=\"0\" required><\/div><div id=\"wpforms-29266-field_45-container\" class=\"wpforms-field wpforms-field-pagebreak\" data-field-id=\"45\"><div class=\"wpforms-clear wpforms-pagebreak-split\"><button class=\"wpforms-page-button wpforms-page-prev\" data-action=\"prev\" data-page=\"3\" data-formid=\"29266\" disabled>Pr\u00e9c\u00e9dent<\/button><button class=\"wpforms-page-button wpforms-page-next\" data-action=\"next\" data-page=\"3\" data-formid=\"29266\" disabled>Continuer<\/button><\/div><\/div><\/div><div class=\"wpforms-page wpforms-page-4  \" style=\"display:none;\"><div id=\"wpforms-29266-field_27-container\" class=\"wpforms-field wpforms-field-text\" data-field-id=\"27\"><label class=\"wpforms-field-label\" for=\"wpforms-29266-field_27\">Nom ou Raison sociale <span class=\"wpforms-required-label\">*<\/span><\/label><input type=\"text\" id=\"wpforms-29266-field_27\" class=\"wpforms-field-medium wpforms-field-required\" name=\"wpforms[fields][27]\" required><\/div><div id=\"wpforms-29266-field_26-container\" class=\"wpforms-field wpforms-field-email\" data-field-id=\"26\"><label class=\"wpforms-field-label\" for=\"wpforms-29266-field_26\">E-mail <span class=\"wpforms-required-label\">*<\/span><\/label><input type=\"email\" id=\"wpforms-29266-field_26\" class=\"wpforms-field-medium wpforms-field-required\" name=\"wpforms[fields][26]\" required><\/div><div id=\"wpforms-29266-field_28-container\" class=\"wpforms-field wpforms-field-phone\" data-field-id=\"28\"><label class=\"wpforms-field-label\" for=\"wpforms-29266-field_28\">T\u00e9l\u00e9phone <span class=\"wpforms-required-label\">*<\/span><\/label><input type=\"tel\" id=\"wpforms-29266-field_28\" class=\"wpforms-field-small wpforms-field-required wpforms-smart-phone-field\" data-rule-smart-phone-field=\"true\" name=\"wpforms[fields][28]\" required><\/div><div id=\"wpforms-29266-field_29-container\" class=\"wpforms-field wpforms-field-text\" data-field-id=\"29\"><label class=\"wpforms-field-label\" for=\"wpforms-29266-field_29\">Adresse<\/label><input type=\"text\" id=\"wpforms-29266-field_29\" class=\"wpforms-field-medium\" name=\"wpforms[fields][29]\" ><\/div><div id=\"wpforms-29266-field_30-container\" class=\"wpforms-field wpforms-field-text\" data-field-id=\"30\"><label class=\"wpforms-field-label\" for=\"wpforms-29266-field_30\">Profession<\/label><input type=\"text\" id=\"wpforms-29266-field_30\" class=\"wpforms-field-medium\" name=\"wpforms[fields][30]\" ><\/div><div id=\"wpforms-29266-field_31-container\" class=\"wpforms-field wpforms-field-pagebreak\" data-field-id=\"31\"><div class=\"wpforms-clear wpforms-pagebreak-split\"><button class=\"wpforms-page-button wpforms-page-prev\" data-action=\"prev\" data-page=\"4\" data-formid=\"29266\" disabled>Pr\u00e9c\u00e9dent<\/button><button class=\"wpforms-page-button wpforms-page-next\" data-action=\"next\" data-page=\"4\" data-formid=\"29266\" disabled>Continuer<\/button><\/div><\/div><\/div><div class=\"wpforms-page wpforms-page-5  \" style=\"display:none;\"><div id=\"wpforms-29266-field_33-container\" class=\"wpforms-field wpforms-field-checkbox\" data-field-id=\"33\"><label class=\"wpforms-field-label\" for=\"wpforms-29266-field_33\">Les garanties<\/label><ul id=\"wpforms-29266-field_33\"><li class=\"choice-1 depth-1 wpforms-selected\"><input type=\"checkbox\" id=\"wpforms-29266-field_33_1\" name=\"wpforms[fields][33][]\" value=\"Incendie\"   checked='checked'><label class=\"wpforms-field-label-inline\" for=\"wpforms-29266-field_33_1\">Incendie<\/label><\/li><li class=\"choice-2 depth-1\"><input type=\"checkbox\" id=\"wpforms-29266-field_33_2\" name=\"wpforms[fields][33][]\" value=\"Vol\"  ><label class=\"wpforms-field-label-inline\" for=\"wpforms-29266-field_33_2\">Vol<\/label><\/li><li class=\"choice-5 depth-1\"><input type=\"checkbox\" id=\"wpforms-29266-field_33_5\" name=\"wpforms[fields][33][]\" value=\"D\u00e9g\u00e2ts des eaux\"  ><label class=\"wpforms-field-label-inline\" for=\"wpforms-29266-field_33_5\">D\u00e9g\u00e2ts des eaux<\/label><\/li><li class=\"choice-3 depth-1\"><input type=\"checkbox\" id=\"wpforms-29266-field_33_3\" name=\"wpforms[fields][33][]\" value=\"Bris de glace\"  ><label class=\"wpforms-field-label-inline\" for=\"wpforms-29266-field_33_3\">Bris de glace<\/label><\/li><li class=\"choice-4 depth-1\"><input type=\"checkbox\" id=\"wpforms-29266-field_33_4\" name=\"wpforms[fields][33][]\" value=\"D\u00e9t\u00e9rioration immobili\u00e8re\"  ><label class=\"wpforms-field-label-inline\" for=\"wpforms-29266-field_33_4\">D\u00e9t\u00e9rioration immobili\u00e8re<\/label><\/li><\/ul><\/div><div id=\"wpforms-29266-field_34-container\" class=\"wpforms-field wpforms-field-pagebreak\" data-field-id=\"34\"><div class=\"wpforms-clear wpforms-pagebreak-split\"><button class=\"wpforms-page-button wpforms-page-prev\" data-action=\"prev\" data-page=\"5\" data-formid=\"29266\" disabled>Pr\u00e9c\u00e9dent<\/button><button class=\"wpforms-page-button wpforms-page-next\" data-action=\"next\" data-page=\"5\" data-formid=\"29266\" disabled>Continuer<\/button><\/div><\/div><\/div><div class=\"wpforms-page wpforms-page-6 last \" style=\"display:none;\"><div id=\"wpforms-29266-field_35-container\" class=\"wpforms-field wpforms-field-entry-preview\" data-field-id=\"35\"><div class=\"wpforms-entry-preview-updating-message\">Updating preview\u2026<\/div><div class=\"wpforms-entry-preview-notice\" style=\"display: none;\"><strong>Voici le r\u00e9capitulatif de votre demande. Elle n'a pas encore \u00e9t\u00e9 soumise !<\/strong><br \/>\r\nPrenez le temps de v\u00e9rifier toutes les informations. Vous pouvez si n\u00e9cessaire revenir en arri\u00e8re pour les modifier.<\/div><div class=\"wpforms-entry-preview-wrapper\" style=\"display: none;\"><\/div><\/div><div id=\"wpforms-29266-field_9-container\" class=\"wpforms-field wpforms-field-pagebreak\" data-field-id=\"9\"><div class=\"wpforms-clear wpforms-pagebreak-split\"><button class=\"wpforms-page-button wpforms-page-prev\" data-action=\"prev\" data-page=\"6\" data-formid=\"29266\" disabled>Pr\u00e9c\u00e9dent<\/button><\/div><\/div><\/div><\/div><div class=\"wpforms-recaptcha-container wpforms-is-recaptcha\" style=\"display:none;\"><div class=\"g-recaptcha\" data-sitekey=\"6LfYVBglAAAAAKUaZobt5f_ATrUQ1m-dqEAWhUXx\"><\/div><input type=\"text\" name=\"g-recaptcha-hidden\" class=\"wpforms-recaptcha-hidden\" style=\"position:absolute!important;clip:rect(0,0,0,0)!important;height:1px!important;width:1px!important;border:0!important;overflow:hidden!important;padding:0!important;margin:0!important;\" required><\/div><div class=\"wpforms-submit-container\" style=\"display:none;\"><input type=\"hidden\" name=\"wpforms[id]\" value=\"29266\"><input type=\"hidden\" name=\"wpforms[author]\" value=\"1\"><button type=\"submit\" name=\"wpforms[submit]\" id=\"wpforms-submit-29266\" class=\"wpforms-submit\" data-alt-text=\"Envoi...\" data-submit-text=\"Envoyer votre demande\" aria-live=\"assertive\" value=\"wpforms-submit\">Envoyer votre demande<\/button><img decoding=\"async\" src=\"https:\/\/afgassurancescomores.com\/wp-content\/plugins\/wpforms\/assets\/images\/submit-spin.svg\" class=\"wpforms-submit-spinner\" style=\"display: none;\" width=\"26\" height=\"26\" alt=\"\"><\/div><\/form><\/div>  <!-- .wpforms-container -->\t\t\t\t<\/div>\n\t\t\t\t<\/div>\n\t\t\t\t\t<\/div>\n\t\t<\/div>\n\t\t\t\t\t<\/div>\n\t\t<\/section>\n\t\t\t\t<\/div>\n\t\t","protected":false},"excerpt":{"rendered":"<p>Devis Multirisque Habitation<\/p>\n","protected":false},"author":1,"featured_media":0,"parent":0,"menu_order":0,"comment_status":"closed","ping_status":"closed","template":"elementor_header_footer","meta":{"_acf_changed":false,"footnotes":""},"class_list":["post-29278","page","type-page","status-publish","hentry"],"acf":[],"_links":{"self":[{"href":"https:\/\/afgassurancescomores.com\/en\/wp-json\/wp\/v2\/pages\/29278","targetHints":{"allow":["GET"]}}],"collection":[{"href":"https:\/\/afgassurancescomores.com\/en\/wp-json\/wp\/v2\/pages"}],"about":[{"href":"https:\/\/afgassurancescomores.com\/en\/wp-json\/wp\/v2\/types\/page"}],"author":[{"embeddable":true,"href":"https:\/\/afgassurancescomores.com\/en\/wp-json\/wp\/v2\/users\/1"}],"replies":[{"embeddable":true,"href":"https:\/\/afgassurancescomores.com\/en\/wp-json\/wp\/v2\/comments?post=29278"}],"version-history":[{"count":28,"href":"https:\/\/afgassurancescomores.com\/en\/wp-json\/wp\/v2\/pages\/29278\/revisions"}],"predecessor-version":[{"id":31798,"href":"https:\/\/afgassurancescomores.com\/en\/wp-json\/wp\/v2\/pages\/29278\/revisions\/31798"}],"wp:attachment":[{"href":"https:\/\/afgassurancescomores.com\/en\/wp-json\/wp\/v2\/media?parent=29278"}],"curies":[{"name":"wp","href":"https:\/\/api.w.org\/{rel}","templated":true}]}}