{"id":29309,"date":"2022-08-25T06:55:08","date_gmt":"2022-08-25T04:55:08","guid":{"rendered":"https:\/\/afgassurancescomores.com\/?page_id=29309"},"modified":"2024-06-11T03:30:45","modified_gmt":"2024-06-11T00:30:45","slug":"declarer-un-sinistre-habitation","status":"publish","type":"page","link":"https:\/\/afgassurancescomores.com\/en\/declarer-un-sinistre-habitation\/","title":{"rendered":"D\u00e9clarer un sinistre Habitation"},"content":{"rendered":"\t\t<div data-elementor-type=\"wp-page\" data-elementor-id=\"29309\" class=\"elementor elementor-29309\" data-elementor-post-type=\"page\">\n\t\t\t\t\t\t<section class=\"elementor-section elementor-top-section elementor-element elementor-element-d0b45d2 elementor-section-height-min-height elementor-section-items-stretch elementor-section-boxed elementor-section-height-default\" data-id=\"d0b45d2\" data-element_type=\"section\" data-e-type=\"section\" data-settings=\"{&quot;background_background&quot;:&quot;classic&quot;}\">\n\t\t\t\t\t\t<div class=\"elementor-container elementor-column-gap-default\">\n\t\t\t\t\t<div class=\"elementor-column elementor-col-100 elementor-top-column elementor-element elementor-element-7f5aede\" data-id=\"7f5aede\" data-element_type=\"column\" data-e-type=\"column\">\n\t\t\t<div class=\"elementor-widget-wrap elementor-element-populated\">\n\t\t\t\t\t\t<div class=\"elementor-element elementor-element-891e624 elementor-widget elementor-widget-heading\" data-id=\"891e624\" data-element_type=\"widget\" data-e-type=\"widget\" data-widget_type=\"heading.default\">\n\t\t\t\t<div class=\"elementor-widget-container\">\n\t\t\t\t\t<h1 class=\"elementor-heading-title elementor-size-xxl\">D\u00e9clarer <br>un sinistre habitation<\/h1>\t\t\t\t<\/div>\n\t\t\t\t<\/div>\n\t\t\t\t\t<\/div>\n\t\t<\/div>\n\t\t\t\t\t<\/div>\n\t\t<\/section>\n\t\t\t\t<section class=\"elementor-section elementor-top-section elementor-element elementor-element-27ac961 elementor-section-boxed elementor-section-height-default elementor-section-height-default\" data-id=\"27ac961\" data-element_type=\"section\" data-e-type=\"section\">\n\t\t\t\t\t\t<div class=\"elementor-container elementor-column-gap-default\">\n\t\t\t\t\t<div class=\"elementor-column elementor-col-100 elementor-top-column elementor-element elementor-element-f0083f5\" data-id=\"f0083f5\" data-element_type=\"column\" data-e-type=\"column\">\n\t\t\t<div class=\"elementor-widget-wrap elementor-element-populated\">\n\t\t\t\t\t\t<div class=\"elementor-element elementor-element-3596f16 elementor-widget elementor-widget-spacer\" data-id=\"3596f16\" data-element_type=\"widget\" data-e-type=\"widget\" data-widget_type=\"spacer.default\">\n\t\t\t\t<div class=\"elementor-widget-container\">\n\t\t\t\t\t\t\t<div class=\"elementor-spacer\">\n\t\t\t<div class=\"elementor-spacer-inner\"><\/div>\n\t\t<\/div>\n\t\t\t\t\t\t<\/div>\n\t\t\t\t<\/div>\n\t\t\t\t\t<\/div>\n\t\t<\/div>\n\t\t\t\t\t<\/div>\n\t\t<\/section>\n\t\t\t\t<section class=\"elementor-section elementor-top-section elementor-element elementor-element-f2f5816 elementor-section-boxed elementor-section-height-default elementor-section-height-default\" data-id=\"f2f5816\" data-element_type=\"section\" data-e-type=\"section\">\n\t\t\t\t\t\t<div class=\"elementor-container elementor-column-gap-default\">\n\t\t\t\t\t<div class=\"elementor-column elementor-col-100 elementor-top-column elementor-element elementor-element-d760b66\" data-id=\"d760b66\" data-element_type=\"column\" data-e-type=\"column\">\n\t\t\t<div class=\"elementor-widget-wrap elementor-element-populated\">\n\t\t\t\t\t\t<div class=\"elementor-element elementor-element-1eb808a elementor-widget elementor-widget-wpforms\" data-id=\"1eb808a\" data-element_type=\"widget\" data-e-type=\"widget\" data-widget_type=\"wpforms.default\">\n\t\t\t\t<div class=\"elementor-widget-container\">\n\t\t\t\t\t<div class=\"wpforms-container wpforms-container-full\" id=\"wpforms-29269\"><form id=\"wpforms-form-29269\" class=\"wpforms-validate wpforms-form wpforms-ajax-form\" data-formid=\"29269\" method=\"post\" enctype=\"multipart\/form-data\" action=\"\/en\/wp-json\/wp\/v2\/pages\/29309\" data-token=\"04769207c3c3144cd01c03b8cfa523c8\"><noscript class=\"wpforms-error-noscript\">Please enable JavaScript in your browser to complete this form.<\/noscript><div class=\"wpforms-page-indicator connector\" data-indicator=\"connector\" data-indicator-color=\"#089a44\" data-scroll=\"1\"><div class=\"wpforms-page-indicator-page active wpforms-page-indicator-page-1\" style=\"width:33.333333333333%;\"><span class=\"wpforms-page-indicator-page-number\" style=\"background-color:#089a44\">1<span class=\"wpforms-page-indicator-page-triangle\" style=\"border-top-color:#089a44\"><\/span><\/span><span class=\"wpforms-page-indicator-page-title\">L&#039;assur\u00e9<span><\/div><div class=\"wpforms-page-indicator-page  wpforms-page-indicator-page-2\" style=\"width:33.333333333333%;\"><span class=\"wpforms-page-indicator-page-number\">2<span class=\"wpforms-page-indicator-page-triangle\"><\/span><\/span><span class=\"wpforms-page-indicator-page-title\">Le sinistre<span><\/div><div class=\"wpforms-page-indicator-page  wpforms-page-indicator-page-3\" style=\"width:33.333333333333%;\"><span class=\"wpforms-page-indicator-page-number\">3<span class=\"wpforms-page-indicator-page-triangle\"><\/span><\/span><span class=\"wpforms-page-indicator-page-title\">Le r\u00e9capitulatif<span><\/div><\/div><div class=\"wpforms-field-container\"><div class=\"wpforms-page wpforms-page-1 \"><div id=\"wpforms-29269-field_8-container\" class=\"wpforms-field wpforms-field-pagebreak\" data-field-id=\"8\"><\/div><div id=\"wpforms-29269-field_14-container\" class=\"wpforms-field wpforms-field-text\" data-field-id=\"14\"><label class=\"wpforms-field-label\" for=\"wpforms-29269-field_14\">Nom ou raison sociale <span class=\"wpforms-required-label\">*<\/span><\/label><input type=\"text\" id=\"wpforms-29269-field_14\" class=\"wpforms-field-medium wpforms-field-required\" name=\"wpforms[fields][14]\" required><\/div><div id=\"wpforms-29269-field_15-container\" class=\"wpforms-field wpforms-field-text\" data-field-id=\"15\"><label class=\"wpforms-field-label\" for=\"wpforms-29269-field_15\">Num\u00e9ro de police <span class=\"wpforms-required-label\">*<\/span><\/label><input type=\"text\" id=\"wpforms-29269-field_15\" class=\"wpforms-field-small wpforms-field-required\" name=\"wpforms[fields][15]\" required><\/div><div id=\"wpforms-29269-field_39-container\" class=\"wpforms-field wpforms-field-phone\" data-field-id=\"39\"><label class=\"wpforms-field-label\" for=\"wpforms-29269-field_39\">T\u00e9l\u00e9phone <span class=\"wpforms-required-label\">*<\/span><\/label><input type=\"tel\" id=\"wpforms-29269-field_39\" class=\"wpforms-field-small wpforms-field-required wpforms-smart-phone-field\" data-rule-smart-phone-field=\"true\" name=\"wpforms[fields][39]\" required><\/div><div id=\"wpforms-29269-field_38-container\" class=\"wpforms-field wpforms-field-email\" data-field-id=\"38\"><label class=\"wpforms-field-label\" for=\"wpforms-29269-field_38\">E-mail <span class=\"wpforms-required-label\">*<\/span><\/label><input type=\"email\" id=\"wpforms-29269-field_38\" class=\"wpforms-field-medium wpforms-field-required\" name=\"wpforms[fields][38]\" required><\/div><div id=\"wpforms-29269-field_34-container\" class=\"wpforms-field wpforms-field-pagebreak\" data-field-id=\"34\"><div class=\"wpforms-clear wpforms-pagebreak-split\"><button class=\"wpforms-page-button wpforms-page-next\" data-action=\"next\" data-page=\"1\" data-formid=\"29269\" disabled>Continuer<\/button><\/div><\/div><\/div><div class=\"wpforms-page wpforms-page-2  \" style=\"display:none;\"><div id=\"wpforms-29269-field_40-container\" class=\"wpforms-field wpforms-field-divider\" data-field-id=\"40\"><h3 id=\"wpforms-29269-field_40\" name=\"wpforms[fields][40]\">Informations sur le sinistre<\/h3><\/div><div id=\"wpforms-29269-field_41-container\" class=\"wpforms-field wpforms-field-date-time\" data-field-id=\"41\"><label class=\"wpforms-field-label\" for=\"wpforms-29269-field_41\">Date <span class=\"wpforms-required-label\">*<\/span><\/label><div class=\"wpforms-field-row wpforms-field-medium\"><div class=\"wpforms-field-row-block wpforms-one-half wpforms-first\"><div class=\"wpforms-datepicker-wrap\"><input type=\"text\" id=\"wpforms-29269-field_41\" class=\"wpforms-field-date-time-date wpforms-datepicker wpforms-field-required\" data-date-format=\"d\/m\/Y\" data-disable-past-dates=\"0\" data-input=\"true\" name=\"wpforms[fields][41][date]\" placeholder=\"Date\" required><a title=\"Clear Date\" data-clear class=\"wpforms-datepicker-clear\" style=\"display:none;\"><\/a><\/div><label for=\"wpforms-29269-field_41\" class=\"wpforms-field-sublabel after wpforms-sublabel-hide\">Date<\/label><\/div><div class=\"wpforms-field-row-block wpforms-one-half\"><input type=\"text\" id=\"wpforms-29269-field_41-time\" class=\"wpforms-field-date-time-time wpforms-timepicker wpforms-field-required\" data-time-format=\"H:i\" data-step=\"15\" data-rule-time24h=\"true\" name=\"wpforms[fields][41][time]\" placeholder=\"Heure\" required><label for=\"wpforms-29269-field_41-time\" class=\"wpforms-field-sublabel after wpforms-sublabel-hide\">Time<\/label><\/div><\/div><\/div><div id=\"wpforms-29269-field_43-container\" class=\"wpforms-field wpforms-field-text\" data-field-id=\"43\"><label class=\"wpforms-field-label\" for=\"wpforms-29269-field_43\">Lieu <span class=\"wpforms-required-label\">*<\/span><\/label><input type=\"text\" id=\"wpforms-29269-field_43\" class=\"wpforms-field-small wpforms-field-required\" name=\"wpforms[fields][43]\" required><\/div><div id=\"wpforms-29269-field_44-container\" class=\"wpforms-field wpforms-field-textarea\" data-field-id=\"44\"><label class=\"wpforms-field-label\" for=\"wpforms-29269-field_44\">Origine et circonstances des dommages <span class=\"wpforms-required-label\">*<\/span><\/label><textarea id=\"wpforms-29269-field_44\" class=\"wpforms-field-medium wpforms-field-required\" name=\"wpforms[fields][44]\" placeholder=\"D\u00e9crivez l&#039;origine et les circonstances du sinistre\" required><\/textarea><\/div><div id=\"wpforms-29269-field_45-container\" class=\"wpforms-field wpforms-field-textarea\" data-field-id=\"45\"><label class=\"wpforms-field-label\" for=\"wpforms-29269-field_45\">Vos dommages <span class=\"wpforms-required-label\">*<\/span><\/label><textarea id=\"wpforms-29269-field_45\" class=\"wpforms-field-medium wpforms-field-required\" name=\"wpforms[fields][45]\" placeholder=\"D\u00e9crivez les dommages que vous avez subi\" required><\/textarea><\/div><div id=\"wpforms-29269-field_46-container\" class=\"wpforms-field wpforms-field-textarea\" data-field-id=\"46\"><label class=\"wpforms-field-label\" for=\"wpforms-29269-field_46\">Informations compl\u00e9mentaires<\/label><textarea id=\"wpforms-29269-field_46\" class=\"wpforms-field-medium\" name=\"wpforms[fields][46]\" placeholder=\"Saisissez les informations compl\u00e9mentaires\" ><\/textarea><\/div><div id=\"wpforms-29269-field_52-container\" class=\"wpforms-field wpforms-field-radio wpforms-list-inline\" data-field-id=\"52\"><label class=\"wpforms-field-label\" for=\"wpforms-29269-field_52\">Est-ce qu&#039;un proc\u00e8s-verbal a \u00e9t\u00e9 dress\u00e9 ? <span class=\"wpforms-required-label\">*<\/span><\/label><ul id=\"wpforms-29269-field_52\" class=\"wpforms-field-required\"><li class=\"choice-1 depth-1\"><input type=\"radio\" id=\"wpforms-29269-field_52_1\" name=\"wpforms[fields][52]\" value=\"Oui\" required ><label class=\"wpforms-field-label-inline\" for=\"wpforms-29269-field_52_1\">Oui<\/label><\/li><li class=\"choice-2 depth-1\"><input type=\"radio\" id=\"wpforms-29269-field_52_2\" name=\"wpforms[fields][52]\" value=\"Non\" required ><label class=\"wpforms-field-label-inline\" for=\"wpforms-29269-field_52_2\">Non<\/label><\/li><\/ul><\/div><div id=\"wpforms-29269-field_48-container\" class=\"wpforms-field wpforms-field-textarea\" data-field-id=\"48\"><label class=\"wpforms-field-label\" for=\"wpforms-29269-field_48\">Remarques compl\u00e9mentaries<\/label><textarea id=\"wpforms-29269-field_48\" class=\"wpforms-field-medium\" name=\"wpforms[fields][48]\" placeholder=\"Saisissez les remarques compl\u00e9mentaires\" ><\/textarea><\/div><div id=\"wpforms-29269-field_49-container\" class=\"wpforms-field wpforms-field-pagebreak\" data-field-id=\"49\"><div class=\"wpforms-clear wpforms-pagebreak-split\"><button class=\"wpforms-page-button wpforms-page-prev\" data-action=\"prev\" data-page=\"2\" data-formid=\"29269\" disabled>Pr\u00e9c\u00e9dent<\/button><button class=\"wpforms-page-button wpforms-page-next\" data-action=\"next\" data-page=\"2\" data-formid=\"29269\" disabled>Continuer<\/button><\/div><\/div><\/div><div class=\"wpforms-page wpforms-page-3 last \" style=\"display:none;\"><div id=\"wpforms-29269-field_50-container\" class=\"wpforms-field wpforms-field-entry-preview\" data-field-id=\"50\"><div class=\"wpforms-entry-preview-updating-message\">Updating preview\u2026<\/div><div class=\"wpforms-entry-preview-notice\" style=\"display: none;\"><strong>Voici le r\u00e9capitulatif de votre d\u00e9claration de sinistre. Elle n'a pas encore \u00e9t\u00e9 soumise !<\/strong><br \/>\r\nPrenez le temps de v\u00e9rifier toutes les informations. Vous pouvez si n\u00e9cessaire revenir en arri\u00e8re pour les modifier.<\/div><div class=\"wpforms-entry-preview-wrapper\" style=\"display: none;\"><\/div><\/div><div id=\"wpforms-29269-field_9-container\" class=\"wpforms-field wpforms-field-pagebreak\" data-field-id=\"9\"><div class=\"wpforms-clear wpforms-pagebreak-split\"><button class=\"wpforms-page-button wpforms-page-prev\" data-action=\"prev\" data-page=\"3\" data-formid=\"29269\" disabled>Pr\u00e9c\u00e9dent<\/button><\/div><\/div><\/div><\/div><div class=\"wpforms-recaptcha-container wpforms-is-recaptcha\" style=\"display:none;\"><div class=\"g-recaptcha\" data-sitekey=\"6LfYVBglAAAAAKUaZobt5f_ATrUQ1m-dqEAWhUXx\"><\/div><input type=\"text\" name=\"g-recaptcha-hidden\" class=\"wpforms-recaptcha-hidden\" style=\"position:absolute!important;clip:rect(0,0,0,0)!important;height:1px!important;width:1px!important;border:0!important;overflow:hidden!important;padding:0!important;margin:0!important;\" required><\/div><div class=\"wpforms-submit-container\" style=\"display:none;\"><input type=\"hidden\" name=\"wpforms[id]\" value=\"29269\"><input type=\"hidden\" name=\"wpforms[author]\" value=\"1\"><button type=\"submit\" name=\"wpforms[submit]\" id=\"wpforms-submit-29269\" class=\"wpforms-submit\" data-alt-text=\"Envoi...\" data-submit-text=\"Envoyer votre d\u00e9claration\" aria-live=\"assertive\" value=\"wpforms-submit\">Envoyer votre d\u00e9claration<\/button><img decoding=\"async\" src=\"https:\/\/afgassurancescomores.com\/wp-content\/plugins\/wpforms\/assets\/images\/submit-spin.svg\" class=\"wpforms-submit-spinner\" style=\"display: none;\" width=\"26\" height=\"26\" alt=\"\"><\/div><\/form><\/div>  <!-- .wpforms-container -->\t\t\t\t<\/div>\n\t\t\t\t<\/div>\n\t\t\t\t\t<\/div>\n\t\t<\/div>\n\t\t\t\t\t<\/div>\n\t\t<\/section>\n\t\t\t\t<\/div>\n\t\t","protected":false},"excerpt":{"rendered":"<p>D\u00e9clarer un sinistre habitation<\/p>\n","protected":false},"author":1,"featured_media":0,"parent":0,"menu_order":0,"comment_status":"closed","ping_status":"closed","template":"elementor_header_footer","meta":{"_acf_changed":false,"footnotes":""},"class_list":["post-29309","page","type-page","status-publish","hentry"],"acf":[],"_links":{"self":[{"href":"https:\/\/afgassurancescomores.com\/en\/wp-json\/wp\/v2\/pages\/29309","targetHints":{"allow":["GET"]}}],"collection":[{"href":"https:\/\/afgassurancescomores.com\/en\/wp-json\/wp\/v2\/pages"}],"about":[{"href":"https:\/\/afgassurancescomores.com\/en\/wp-json\/wp\/v2\/types\/page"}],"author":[{"embeddable":true,"href":"https:\/\/afgassurancescomores.com\/en\/wp-json\/wp\/v2\/users\/1"}],"replies":[{"embeddable":true,"href":"https:\/\/afgassurancescomores.com\/en\/wp-json\/wp\/v2\/comments?post=29309"}],"version-history":[{"count":32,"href":"https:\/\/afgassurancescomores.com\/en\/wp-json\/wp\/v2\/pages\/29309\/revisions"}],"predecessor-version":[{"id":31811,"href":"https:\/\/afgassurancescomores.com\/en\/wp-json\/wp\/v2\/pages\/29309\/revisions\/31811"}],"wp:attachment":[{"href":"https:\/\/afgassurancescomores.com\/en\/wp-json\/wp\/v2\/media?parent=29309"}],"curies":[{"name":"wp","href":"https:\/\/api.w.org\/{rel}","templated":true}]}}