{"id":29419,"date":"2022-08-26T20:02:29","date_gmt":"2022-08-26T18:02:29","guid":{"rendered":"https:\/\/afgassurancescomores.com\/?page_id=29419"},"modified":"2024-06-11T03:44:00","modified_gmt":"2024-06-11T00:44:00","slug":"particuliers","status":"publish","type":"page","link":"https:\/\/afgassurancescomores.com\/en\/particuliers\/","title":{"rendered":"Particuliers"},"content":{"rendered":"\t\t<div data-elementor-type=\"wp-page\" data-elementor-id=\"29419\" class=\"elementor elementor-29419\" data-elementor-post-type=\"page\">\n\t\t\t\t\t\t<section class=\"elementor-section elementor-top-section elementor-element elementor-element-becaf27 elementor-section-height-min-height elementor-section-boxed elementor-section-height-default elementor-section-items-middle\" data-id=\"becaf27\" data-element_type=\"section\" data-e-type=\"section\" data-settings=\"{&quot;background_background&quot;:&quot;classic&quot;}\">\n\t\t\t\t\t\t<div class=\"elementor-container elementor-column-gap-default\">\n\t\t\t\t\t<div class=\"elementor-column elementor-col-100 elementor-top-column elementor-element elementor-element-d16236e\" data-id=\"d16236e\" data-element_type=\"column\" data-e-type=\"column\">\n\t\t\t<div class=\"elementor-widget-wrap elementor-element-populated\">\n\t\t\t\t\t\t<div class=\"elementor-element elementor-element-b89a0b9 elementor-widget elementor-widget-heading\" data-id=\"b89a0b9\" data-element_type=\"widget\" data-e-type=\"widget\" data-widget_type=\"heading.default\">\n\t\t\t\t<div class=\"elementor-widget-container\">\n\t\t\t\t\t<h1 class=\"elementor-heading-title elementor-size-xxl\">Particuliers<\/h1>\t\t\t\t<\/div>\n\t\t\t\t<\/div>\n\t\t\t\t\t<\/div>\n\t\t<\/div>\n\t\t\t\t\t<\/div>\n\t\t<\/section>\n\t\t\t\t<section class=\"elementor-section elementor-top-section elementor-element elementor-element-cd837d4 elementor-section-boxed elementor-section-height-default elementor-section-height-default\" data-id=\"cd837d4\" data-element_type=\"section\" data-e-type=\"section\">\n\t\t\t\t\t\t<div class=\"elementor-container elementor-column-gap-default\">\n\t\t\t\t\t<div class=\"elementor-column elementor-col-100 elementor-top-column elementor-element elementor-element-fee6661\" data-id=\"fee6661\" data-element_type=\"column\" data-e-type=\"column\">\n\t\t\t<div class=\"elementor-widget-wrap elementor-element-populated\">\n\t\t\t\t\t\t<div class=\"elementor-element elementor-element-304d8ab elementor-widget elementor-widget-spacer\" data-id=\"304d8ab\" data-element_type=\"widget\" data-e-type=\"widget\" data-widget_type=\"spacer.default\">\n\t\t\t\t<div class=\"elementor-widget-container\">\n\t\t\t\t\t\t\t<div class=\"elementor-spacer\">\n\t\t\t<div class=\"elementor-spacer-inner\"><\/div>\n\t\t<\/div>\n\t\t\t\t\t\t<\/div>\n\t\t\t\t<\/div>\n\t\t\t\t\t<\/div>\n\t\t<\/div>\n\t\t\t\t\t<\/div>\n\t\t<\/section>\n\t\t\t\t<section class=\"elementor-section elementor-top-section elementor-element elementor-element-4242230 elementor-section-boxed elementor-section-height-default elementor-section-height-default\" data-id=\"4242230\" data-element_type=\"section\" data-e-type=\"section\">\n\t\t\t\t\t\t<div class=\"elementor-container elementor-column-gap-default\">\n\t\t\t\t\t<div class=\"elementor-column elementor-col-50 elementor-top-column elementor-element elementor-element-2b98985\" data-id=\"2b98985\" data-element_type=\"column\" data-e-type=\"column\">\n\t\t\t<div class=\"elementor-widget-wrap elementor-element-populated\">\n\t\t\t\t\t\t<div class=\"elementor-element elementor-element-5f867e6 elementor-widget elementor-widget-image\" data-id=\"5f867e6\" data-element_type=\"widget\" data-e-type=\"widget\" data-widget_type=\"image.default\">\n\t\t\t\t<div class=\"elementor-widget-container\">\n\t\t\t\t\t\t\t\t\t\t\t\t\t\t\t\t<a href=\"https:\/\/afgassurancescomores.com\/assurer-mes-biens\/\">\n\t\t\t\t\t\t\t<img fetchpriority=\"high\" decoding=\"async\" width=\"1024\" height=\"683\" src=\"https:\/\/afgassurancescomores.com\/wp-content\/uploads\/2022\/11\/afgassur-quote-auto-intro-1024x683.jpg\" class=\"attachment-large size-large wp-image-30891\" alt=\"\" srcset=\"https:\/\/afgassurancescomores.com\/wp-content\/uploads\/2022\/11\/afgassur-quote-auto-intro-1024x683.jpg 1024w, https:\/\/afgassurancescomores.com\/wp-content\/uploads\/2022\/11\/afgassur-quote-auto-intro-300x200.jpg 300w, https:\/\/afgassurancescomores.com\/wp-content\/uploads\/2022\/11\/afgassur-quote-auto-intro-768x512.jpg 768w, https:\/\/afgassurancescomores.com\/wp-content\/uploads\/2022\/11\/afgassur-quote-auto-intro-1536x1024.jpg 1536w, https:\/\/afgassurancescomores.com\/wp-content\/uploads\/2022\/11\/afgassur-quote-auto-intro-2048x1365.jpg 2048w\" sizes=\"(max-width: 1024px) 100vw, 1024px\" \/>\t\t\t\t\t\t\t\t<\/a>\n\t\t\t\t\t\t\t\t\t\t\t\t\t\t\t<\/div>\n\t\t\t\t<\/div>\n\t\t\t\t\t<\/div>\n\t\t<\/div>\n\t\t\t\t<div class=\"elementor-column elementor-col-50 elementor-top-column elementor-element elementor-element-ec43233\" data-id=\"ec43233\" data-element_type=\"column\" data-e-type=\"column\">\n\t\t\t<div class=\"elementor-widget-wrap elementor-element-populated\">\n\t\t\t\t\t\t<div class=\"elementor-element elementor-element-1103cf4 elementor-widget elementor-widget-heading\" data-id=\"1103cf4\" data-element_type=\"widget\" data-e-type=\"widget\" data-widget_type=\"heading.default\">\n\t\t\t\t<div class=\"elementor-widget-container\">\n\t\t\t\t\t<h4 class=\"elementor-heading-title elementor-size-default\">Assurer mes biens<\/h4>\t\t\t\t<\/div>\n\t\t\t\t<\/div>\n\t\t\t\t<div class=\"elementor-element elementor-element-2f74aba elementor-widget elementor-widget-text-editor\" data-id=\"2f74aba\" data-element_type=\"widget\" data-e-type=\"widget\" data-widget_type=\"text-editor.default\">\n\t\t\t\t<div class=\"elementor-widget-container\">\n\t\t\t\t\t\t\t\t\t<ul><li><p>Assurance Auto\/Moto<\/p><\/li><li><p>Assurance Multirisque Habitation<\/p><\/li><li><p>Assurance V\u00e9hicule de plaisance<\/p><\/li><\/ul>\t\t\t\t\t\t\t\t<\/div>\n\t\t\t\t<\/div>\n\t\t\t\t<div class=\"elementor-element elementor-element-06f2e87 elementor-position-inline-start elementor-view-stacked elementor-shape-square elementor-mobile-position-block-start elementor-widget elementor-widget-icon-box\" data-id=\"06f2e87\" data-element_type=\"widget\" data-e-type=\"widget\" data-widget_type=\"icon-box.default\">\n\t\t\t\t<div class=\"elementor-widget-container\">\n\t\t\t\t\t\t\t<div class=\"elementor-icon-box-wrapper\">\n\n\t\t\t\t\t\t<div class=\"elementor-icon-box-icon\">\n\t\t\t\t<a href=\"https:\/\/afgassurancescomores.com\/assurer-mes-biens\/\" class=\"elementor-icon\" tabindex=\"-1\" aria-label=\"VOIR LES D\u00c9TAILS\">\n\t\t\t\t<i aria-hidden=\"true\" class=\"fas fa-arrow-right\"><\/i>\t\t\t\t<\/a>\n\t\t\t<\/div>\n\t\t\t\n\t\t\t\t\t\t<div class=\"elementor-icon-box-content\">\n\n\t\t\t\t\t\t\t\t\t<div class=\"elementor-icon-box-title\">\n\t\t\t\t\t\t<a href=\"https:\/\/afgassurancescomores.com\/assurer-mes-biens\/\" >\n\t\t\t\t\t\t\tVOIR LES D\u00c9TAILS\t\t\t\t\t\t<\/a>\n\t\t\t\t\t<\/div>\n\t\t\t\t\n\t\t\t\t\n\t\t\t<\/div>\n\t\t\t\n\t\t<\/div>\n\t\t\t\t\t\t<\/div>\n\t\t\t\t<\/div>\n\t\t\t\t\t<\/div>\n\t\t<\/div>\n\t\t\t\t\t<\/div>\n\t\t<\/section>\n\t\t\t\t<section class=\"elementor-section elementor-top-section elementor-element elementor-element-41fd110 elementor-section-boxed elementor-section-height-default elementor-section-height-default\" data-id=\"41fd110\" data-element_type=\"section\" data-e-type=\"section\">\n\t\t\t\t\t\t<div class=\"elementor-container elementor-column-gap-default\">\n\t\t\t\t\t<div class=\"elementor-column elementor-col-50 elementor-top-column elementor-element elementor-element-afd0de2\" data-id=\"afd0de2\" data-element_type=\"column\" data-e-type=\"column\">\n\t\t\t<div class=\"elementor-widget-wrap elementor-element-populated\">\n\t\t\t\t\t\t<div class=\"elementor-element elementor-element-0b35d40 elementor-widget elementor-widget-heading\" data-id=\"0b35d40\" data-element_type=\"widget\" data-e-type=\"widget\" data-widget_type=\"heading.default\">\n\t\t\t\t<div class=\"elementor-widget-container\">\n\t\t\t\t\t<h4 class=\"elementor-heading-title elementor-size-default\">Prot\u00e9ger mes proches et moi-m\u00eame<\/h4>\t\t\t\t<\/div>\n\t\t\t\t<\/div>\n\t\t\t\t<div class=\"elementor-element elementor-element-1e7a7b1 elementor-widget elementor-widget-text-editor\" data-id=\"1e7a7b1\" data-element_type=\"widget\" data-e-type=\"widget\" data-widget_type=\"text-editor.default\">\n\t\t\t\t<div class=\"elementor-widget-container\">\n\t\t\t\t\t\t\t\t\t<ul><li><p>Individuelle Accident<\/p><\/li><li><p>Assurance Voyage\u00a0<\/p><\/li><li><p>Assurance Scolaire\u00a0<\/p><\/li><li><p>Assurance Responsabilit\u00e9 Civile Chef de famille\u00a0<\/p><\/li><\/ul>\t\t\t\t\t\t\t\t<\/div>\n\t\t\t\t<\/div>\n\t\t\t\t<div class=\"elementor-element elementor-element-a309c73 elementor-position-inline-start elementor-view-stacked elementor-shape-square elementor-mobile-position-block-start elementor-widget elementor-widget-icon-box\" data-id=\"a309c73\" data-element_type=\"widget\" data-e-type=\"widget\" data-widget_type=\"icon-box.default\">\n\t\t\t\t<div class=\"elementor-widget-container\">\n\t\t\t\t\t\t\t<div class=\"elementor-icon-box-wrapper\">\n\n\t\t\t\t\t\t<div class=\"elementor-icon-box-icon\">\n\t\t\t\t<a href=\"https:\/\/afgassurancescomores.com\/proteger-mes-proches-et-moi-meme\/\" class=\"elementor-icon\" tabindex=\"-1\" aria-label=\"VOIR LES D\u00c9TAILS\">\n\t\t\t\t<i aria-hidden=\"true\" class=\"fas fa-arrow-right\"><\/i>\t\t\t\t<\/a>\n\t\t\t<\/div>\n\t\t\t\n\t\t\t\t\t\t<div class=\"elementor-icon-box-content\">\n\n\t\t\t\t\t\t\t\t\t<div class=\"elementor-icon-box-title\">\n\t\t\t\t\t\t<a href=\"https:\/\/afgassurancescomores.com\/proteger-mes-proches-et-moi-meme\/\" >\n\t\t\t\t\t\t\tVOIR LES D\u00c9TAILS\t\t\t\t\t\t<\/a>\n\t\t\t\t\t<\/div>\n\t\t\t\t\n\t\t\t\t\n\t\t\t<\/div>\n\t\t\t\n\t\t<\/div>\n\t\t\t\t\t\t<\/div>\n\t\t\t\t<\/div>\n\t\t\t\t\t<\/div>\n\t\t<\/div>\n\t\t\t\t<div class=\"elementor-column elementor-col-50 elementor-top-column elementor-element elementor-element-08cd63c\" data-id=\"08cd63c\" data-element_type=\"column\" data-e-type=\"column\">\n\t\t\t<div class=\"elementor-widget-wrap elementor-element-populated\">\n\t\t\t\t\t\t<div class=\"elementor-element elementor-element-ea67bd4 elementor-widget elementor-widget-image\" data-id=\"ea67bd4\" data-element_type=\"widget\" data-e-type=\"widget\" data-widget_type=\"image.default\">\n\t\t\t\t<div class=\"elementor-widget-container\">\n\t\t\t\t\t\t\t\t\t\t\t\t\t\t\t\t<a href=\"https:\/\/afgassurancescomores.com\/proteger-mes-proches-et-moi-meme\/\">\n\t\t\t\t\t\t\t<img decoding=\"async\" width=\"1024\" height=\"683\" src=\"https:\/\/afgassurancescomores.com\/wp-content\/uploads\/2022\/11\/afgassur-rc-chef-famille-intro-1024x683.jpg\" class=\"attachment-large size-large wp-image-30757\" alt=\"\" srcset=\"https:\/\/afgassurancescomores.com\/wp-content\/uploads\/2022\/11\/afgassur-rc-chef-famille-intro-1024x683.jpg 1024w, https:\/\/afgassurancescomores.com\/wp-content\/uploads\/2022\/11\/afgassur-rc-chef-famille-intro-300x200.jpg 300w, https:\/\/afgassurancescomores.com\/wp-content\/uploads\/2022\/11\/afgassur-rc-chef-famille-intro-768x512.jpg 768w, https:\/\/afgassurancescomores.com\/wp-content\/uploads\/2022\/11\/afgassur-rc-chef-famille-intro-1536x1024.jpg 1536w, https:\/\/afgassurancescomores.com\/wp-content\/uploads\/2022\/11\/afgassur-rc-chef-famille-intro-2048x1365.jpg 2048w\" sizes=\"(max-width: 1024px) 100vw, 1024px\" \/>\t\t\t\t\t\t\t\t<\/a>\n\t\t\t\t\t\t\t\t\t\t\t\t\t\t\t<\/div>\n\t\t\t\t<\/div>\n\t\t\t\t\t<\/div>\n\t\t<\/div>\n\t\t\t\t\t<\/div>\n\t\t<\/section>\n\t\t\t\t<section class=\"elementor-section elementor-top-section elementor-element elementor-element-00d8b74 elementor-section-boxed elementor-section-height-default elementor-section-height-default\" data-id=\"00d8b74\" data-element_type=\"section\" data-e-type=\"section\">\n\t\t\t\t\t\t<div class=\"elementor-container elementor-column-gap-default\">\n\t\t\t\t\t<div class=\"elementor-column elementor-col-50 elementor-top-column elementor-element elementor-element-56d026b\" data-id=\"56d026b\" data-element_type=\"column\" data-e-type=\"column\">\n\t\t\t<div class=\"elementor-widget-wrap elementor-element-populated\">\n\t\t\t\t\t\t<div class=\"elementor-element elementor-element-4eaa163 elementor-widget elementor-widget-image\" data-id=\"4eaa163\" data-element_type=\"widget\" data-e-type=\"widget\" data-widget_type=\"image.default\">\n\t\t\t\t<div class=\"elementor-widget-container\">\n\t\t\t\t\t\t\t\t\t\t\t\t\t\t\t\t<a href=\"https:\/\/afgassurancescomores.com\/epargne-et-retraite\/\">\n\t\t\t\t\t\t\t<img decoding=\"async\" width=\"1024\" height=\"683\" src=\"https:\/\/afgassurancescomores.com\/wp-content\/uploads\/2022\/11\/afgassur-epargne-retraite-intro-1024x683.jpg\" class=\"attachment-large size-large wp-image-30998\" alt=\"\" srcset=\"https:\/\/afgassurancescomores.com\/wp-content\/uploads\/2022\/11\/afgassur-epargne-retraite-intro-1024x683.jpg 1024w, https:\/\/afgassurancescomores.com\/wp-content\/uploads\/2022\/11\/afgassur-epargne-retraite-intro-300x200.jpg 300w, https:\/\/afgassurancescomores.com\/wp-content\/uploads\/2022\/11\/afgassur-epargne-retraite-intro-768x512.jpg 768w, https:\/\/afgassurancescomores.com\/wp-content\/uploads\/2022\/11\/afgassur-epargne-retraite-intro-1536x1024.jpg 1536w, https:\/\/afgassurancescomores.com\/wp-content\/uploads\/2022\/11\/afgassur-epargne-retraite-intro-2048x1365.jpg 2048w\" sizes=\"(max-width: 1024px) 100vw, 1024px\" \/>\t\t\t\t\t\t\t\t<\/a>\n\t\t\t\t\t\t\t\t\t\t\t\t\t\t\t<\/div>\n\t\t\t\t<\/div>\n\t\t\t\t\t<\/div>\n\t\t<\/div>\n\t\t\t\t<div class=\"elementor-column elementor-col-50 elementor-top-column elementor-element elementor-element-bc23e9d\" data-id=\"bc23e9d\" data-element_type=\"column\" data-e-type=\"column\">\n\t\t\t<div class=\"elementor-widget-wrap elementor-element-populated\">\n\t\t\t\t\t\t<div class=\"elementor-element elementor-element-89d08a5 elementor-widget elementor-widget-heading\" data-id=\"89d08a5\" data-element_type=\"widget\" data-e-type=\"widget\" data-widget_type=\"heading.default\">\n\t\t\t\t<div class=\"elementor-widget-container\">\n\t\t\t\t\t<h4 class=\"elementor-heading-title elementor-size-default\">\u00c9pargne et Retraite <\/h4>\t\t\t\t<\/div>\n\t\t\t\t<\/div>\n\t\t\t\t<div class=\"elementor-element elementor-element-5a0b176 elementor-widget elementor-widget-text-editor\" data-id=\"5a0b176\" data-element_type=\"widget\" data-e-type=\"widget\" data-widget_type=\"text-editor.default\">\n\t\t\t\t<div class=\"elementor-widget-container\">\n\t\t\t\t\t\t\t\t\t<ul><li><p>Retraite Individuelle\u00a0<\/p><\/li><li><p>Assurance \u00c9tudes\u00a0<\/p><\/li><li><p>Pr\u00e9voyance\u00a0<\/p><\/li><li><p>Plan \u00c9pargne Machouli<\/p><\/li><\/ul>\t\t\t\t\t\t\t\t<\/div>\n\t\t\t\t<\/div>\n\t\t\t\t<div class=\"elementor-element elementor-element-3ef93fd elementor-position-inline-start elementor-view-stacked elementor-shape-square elementor-mobile-position-block-start elementor-widget elementor-widget-icon-box\" data-id=\"3ef93fd\" data-element_type=\"widget\" data-e-type=\"widget\" data-widget_type=\"icon-box.default\">\n\t\t\t\t<div class=\"elementor-widget-container\">\n\t\t\t\t\t\t\t<div class=\"elementor-icon-box-wrapper\">\n\n\t\t\t\t\t\t<div class=\"elementor-icon-box-icon\">\n\t\t\t\t<a href=\"https:\/\/afgassurancescomores.com\/epargne-et-retraite\/\" class=\"elementor-icon\" tabindex=\"-1\" aria-label=\"VOIR LES D\u00c9TAILS\">\n\t\t\t\t<i aria-hidden=\"true\" class=\"fas fa-arrow-right\"><\/i>\t\t\t\t<\/a>\n\t\t\t<\/div>\n\t\t\t\n\t\t\t\t\t\t<div class=\"elementor-icon-box-content\">\n\n\t\t\t\t\t\t\t\t\t<div class=\"elementor-icon-box-title\">\n\t\t\t\t\t\t<a href=\"https:\/\/afgassurancescomores.com\/epargne-et-retraite\/\" >\n\t\t\t\t\t\t\tVOIR LES D\u00c9TAILS\t\t\t\t\t\t<\/a>\n\t\t\t\t\t<\/div>\n\t\t\t\t\n\t\t\t\t\n\t\t\t<\/div>\n\t\t\t\n\t\t<\/div>\n\t\t\t\t\t\t<\/div>\n\t\t\t\t<\/div>\n\t\t\t\t\t<\/div>\n\t\t<\/div>\n\t\t\t\t\t<\/div>\n\t\t<\/section>\n\t\t\t\t<\/div>\n\t\t","protected":false},"excerpt":{"rendered":"<p>Particuliers Assurer mes biens Assurance Auto\/Moto Assurance Multirisque Habitation Assurance V\u00e9hicule de plaisance VOIR LES D\u00c9TAILS Prot\u00e9ger mes proches et moi-m\u00eame Individuelle Accident Assurance Voyage\u00a0 Assurance Scolaire\u00a0 Assurance Responsabilit\u00e9 Civile Chef de famille\u00a0 VOIR LES D\u00c9TAILS \u00c9pargne et Retraite Retraite Individuelle\u00a0 Assurance \u00c9tudes\u00a0 Pr\u00e9voyance\u00a0 Plan \u00c9pargne Machouli VOIR LES D\u00c9TAILS<\/p>\n","protected":false},"author":1,"featured_media":0,"parent":0,"menu_order":0,"comment_status":"closed","ping_status":"closed","template":"elementor_header_footer","meta":{"_acf_changed":false,"footnotes":""},"class_list":["post-29419","page","type-page","status-publish","hentry"],"acf":[],"_links":{"self":[{"href":"https:\/\/afgassurancescomores.com\/en\/wp-json\/wp\/v2\/pages\/29419","targetHints":{"allow":["GET"]}}],"collection":[{"href":"https:\/\/afgassurancescomores.com\/en\/wp-json\/wp\/v2\/pages"}],"about":[{"href":"https:\/\/afgassurancescomores.com\/en\/wp-json\/wp\/v2\/types\/page"}],"author":[{"embeddable":true,"href":"https:\/\/afgassurancescomores.com\/en\/wp-json\/wp\/v2\/users\/1"}],"replies":[{"embeddable":true,"href":"https:\/\/afgassurancescomores.com\/en\/wp-json\/wp\/v2\/comments?post=29419"}],"version-history":[{"count":52,"href":"https:\/\/afgassurancescomores.com\/en\/wp-json\/wp\/v2\/pages\/29419\/revisions"}],"predecessor-version":[{"id":31830,"href":"https:\/\/afgassurancescomores.com\/en\/wp-json\/wp\/v2\/pages\/29419\/revisions\/31830"}],"wp:attachment":[{"href":"https:\/\/afgassurancescomores.com\/en\/wp-json\/wp\/v2\/media?parent=29419"}],"curies":[{"name":"wp","href":"https:\/\/api.w.org\/{rel}","templated":true}]}}