{"id":30387,"date":"2022-09-02T12:14:38","date_gmt":"2022-09-02T10:14:38","guid":{"rendered":"https:\/\/afgassurancescomores.com\/?page_id=30387"},"modified":"2024-06-11T01:18:31","modified_gmt":"2024-06-10T22:18:31","slug":"parcours-accident-voiture","status":"publish","type":"page","link":"https:\/\/afgassurancescomores.com\/en\/parcours-accident-voiture\/","title":{"rendered":"Parcours accident voiture"},"content":{"rendered":"\t\t<div data-elementor-type=\"wp-page\" data-elementor-id=\"30387\" class=\"elementor elementor-30387\" data-elementor-post-type=\"page\">\n\t\t\t\t\t\t<section class=\"elementor-section elementor-top-section elementor-element elementor-element-f6c2f0c elementor-section-height-min-height   elementor-section-content-top elementor-section-boxed elementor-section-height-default elementor-section-items-middle\" data-id=\"f6c2f0c\" data-element_type=\"section\" data-e-type=\"section\" data-settings=\"{&quot;background_background&quot;:&quot;classic&quot;}\">\n\t\t\t\t\t\t<div class=\"elementor-container elementor-column-gap-no\">\n\t\t\t\t\t<div class=\"elementor-column elementor-col-100 elementor-top-column elementor-element elementor-element-aef21c4\" data-id=\"aef21c4\" data-element_type=\"column\" data-e-type=\"column\">\n\t\t\t<div class=\"elementor-widget-wrap elementor-element-populated\">\n\t\t\t\t\t\t<div class=\"elementor-element elementor-element-f1e6a15 elementor-widget elementor-widget-heading\" data-id=\"f1e6a15\" data-element_type=\"widget\" data-e-type=\"widget\" data-widget_type=\"heading.default\">\n\t\t\t\t<div class=\"elementor-widget-container\">\n\t\t\t\t\t<h1 class=\"elementor-heading-title elementor-size-default\">J'ai eu un accident avec mon v\u00e9hicule<\/h1>\t\t\t\t<\/div>\n\t\t\t\t<\/div>\n\t\t\t\t\t<\/div>\n\t\t<\/div>\n\t\t\t\t\t<\/div>\n\t\t<\/section>\n\t\t\t\t<section class=\"elementor-section elementor-top-section elementor-element elementor-element-3df0228 elementor-section-boxed elementor-section-height-default elementor-section-height-default\" data-id=\"3df0228\" data-element_type=\"section\" data-e-type=\"section\">\n\t\t\t\t\t\t<div class=\"elementor-container elementor-column-gap-default\">\n\t\t\t\t\t<div class=\"elementor-column elementor-col-100 elementor-top-column elementor-element elementor-element-a129dae\" data-id=\"a129dae\" data-element_type=\"column\" data-e-type=\"column\">\n\t\t\t<div class=\"elementor-widget-wrap elementor-element-populated\">\n\t\t\t\t\t\t<div class=\"elementor-element elementor-element-8348fa3 elementor-widget elementor-widget-spacer\" data-id=\"8348fa3\" data-element_type=\"widget\" data-e-type=\"widget\" data-widget_type=\"spacer.default\">\n\t\t\t\t<div class=\"elementor-widget-container\">\n\t\t\t\t\t\t\t<div class=\"elementor-spacer\">\n\t\t\t<div class=\"elementor-spacer-inner\"><\/div>\n\t\t<\/div>\n\t\t\t\t\t\t<\/div>\n\t\t\t\t<\/div>\n\t\t\t\t<div class=\"elementor-element elementor-element-522c0ae elementor-widget elementor-widget-heading\" data-id=\"522c0ae\" data-element_type=\"widget\" data-e-type=\"widget\" data-widget_type=\"heading.default\">\n\t\t\t\t<div class=\"elementor-widget-container\">\n\t\t\t\t\t<h2 class=\"elementor-heading-title elementor-size-default\">Comment AFG ASSUR m'accompagne ?<\/h2>\t\t\t\t<\/div>\n\t\t\t\t<\/div>\n\t\t\t\t<div class=\"elementor-element elementor-element-5254203 elementor-widget elementor-widget-spacer\" data-id=\"5254203\" data-element_type=\"widget\" data-e-type=\"widget\" data-widget_type=\"spacer.default\">\n\t\t\t\t<div class=\"elementor-widget-container\">\n\t\t\t\t\t\t\t<div class=\"elementor-spacer\">\n\t\t\t<div class=\"elementor-spacer-inner\"><\/div>\n\t\t<\/div>\n\t\t\t\t\t\t<\/div>\n\t\t\t\t<\/div>\n\t\t\t\t<div class=\"elementor-element elementor-element-a335496 elementor-position-inline-start elementor-view-default elementor-mobile-position-block-start elementor-widget elementor-widget-icon-box\" data-id=\"a335496\" data-element_type=\"widget\" data-e-type=\"widget\" data-widget_type=\"icon-box.default\">\n\t\t\t\t<div class=\"elementor-widget-container\">\n\t\t\t\t\t\t\t<div class=\"elementor-icon-box-wrapper\">\n\n\t\t\t\t\t\t<div class=\"elementor-icon-box-icon\">\n\t\t\t\t<span  class=\"elementor-icon\">\n\t\t\t\t<i aria-hidden=\"true\" class=\"far fa-check-square\"><\/i>\t\t\t\t<\/span>\n\t\t\t<\/div>\n\t\t\t\n\t\t\t\t\t\t<div class=\"elementor-icon-box-content\">\n\n\t\t\t\t\t\t\t\t\t<h3 class=\"elementor-icon-box-title\">\n\t\t\t\t\t\t<span  >\n\t\t\t\t\t\t\tEn formule tous risques, vous \u00eates couvert. En formule au tiers, si vous n'\u00eates pas responsable de l'accident, nous effectuons les d\u00e9marches pour que l'assureur du responsable vous indemnise.\t\t\t\t\t\t<\/span>\n\t\t\t\t\t<\/h3>\n\t\t\t\t\n\t\t\t\t\n\t\t\t<\/div>\n\t\t\t\n\t\t<\/div>\n\t\t\t\t\t\t<\/div>\n\t\t\t\t<\/div>\n\t\t\t\t<div class=\"elementor-element elementor-element-829571e elementor-position-inline-start elementor-view-default elementor-mobile-position-block-start elementor-widget elementor-widget-icon-box\" data-id=\"829571e\" data-element_type=\"widget\" data-e-type=\"widget\" data-widget_type=\"icon-box.default\">\n\t\t\t\t<div class=\"elementor-widget-container\">\n\t\t\t\t\t\t\t<div class=\"elementor-icon-box-wrapper\">\n\n\t\t\t\t\t\t<div class=\"elementor-icon-box-icon\">\n\t\t\t\t<span  class=\"elementor-icon\">\n\t\t\t\t<i aria-hidden=\"true\" class=\"far fa-check-square\"><\/i>\t\t\t\t<\/span>\n\t\t\t<\/div>\n\t\t\t\n\t\t\t\t\t\t<div class=\"elementor-icon-box-content\">\n\n\t\t\t\t\t\t\t\t\t<h3 class=\"elementor-icon-box-title\">\n\t\t\t\t\t\t<span  >\n\t\t\t\t\t\t\tPour conna\u00eetre le d\u00e9tail de votre formule et vos options \u00e9ventuelles, vous pouvez vous reporter \u00e0 votre contrat ou nous contacter.\t\t\t\t\t\t<\/span>\n\t\t\t\t\t<\/h3>\n\t\t\t\t\n\t\t\t\t\n\t\t\t<\/div>\n\t\t\t\n\t\t<\/div>\n\t\t\t\t\t\t<\/div>\n\t\t\t\t<\/div>\n\t\t\t\t<div class=\"elementor-element elementor-element-a4521fa elementor-position-inline-start elementor-view-default elementor-mobile-position-block-start elementor-widget elementor-widget-icon-box\" data-id=\"a4521fa\" data-element_type=\"widget\" data-e-type=\"widget\" data-widget_type=\"icon-box.default\">\n\t\t\t\t<div class=\"elementor-widget-container\">\n\t\t\t\t\t\t\t<div class=\"elementor-icon-box-wrapper\">\n\n\t\t\t\t\t\t<div class=\"elementor-icon-box-icon\">\n\t\t\t\t<span  class=\"elementor-icon\">\n\t\t\t\t<i aria-hidden=\"true\" class=\"far fa-check-square\"><\/i>\t\t\t\t<\/span>\n\t\t\t<\/div>\n\t\t\t\n\t\t\t\t\t\t<div class=\"elementor-icon-box-content\">\n\n\t\t\t\t\t\t\t\t\t<h3 class=\"elementor-icon-box-title\">\n\t\t\t\t\t\t<span  >\n\t\t\t\t\t\t\tNous vous assistons dans toutes les phases : rapatriement si n\u00e9cessaire, v\u00e9hicule de pr\u00eat si souscrit, relation avec les intervenants techniques\u2026\t\t\t\t\t\t<\/span>\n\t\t\t\t\t<\/h3>\n\t\t\t\t\n\t\t\t\t\n\t\t\t<\/div>\n\t\t\t\n\t\t<\/div>\n\t\t\t\t\t\t<\/div>\n\t\t\t\t<\/div>\n\t\t\t\t\t<\/div>\n\t\t<\/div>\n\t\t\t\t\t<\/div>\n\t\t<\/section>\n\t\t\t\t<section class=\"elementor-section elementor-top-section elementor-element elementor-element-ebe3a07 elementor-section-boxed elementor-section-height-default elementor-section-height-default\" data-id=\"ebe3a07\" data-element_type=\"section\" data-e-type=\"section\">\n\t\t\t\t\t\t<div class=\"elementor-container elementor-column-gap-default\">\n\t\t\t\t\t<div class=\"elementor-column elementor-col-100 elementor-top-column elementor-element elementor-element-d2ac5da\" data-id=\"d2ac5da\" data-element_type=\"column\" data-e-type=\"column\">\n\t\t\t<div class=\"elementor-widget-wrap elementor-element-populated\">\n\t\t\t\t\t\t<div class=\"elementor-element elementor-element-b04c871 elementor-widget elementor-widget-spacer\" data-id=\"b04c871\" data-element_type=\"widget\" data-e-type=\"widget\" data-widget_type=\"spacer.default\">\n\t\t\t\t<div class=\"elementor-widget-container\">\n\t\t\t\t\t\t\t<div class=\"elementor-spacer\">\n\t\t\t<div class=\"elementor-spacer-inner\"><\/div>\n\t\t<\/div>\n\t\t\t\t\t\t<\/div>\n\t\t\t\t<\/div>\n\t\t\t\t<div class=\"elementor-element elementor-element-bc368fb elementor-widget elementor-widget-heading\" data-id=\"bc368fb\" data-element_type=\"widget\" data-e-type=\"widget\" data-widget_type=\"heading.default\">\n\t\t\t\t<div class=\"elementor-widget-container\">\n\t\t\t\t\t<h2 class=\"elementor-heading-title elementor-size-default\">Ce que je dois faire ...<\/h2>\t\t\t\t<\/div>\n\t\t\t\t<\/div>\n\t\t\t\t\t<\/div>\n\t\t<\/div>\n\t\t\t\t\t<\/div>\n\t\t<\/section>\n\t\t\t\t<section class=\"elementor-section elementor-top-section elementor-element elementor-element-506ca5a elementor-section-boxed elementor-section-height-default elementor-section-height-default\" data-id=\"506ca5a\" data-element_type=\"section\" data-e-type=\"section\">\n\t\t\t\t\t\t<div class=\"elementor-container elementor-column-gap-default\">\n\t\t\t\t\t<div class=\"elementor-column elementor-col-100 elementor-top-column elementor-element elementor-element-bd15158\" data-id=\"bd15158\" data-element_type=\"column\" data-e-type=\"column\">\n\t\t\t<div class=\"elementor-widget-wrap elementor-element-populated\">\n\t\t\t\t\t\t<div class=\"elementor-element elementor-element-85e551c elementor-widget elementor-widget-html\" data-id=\"85e551c\" data-element_type=\"widget\" data-e-type=\"widget\" data-widget_type=\"html.default\">\n\t\t\t\t<div class=\"elementor-widget-container\">\n\t\t\t\t\t<script> \njQuery(document).ready(function($) { \nvar delay = 100; setTimeout(function() { \n$('.elementor-tab-title').removeClass('elementor-active');\n $('.elementor-tab-content').css('display', 'none'); }, delay); \n}); \n<\/script>\n\n\n\t\t\t\t<\/div>\n\t\t\t\t<\/div>\n\t\t\t\t<div class=\"elementor-element elementor-element-01b43dd elementor-widget elementor-widget-accordion\" data-id=\"01b43dd\" data-element_type=\"widget\" data-e-type=\"widget\" data-widget_type=\"accordion.default\">\n\t\t\t\t<div class=\"elementor-widget-container\">\n\t\t\t\t\t\t\t<div class=\"elementor-accordion\">\n\t\t\t\t\t\t\t<div class=\"elementor-accordion-item\">\n\t\t\t\t\t<h4 id=\"elementor-tab-title-1781\" class=\"elementor-tab-title\" data-tab=\"1\" role=\"button\" aria-controls=\"elementor-tab-content-1781\" aria-expanded=\"false\">\n\t\t\t\t\t\t\t\t\t\t\t\t\t<span class=\"elementor-accordion-icon elementor-accordion-icon-right\" aria-hidden=\"true\">\n\t\t\t\t\t\t\t\t\t\t\t\t\t\t\t<span class=\"elementor-accordion-icon-closed\"><i class=\"fas fa-chevron-down\"><\/i><\/span>\n\t\t\t\t\t\t\t\t<span class=\"elementor-accordion-icon-opened\"><i class=\"fas fa-chevron-up\"><\/i><\/span>\n\t\t\t\t\t\t\t\t\t\t\t\t\t\t<\/span>\n\t\t\t\t\t\t\t\t\t\t\t\t<a class=\"elementor-accordion-title\" tabindex=\"0\">1 - Remplir le constat amiable automobile<\/a>\n\t\t\t\t\t<\/h4>\n\t\t\t\t\t<div id=\"elementor-tab-content-1781\" class=\"elementor-tab-content elementor-clearfix\" data-tab=\"1\" role=\"region\" aria-labelledby=\"elementor-tab-title-1781\"><ul class=\"check-list univers\"><li style=\"text-align: justify;\">Compl\u00e9tez le constat amiable que vous pouvez nous demander en ligne ou en venant dans une de nos agences. Vous le recevrez par voie postale.<\/li><li style=\"text-align: justify;\">Que vous soyez la cause ou la victime de l&rsquo;accident, ce document est indispensable.<\/li><li style=\"text-align: justify;\">Si vous avez eu l&rsquo;accident seul, le constat vous aide malgr\u00e9 tout \u00e0 pr\u00e9ciser et m\u00e9moriser les circonstances du sinistre.<\/li><\/ul><p style=\"text-align: justify;\"><strong>Ce qui se passe ensuite\u2026<br \/><\/strong><strong style=\"font-style: inherit; font-family: var( --e-global-typography-text-font-family ), Sans-serif;\"><span style=\"color: #225a90;\">AFG ASSUR COMORES<\/span><\/strong><span style=\"font-style: inherit; font-weight: inherit; font-family: var( --e-global-typography-text-font-family ), Sans-serif;\"> utilisera ce document pour compl\u00e9ter votre dossier, d\u00e9terminer les responsabilit\u00e9s et mettre en place le recours \u00e0 l&rsquo;encontre du responsable.<\/span><\/p><\/div>\n\t\t\t\t<\/div>\n\t\t\t\t\t\t\t\t<\/div>\n\t\t\t\t\t\t<\/div>\n\t\t\t\t<\/div>\n\t\t\t\t\t<\/div>\n\t\t<\/div>\n\t\t\t\t\t<\/div>\n\t\t<\/section>\n\t\t\t\t<section class=\"elementor-section elementor-top-section elementor-element elementor-element-4fee987 elementor-section-boxed elementor-section-height-default elementor-section-height-default\" data-id=\"4fee987\" data-element_type=\"section\" data-e-type=\"section\">\n\t\t\t\t\t\t<div class=\"elementor-container elementor-column-gap-default\">\n\t\t\t\t\t<div class=\"elementor-column elementor-col-100 elementor-top-column elementor-element elementor-element-f287a64\" data-id=\"f287a64\" data-element_type=\"column\" data-e-type=\"column\">\n\t\t\t<div class=\"elementor-widget-wrap elementor-element-populated\">\n\t\t\t\t\t\t<div class=\"elementor-element elementor-element-9db51c4 elementor-widget elementor-widget-accordion\" data-id=\"9db51c4\" data-element_type=\"widget\" data-e-type=\"widget\" data-widget_type=\"accordion.default\">\n\t\t\t\t<div class=\"elementor-widget-container\">\n\t\t\t\t\t\t\t<div class=\"elementor-accordion\">\n\t\t\t\t\t\t\t<div class=\"elementor-accordion-item\">\n\t\t\t\t\t<h4 id=\"elementor-tab-title-1651\" class=\"elementor-tab-title\" data-tab=\"1\" role=\"button\" aria-controls=\"elementor-tab-content-1651\" aria-expanded=\"false\">\n\t\t\t\t\t\t\t\t\t\t\t\t\t<span class=\"elementor-accordion-icon elementor-accordion-icon-right\" aria-hidden=\"true\">\n\t\t\t\t\t\t\t\t\t\t\t\t\t\t\t<span class=\"elementor-accordion-icon-closed\"><i class=\"fas fa-chevron-down\"><\/i><\/span>\n\t\t\t\t\t\t\t\t<span class=\"elementor-accordion-icon-opened\"><i class=\"fas fa-chevron-up\"><\/i><\/span>\n\t\t\t\t\t\t\t\t\t\t\t\t\t\t<\/span>\n\t\t\t\t\t\t\t\t\t\t\t\t<a class=\"elementor-accordion-title\" tabindex=\"0\">2 - D\u00e9clarer le sinistre \u00e0 AFG ASSUR COMORES<\/a>\n\t\t\t\t\t<\/h4>\n\t\t\t\t\t<div id=\"elementor-tab-content-1651\" class=\"elementor-tab-content elementor-clearfix\" data-tab=\"1\" role=\"region\" aria-labelledby=\"elementor-tab-title-1651\"><p><span style=\"color: #e52a21;\"><strong>Dans un d\u00e9lai de <span style=\"text-decoration: underline;\">5 jours<\/span> maximum :<\/strong><\/span><\/p><ul class=\"check-list univers\"><li>Vous pouvez effectuer la d\u00e9claration en ligne en cliquant <a href=\"https:\/\/afgassurancescomores.com\/declarer-un-sinistre-auto\/\">ici<\/a>.<\/li><li>Rendez-vous dans n&rsquo;importe quelle agence AFG ASSUR.<\/li><li>Vous pouvez aussi d\u00e9clarer votre sinistre par t\u00e9l\u00e9phone au (+269) 320 12 34 du lundi au vendredi de 8h30 \u00e0 18h15 et le samedi de 8h \u00e0 17h30.<\/li><\/ul><div class=\"mod description\"><p><strong>Ce qui se passe ensuite\u2026<br \/><\/strong><span style=\"font-weight: bold; text-align: justify;\"><span style=\"color: #225a90;\">AFG ASSUR COMORES<\/span><\/span> vous communique une r\u00e9f\u00e9rence de dossier.<\/p><\/div><\/div>\n\t\t\t\t<\/div>\n\t\t\t\t\t\t\t\t<\/div>\n\t\t\t\t\t\t<\/div>\n\t\t\t\t<\/div>\n\t\t\t\t\t<\/div>\n\t\t<\/div>\n\t\t\t\t\t<\/div>\n\t\t<\/section>\n\t\t\t\t<section class=\"elementor-section elementor-top-section elementor-element elementor-element-f05dce7 elementor-section-boxed elementor-section-height-default elementor-section-height-default\" data-id=\"f05dce7\" data-element_type=\"section\" data-e-type=\"section\">\n\t\t\t\t\t\t<div class=\"elementor-container elementor-column-gap-default\">\n\t\t\t\t\t<div class=\"elementor-column elementor-col-100 elementor-top-column elementor-element elementor-element-33da306\" data-id=\"33da306\" data-element_type=\"column\" data-e-type=\"column\">\n\t\t\t<div class=\"elementor-widget-wrap elementor-element-populated\">\n\t\t\t\t\t\t<div class=\"elementor-element elementor-element-7ce3e77 elementor-widget elementor-widget-accordion\" data-id=\"7ce3e77\" data-element_type=\"widget\" data-e-type=\"widget\" data-widget_type=\"accordion.default\">\n\t\t\t\t<div class=\"elementor-widget-container\">\n\t\t\t\t\t\t\t<div class=\"elementor-accordion\">\n\t\t\t\t\t\t\t<div class=\"elementor-accordion-item\">\n\t\t\t\t\t<h4 id=\"elementor-tab-title-1301\" class=\"elementor-tab-title\" data-tab=\"1\" role=\"button\" aria-controls=\"elementor-tab-content-1301\" aria-expanded=\"false\">\n\t\t\t\t\t\t\t\t\t\t\t\t\t<span class=\"elementor-accordion-icon elementor-accordion-icon-right\" aria-hidden=\"true\">\n\t\t\t\t\t\t\t\t\t\t\t\t\t\t\t<span class=\"elementor-accordion-icon-closed\"><i class=\"fas fa-chevron-down\"><\/i><\/span>\n\t\t\t\t\t\t\t\t<span class=\"elementor-accordion-icon-opened\"><i class=\"fas fa-chevron-up\"><\/i><\/span>\n\t\t\t\t\t\t\t\t\t\t\t\t\t\t<\/span>\n\t\t\t\t\t\t\t\t\t\t\t\t<a class=\"elementor-accordion-title\" tabindex=\"0\">3 - AFG ASSUR COMORES g\u00e8re mon sinistre<\/a>\n\t\t\t\t\t<\/h4>\n\t\t\t\t\t<div id=\"elementor-tab-content-1301\" class=\"elementor-tab-content elementor-clearfix\" data-tab=\"1\" role=\"region\" aria-labelledby=\"elementor-tab-title-1301\"><p><span style=\"color: #e52a21;\"><strong>Dans un d\u00e9lai de <span style=\"text-decoration: underline;\">8 \u00e0 30 jours<\/span>\u00a0:<\/strong><\/span><\/p><div><ul><li><span style=\"color: #225a90; font-weight: bold; text-align: justify;\">AFG ASSUR COMORES<\/span>\u00a0missionne un\u00a0expert\u00a0qui examine les photos ou se rend chez le r\u00e9parateur.<\/li><li>L&rsquo;expert analyse les d\u00e9g\u00e2ts et \u00e9tablit un rapport qu&rsquo;il transmet \u00e0 votre conseiller\u00a0<span style=\"color: #225a90; font-weight: bold; text-align: justify;\">AFG ASSUR COMORES<\/span>. Il peut aussi vous l&rsquo;envoyer si vous le souhaitez.<\/li><li>Le gestionnaire d\u00e9termine les diff\u00e9rents modes d&rsquo;indemnisation.<\/li><\/ul><\/div><\/div>\n\t\t\t\t<\/div>\n\t\t\t\t\t\t\t\t\t\t<script type=\"application\/ld+json\">{\"@context\":\"https:\\\/\\\/schema.org\",\"@type\":\"FAQPage\",\"mainEntity\":[{\"@type\":\"Question\",\"name\":\"3 - AFG ASSUR COMORES g\\u00e8re mon sinistre\",\"acceptedAnswer\":{\"@type\":\"Answer\",\"text\":\"<p><span style=\\\"color: #e52a21;\\\"><strong>Dans un d\\u00e9lai de <span style=\\\"text-decoration: underline;\\\">8 \\u00e0 30 jours<\\\/span>\\u00a0:<\\\/strong><\\\/span><\\\/p><div><ul><li><span style=\\\"color: #225a90; font-weight: bold; text-align: justify;\\\">AFG ASSUR COMORES<\\\/span>\\u00a0missionne un\\u00a0expert\\u00a0qui examine les photos ou se rend chez le r\\u00e9parateur.<\\\/li><li>L&rsquo;expert analyse les d\\u00e9g\\u00e2ts et \\u00e9tablit un rapport qu&rsquo;il transmet \\u00e0 votre conseiller\\u00a0<span style=\\\"color: #225a90; font-weight: bold; text-align: justify;\\\">AFG ASSUR COMORES<\\\/span>. Il peut aussi vous l&rsquo;envoyer si vous le souhaitez.<\\\/li><li>Le gestionnaire d\\u00e9termine les diff\\u00e9rents modes d&rsquo;indemnisation.<\\\/li><\\\/ul><\\\/div>\"}}]}<\/script>\n\t\t\t\t\t<\/div>\n\t\t\t\t\t\t<\/div>\n\t\t\t\t<\/div>\n\t\t\t\t\t<\/div>\n\t\t<\/div>\n\t\t\t\t\t<\/div>\n\t\t<\/section>\n\t\t\t\t<section class=\"elementor-section elementor-top-section elementor-element elementor-element-892bbac elementor-section-boxed elementor-section-height-default elementor-section-height-default\" data-id=\"892bbac\" data-element_type=\"section\" data-e-type=\"section\">\n\t\t\t\t\t\t<div class=\"elementor-container elementor-column-gap-default\">\n\t\t\t\t\t<div class=\"elementor-column elementor-col-100 elementor-top-column elementor-element elementor-element-ba1f694\" data-id=\"ba1f694\" data-element_type=\"column\" data-e-type=\"column\">\n\t\t\t<div class=\"elementor-widget-wrap elementor-element-populated\">\n\t\t\t\t\t\t<div class=\"elementor-element elementor-element-53a728c elementor-widget elementor-widget-accordion\" data-id=\"53a728c\" data-element_type=\"widget\" data-e-type=\"widget\" data-widget_type=\"accordion.default\">\n\t\t\t\t<div class=\"elementor-widget-container\">\n\t\t\t\t\t\t\t<div class=\"elementor-accordion\">\n\t\t\t\t\t\t\t<div class=\"elementor-accordion-item\">\n\t\t\t\t\t<h4 id=\"elementor-tab-title-8771\" class=\"elementor-tab-title\" data-tab=\"1\" role=\"button\" aria-controls=\"elementor-tab-content-8771\" aria-expanded=\"false\">\n\t\t\t\t\t\t\t\t\t\t\t\t\t<span class=\"elementor-accordion-icon elementor-accordion-icon-right\" aria-hidden=\"true\">\n\t\t\t\t\t\t\t\t\t\t\t\t\t\t\t<span class=\"elementor-accordion-icon-closed\"><i class=\"fas fa-chevron-down\"><\/i><\/span>\n\t\t\t\t\t\t\t\t<span class=\"elementor-accordion-icon-opened\"><i class=\"fas fa-chevron-up\"><\/i><\/span>\n\t\t\t\t\t\t\t\t\t\t\t\t\t\t<\/span>\n\t\t\t\t\t\t\t\t\t\t\t\t<a class=\"elementor-accordion-title\" tabindex=\"0\">4 - AFG ASSUR COMORES m'indemnise<\/a>\n\t\t\t\t\t<\/h4>\n\t\t\t\t\t<div id=\"elementor-tab-content-8771\" class=\"elementor-tab-content elementor-clearfix\" data-tab=\"1\" role=\"region\" aria-labelledby=\"elementor-tab-title-8771\"><p><span style=\"color: #e52a21;\"><strong>Dans un d\u00e9lai <span style=\"text-decoration: underline;\">de 1 \u00e0 3 mois<\/span> :<\/strong><\/span><\/p><ul class=\"check-list univers\"><li>L&rsquo;indemnisation varie en fonction de votre couverture contractuelle.<\/li><\/ul><div class=\"mod description\"><p><strong>Si le v\u00e9hicule est d\u00e9clar\u00e9 r\u00e9parable\u2026<\/strong><\/p><ul><li>Si vous \u00eates pass\u00e9 par un r\u00e9parateur partenaire, vous ne payez que la franchise.<\/li><li>Si votre r\u00e9parateur n&rsquo;\u00e9tait pas partenaire, vous lui avez r\u00e9gl\u00e9 la facture : <span style=\"color: #225a90;\"><strong>AFG ASSUR COMORES<\/strong><\/span> vous rembourse, d\u00e9duction faite de la franchise.<\/li><\/ul><\/div><div class=\"mod description\"><p><strong>Si le v\u00e9hicule est d\u00e9clar\u00e9 irr\u00e9parable\u2026<\/strong><\/p><ul><li>Vous pouvez r\u00e9cup\u00e9rer le v\u00e9hicule ou laisser <strong><span style=\"color: #225a90;\">AFG ASSUR COMORES<\/span><\/strong> s&rsquo;en occuper.<\/li><li>La franchise est d\u00e9duite de l&rsquo;indemnisation sauf si vous n&rsquo;\u00eates pas responsable de l&rsquo;accident et que celui-ci est connu.<\/li><\/ul><\/div><\/div>\n\t\t\t\t<\/div>\n\t\t\t\t\t\t\t\t<\/div>\n\t\t\t\t\t\t<\/div>\n\t\t\t\t<\/div>\n\t\t\t\t<div class=\"elementor-element elementor-element-4bc18fd elementor-widget elementor-widget-spacer\" data-id=\"4bc18fd\" data-element_type=\"widget\" data-e-type=\"widget\" data-widget_type=\"spacer.default\">\n\t\t\t\t<div class=\"elementor-widget-container\">\n\t\t\t\t\t\t\t<div class=\"elementor-spacer\">\n\t\t\t<div class=\"elementor-spacer-inner\"><\/div>\n\t\t<\/div>\n\t\t\t\t\t\t<\/div>\n\t\t\t\t<\/div>\n\t\t\t\t\t<\/div>\n\t\t<\/div>\n\t\t\t\t\t<\/div>\n\t\t<\/section>\n\t\t\t\t<\/div>\n\t\t","protected":false},"excerpt":{"rendered":"<p>J&#8217;ai eu un accident avec mon v\u00e9hicule Comment AFG ASSUR m&#8217;accompagne ? En formule tous risques, vous \u00eates couvert. En formule au tiers, si vous n&#8217;\u00eates pas responsable de l&#8217;accident, nous effectuons les d\u00e9marches pour que l&#8217;assureur du responsable vous indemnise. Pour conna\u00eetre le d\u00e9tail de votre formule et vos options \u00e9ventuelles, vous pouvez vous [&hellip;]<\/p>\n","protected":false},"author":1,"featured_media":0,"parent":0,"menu_order":0,"comment_status":"closed","ping_status":"closed","template":"elementor_header_footer","meta":{"_acf_changed":false,"footnotes":""},"class_list":["post-30387","page","type-page","status-publish","hentry"],"acf":[],"_links":{"self":[{"href":"https:\/\/afgassurancescomores.com\/en\/wp-json\/wp\/v2\/pages\/30387","targetHints":{"allow":["GET"]}}],"collection":[{"href":"https:\/\/afgassurancescomores.com\/en\/wp-json\/wp\/v2\/pages"}],"about":[{"href":"https:\/\/afgassurancescomores.com\/en\/wp-json\/wp\/v2\/types\/page"}],"author":[{"embeddable":true,"href":"https:\/\/afgassurancescomores.com\/en\/wp-json\/wp\/v2\/users\/1"}],"replies":[{"embeddable":true,"href":"https:\/\/afgassurancescomores.com\/en\/wp-json\/wp\/v2\/comments?post=30387"}],"version-history":[{"count":7,"href":"https:\/\/afgassurancescomores.com\/en\/wp-json\/wp\/v2\/pages\/30387\/revisions"}],"predecessor-version":[{"id":30397,"href":"https:\/\/afgassurancescomores.com\/en\/wp-json\/wp\/v2\/pages\/30387\/revisions\/30397"}],"wp:attachment":[{"href":"https:\/\/afgassurancescomores.com\/en\/wp-json\/wp\/v2\/media?parent=30387"}],"curies":[{"name":"wp","href":"https:\/\/api.w.org\/{rel}","templated":true}]}}