{"id":30513,"date":"2022-09-03T00:18:04","date_gmt":"2022-09-02T22:18:04","guid":{"rendered":"https:\/\/afgassurancescomores.com\/?page_id=30513"},"modified":"2025-12-15T19:48:18","modified_gmt":"2025-12-15T16:48:18","slug":"responsabilite-civile-professionnelle","status":"publish","type":"page","link":"https:\/\/afgassurancescomores.com\/en\/responsabilite-civile-professionnelle\/","title":{"rendered":"Responsabilit\u00e9 civile professionnelle"},"content":{"rendered":"\t\t<div data-elementor-type=\"wp-page\" data-elementor-id=\"30513\" class=\"elementor elementor-30513\" data-elementor-post-type=\"page\">\n\t\t\t\t\t\t<section class=\"elementor-section elementor-top-section elementor-element elementor-element-1d0847f elementor-section-height-min-height elementor-section-items-stretch elementor-section-boxed elementor-section-height-default\" data-id=\"1d0847f\" data-element_type=\"section\" data-e-type=\"section\" data-settings=\"{&quot;background_background&quot;:&quot;classic&quot;}\">\n\t\t\t\t\t\t\t<div class=\"elementor-background-overlay\"><\/div>\n\t\t\t\t\t\t\t<div class=\"elementor-container elementor-column-gap-default\">\n\t\t\t\t\t<div class=\"elementor-column elementor-col-100 elementor-top-column elementor-element elementor-element-5f81047\" data-id=\"5f81047\" data-element_type=\"column\" data-e-type=\"column\">\n\t\t\t<div class=\"elementor-widget-wrap elementor-element-populated\">\n\t\t\t\t\t\t<div class=\"elementor-element elementor-element-9511e5f elementor-widget elementor-widget-heading\" data-id=\"9511e5f\" data-element_type=\"widget\" data-e-type=\"widget\" data-widget_type=\"heading.default\">\n\t\t\t\t<div class=\"elementor-widget-container\">\n\t\t\t\t\t<h1 class=\"elementor-heading-title elementor-size-xxl\">Responsabilit\u00e9 Civile Professionnelle\n<\/h1>\t\t\t\t<\/div>\n\t\t\t\t<\/div>\n\t\t\t\t\t<\/div>\n\t\t<\/div>\n\t\t\t\t\t<\/div>\n\t\t<\/section>\n\t\t\t\t<section class=\"elementor-section elementor-top-section elementor-element elementor-element-9936c97 elementor-section-boxed elementor-section-height-default elementor-section-height-default\" data-id=\"9936c97\" data-element_type=\"section\" data-e-type=\"section\">\n\t\t\t\t\t\t<div class=\"elementor-container elementor-column-gap-default\">\n\t\t\t\t\t<div class=\"elementor-column elementor-col-100 elementor-top-column elementor-element elementor-element-970c1d3\" data-id=\"970c1d3\" data-element_type=\"column\" data-e-type=\"column\">\n\t\t\t<div class=\"elementor-widget-wrap elementor-element-populated\">\n\t\t\t\t\t\t<div class=\"elementor-element elementor-element-2a9b944 elementor-widget elementor-widget-spacer\" data-id=\"2a9b944\" data-element_type=\"widget\" data-e-type=\"widget\" data-widget_type=\"spacer.default\">\n\t\t\t\t<div class=\"elementor-widget-container\">\n\t\t\t\t\t\t\t<div class=\"elementor-spacer\">\n\t\t\t<div class=\"elementor-spacer-inner\"><\/div>\n\t\t<\/div>\n\t\t\t\t\t\t<\/div>\n\t\t\t\t<\/div>\n\t\t\t\t<div class=\"elementor-element elementor-element-21141f3 elementor-widget elementor-widget-heading\" data-id=\"21141f3\" data-element_type=\"widget\" data-e-type=\"widget\" data-widget_type=\"heading.default\">\n\t\t\t\t<div class=\"elementor-widget-container\">\n\t\t\t\t\t<h2 class=\"elementor-heading-title elementor-size-default\">Responsabilit\u00e9 civile professionnelle<\/h2>\t\t\t\t<\/div>\n\t\t\t\t<\/div>\n\t\t\t\t<div class=\"elementor-element elementor-element-83d6ed1 elementor-widget elementor-widget-text-editor\" data-id=\"83d6ed1\" data-element_type=\"widget\" data-e-type=\"widget\" data-widget_type=\"text-editor.default\">\n\t\t\t\t<div class=\"elementor-widget-container\">\n\t\t\t\t\t\t\t\t\t<div class=\"text\"><div class=\"l-grid__column-medium-10 offset-medium-1\"><div class=\"c-copy u-text-hyphen-manual \" style=\"text-align: justify;\">L\u2019assurance responsabilit\u00e9\u00a0civile professionnelle couvre un large panel de risques encourus par l\u2019entreprise et les dommages qui sont les cons\u00e9quences directes ou indirectes de son activit\u00e9 professionnelle. Elle prot\u00e8ge celle-ci en cas de sinistre ou de dommage qui engagent sa responsabilit\u00e9 suite \u00e0 ses activit\u00e9s courantes et par le biais de ses salari\u00e9s.<\/div><\/div><\/div>\t\t\t\t\t\t\t\t<\/div>\n\t\t\t\t<\/div>\n\t\t\t\t<div class=\"elementor-element elementor-element-9026937 elementor-widget elementor-widget-accordion\" data-id=\"9026937\" data-element_type=\"widget\" data-e-type=\"widget\" data-widget_type=\"accordion.default\">\n\t\t\t\t<div class=\"elementor-widget-container\">\n\t\t\t\t\t\t\t<div class=\"elementor-accordion\">\n\t\t\t\t\t\t\t<div class=\"elementor-accordion-item\">\n\t\t\t\t\t<div id=\"elementor-tab-title-1511\" class=\"elementor-tab-title\" data-tab=\"1\" role=\"button\" aria-controls=\"elementor-tab-content-1511\" aria-expanded=\"false\">\n\t\t\t\t\t\t\t\t\t\t\t\t\t<span class=\"elementor-accordion-icon elementor-accordion-icon-left\" aria-hidden=\"true\">\n\t\t\t\t\t\t\t\t\t\t\t\t\t\t\t<span class=\"elementor-accordion-icon-closed\"><i class=\"fas fa-plus\"><\/i><\/span>\n\t\t\t\t\t\t\t\t<span class=\"elementor-accordion-icon-opened\"><i class=\"fas fa-minus\"><\/i><\/span>\n\t\t\t\t\t\t\t\t\t\t\t\t\t\t<\/span>\n\t\t\t\t\t\t\t\t\t\t\t\t<a class=\"elementor-accordion-title\" tabindex=\"0\">\u00c0 qui est destin\u00e9e cette offre d\u2019assurance ?<\/a>\n\t\t\t\t\t<\/div>\n\t\t\t\t\t<div id=\"elementor-tab-content-1511\" class=\"elementor-tab-content elementor-clearfix\" data-tab=\"1\" role=\"region\" aria-labelledby=\"elementor-tab-title-1511\"><p>L\u2019assurance responsabilit\u00e9\u00a0civile professionnelle s\u2019adresse \u00e0 toutes les entreprises et les entrepreneurs dans le cadre de leurs activit\u00e9s d\u00e9clar\u00e9es. Elle offre une protection lorsque la responsabilit\u00e9 de l\u2019entreprise est engag\u00e9e.<\/p><\/div>\n\t\t\t\t<\/div>\n\t\t\t\t\t\t\t<div class=\"elementor-accordion-item\">\n\t\t\t\t\t<div id=\"elementor-tab-title-1512\" class=\"elementor-tab-title\" data-tab=\"2\" role=\"button\" aria-controls=\"elementor-tab-content-1512\" aria-expanded=\"false\">\n\t\t\t\t\t\t\t\t\t\t\t\t\t<span class=\"elementor-accordion-icon elementor-accordion-icon-left\" aria-hidden=\"true\">\n\t\t\t\t\t\t\t\t\t\t\t\t\t\t\t<span class=\"elementor-accordion-icon-closed\"><i class=\"fas fa-plus\"><\/i><\/span>\n\t\t\t\t\t\t\t\t<span class=\"elementor-accordion-icon-opened\"><i class=\"fas fa-minus\"><\/i><\/span>\n\t\t\t\t\t\t\t\t\t\t\t\t\t\t<\/span>\n\t\t\t\t\t\t\t\t\t\t\t\t<a class=\"elementor-accordion-title\" tabindex=\"0\">Quels sont les \u00e9v\u00e9nements couverts par cette offre d\u2019assurance ?<\/a>\n\t\t\t\t\t<\/div>\n\t\t\t\t\t<div id=\"elementor-tab-content-1512\" class=\"elementor-tab-content elementor-clearfix\" data-tab=\"2\" role=\"region\" aria-labelledby=\"elementor-tab-title-1512\"><ul><li class=\"c-list__item \"><div class=\"l-grid__column-medium-4\"><div class=\"c-text-column-flex c-text-col-ie\" align=\"center\"><div><div class=\"c-copy u-text-hyphen-manual\"><ul><li style=\"text-align: left;\">Le dommage corporel caus\u00e9 au tiers, au client ou \u00e0 l\u2019employ\u00e9 dans le cadre professionnel<\/li><li style=\"text-align: left;\">Le dommage mat\u00e9riel caus\u00e9 aux biens d\u2019un tiers, d\u2019un client ou d\u2019un employ\u00e9 dans le cadre professionnel<\/li><li style=\"text-align: left;\">Le dommage immat\u00e9riel et pr\u00e9judice caus\u00e9 au tiers, au client ou \u00e0 l\u2019employ\u00e9 dans le cadre professionnel<\/li><li style=\"text-align: left;\">Le manquement contractuel et ses cons\u00e9quences financi\u00e8res<\/li><li style=\"text-align: left;\">La diffamation ou l\u2019atteinte \u00e0 la vie priv\u00e9e<\/li><li style=\"text-align: left;\">La faute professionnelle par erreur ou omission<\/li><li style=\"text-align: left;\">La fourniture de produits d\u00e9fectueux ou non-conformes<\/li><li style=\"text-align: left;\">La violation des droits de propri\u00e9t\u00e9 intellectuelle<\/li><li style=\"text-align: left;\">La divulgation d\u2019informations confidentielles de tiers<\/li><li style=\"text-align: left;\">Le d\u00e9faut de performance ou de fonctionnement<\/li><li style=\"text-align: left;\">La faute intentionnelle<\/li><li style=\"text-align: left;\">La perte ou destruction de donn\u00e9es clients<\/li><\/ul><\/div><\/div><\/div><\/div><div class=\"l-grid__column-medium-4\"><div class=\"c-text-column-flex c-text-col-ie\" align=\"center\"><div class=\"c-copy u-text-hyphen-manual\">\u00a0<\/div><\/div><\/div><\/li><\/ul><\/div>\n\t\t\t\t<\/div>\n\t\t\t\t\t\t\t\t<\/div>\n\t\t\t\t\t\t<\/div>\n\t\t\t\t<\/div>\n\t\t\t\t\t<\/div>\n\t\t<\/div>\n\t\t\t\t\t<\/div>\n\t\t<\/section>\n\t\t\t\t<section class=\"elementor-section elementor-top-section elementor-element elementor-element-83cb7b0 elementor-section-boxed elementor-section-height-default elementor-section-height-default\" data-id=\"83cb7b0\" data-element_type=\"section\" data-e-type=\"section\">\n\t\t\t\t\t\t<div class=\"elementor-container elementor-column-gap-default\">\n\t\t\t\t\t<div class=\"elementor-column elementor-col-100 elementor-top-column elementor-element elementor-element-395b0c3\" data-id=\"395b0c3\" data-element_type=\"column\" data-e-type=\"column\">\n\t\t\t<div class=\"elementor-widget-wrap elementor-element-populated\">\n\t\t\t\t\t\t<div class=\"elementor-element elementor-element-a237343 elementor-widget elementor-widget-spacer\" data-id=\"a237343\" data-element_type=\"widget\" data-e-type=\"widget\" data-widget_type=\"spacer.default\">\n\t\t\t\t<div class=\"elementor-widget-container\">\n\t\t\t\t\t\t\t<div class=\"elementor-spacer\">\n\t\t\t<div class=\"elementor-spacer-inner\"><\/div>\n\t\t<\/div>\n\t\t\t\t\t\t<\/div>\n\t\t\t\t<\/div>\n\t\t\t\t\t<\/div>\n\t\t<\/div>\n\t\t\t\t\t<\/div>\n\t\t<\/section>\n\t\t\t\t<\/div>\n\t\t","protected":false},"excerpt":{"rendered":"<p>Responsabilit\u00e9 Civile Professionnelle Responsabilit\u00e9 civile professionnelle L\u2019assurance responsabilit\u00e9\u00a0civile professionnelle couvre un large panel de risques encourus par l\u2019entreprise et les dommages qui sont les cons\u00e9quences directes ou indirectes de son activit\u00e9 professionnelle. Elle prot\u00e8ge celle-ci en cas de sinistre ou de dommage qui engagent sa responsabilit\u00e9 suite \u00e0 ses activit\u00e9s courantes et par le biais [&hellip;]<\/p>\n","protected":false},"author":1,"featured_media":0,"parent":0,"menu_order":0,"comment_status":"closed","ping_status":"closed","template":"elementor_header_footer","meta":{"_acf_changed":false,"footnotes":""},"class_list":["post-30513","page","type-page","status-publish","hentry"],"acf":[],"_links":{"self":[{"href":"https:\/\/afgassurancescomores.com\/en\/wp-json\/wp\/v2\/pages\/30513","targetHints":{"allow":["GET"]}}],"collection":[{"href":"https:\/\/afgassurancescomores.com\/en\/wp-json\/wp\/v2\/pages"}],"about":[{"href":"https:\/\/afgassurancescomores.com\/en\/wp-json\/wp\/v2\/types\/page"}],"author":[{"embeddable":true,"href":"https:\/\/afgassurancescomores.com\/en\/wp-json\/wp\/v2\/users\/1"}],"replies":[{"embeddable":true,"href":"https:\/\/afgassurancescomores.com\/en\/wp-json\/wp\/v2\/comments?post=30513"}],"version-history":[{"count":25,"href":"https:\/\/afgassurancescomores.com\/en\/wp-json\/wp\/v2\/pages\/30513\/revisions"}],"predecessor-version":[{"id":32193,"href":"https:\/\/afgassurancescomores.com\/en\/wp-json\/wp\/v2\/pages\/30513\/revisions\/32193"}],"wp:attachment":[{"href":"https:\/\/afgassurancescomores.com\/en\/wp-json\/wp\/v2\/media?parent=30513"}],"curies":[{"name":"wp","href":"https:\/\/api.w.org\/{rel}","templated":true}]}}